{"id":3637,"date":"2024-08-16T10:34:38","date_gmt":"2024-08-16T10:34:38","guid":{"rendered":"https:\/\/www.promis.com.pl\/sklep\/?post_type=product&#038;p=3637"},"modified":"2024-08-16T10:34:39","modified_gmt":"2024-08-16T10:34:39","slug":"pr20-pudelko-ozdobne-typu-walizka","status":"publish","type":"product","link":"https:\/\/www.promis.com.pl\/sklep\/p\/pr20-pudelko-ozdobne-typu-walizka\/","title":{"rendered":"PR20 Pude\u0142ko ozdobne typu walizka"},"content":{"rendered":"<p>MATERIA\u0141:<br \/>\n\u25ba Tektura falista z fal\u0105 E 385 g\/m2 kaszerowana papierem ozdobnym<br \/>\n\u25ba Tektura falista 3-warstwowa z fal\u0105 E 385 g\/m2 kaszerowana papierem z zadrukiem offsetowym (full color)<br \/>\n\u25ba Tektura pr\u0105\u017ckowana (fala N) 4-warstwowa o gramaturze 485 g\/m2 w kolorze naturalnym lub bia\u0142ym<\/p>\n<p>WYMIARY:<br \/>\n\u25ba 350x270x100 mm<br \/>\nOPCJE DODATKOWE:<br \/>\n\u25ba wk\u0142adka tekturowa<\/p>\n","protected":false},"excerpt":{"rendered":"<p>Du\u017ce, praktyczne i eleganckie pude\u0142ko prezentowe z uchwytami z mocnej ta\u015bmy. Idealne do zapakowania tekstyli\u00f3w typu koc, po\u015bciel, obrus, bluza. Przy zastosowaniu wk\u0142adki tekturowej, kt\u00f3ra zapobiegnie przemieszczaniu si\u0119 przedmiot\u00f3w wewn\u0105trz pude\u0142ka, mo\u017cna w nie zapakowa\u0107 r\u00f3wnie\u017c inne produkty, np. 3 butelki wina lub dowolny zestaw prezentowy.<br \/>\nTransport w postaci p\u0142askiej, pude\u0142ka do samodzielnego z\u0142o\u017cenia (bez u\u017cycia kleju).<\/p>\n","protected":false},"featured_media":3642,"template":"","meta":{"_seopress_robots_primary_cat":""},"product_cat":[178],"product_tag":[],"k":[],"t-dlugosc":[],"t-szerokosc":[],"acf":[],"_links":{"self":[{"href":"https:\/\/www.promis.com.pl\/sklep\/wp-json\/wp\/v2\/product\/3637"}],"collection":[{"href":"https:\/\/www.promis.com.pl\/sklep\/wp-json\/wp\/v2\/product"}],"about":[{"href":"https:\/\/www.promis.com.pl\/sklep\/wp-json\/wp\/v2\/types\/product"}],"wp:featuredmedia":[{"embeddable":true,"href":"https:\/\/www.promis.com.pl\/sklep\/wp-json\/wp\/v2\/media\/3642"}],"wp:attachment":[{"href":"https:\/\/www.promis.com.pl\/sklep\/wp-json\/wp\/v2\/media?parent=3637"}],"wp:term":[{"taxonomy":"product_cat","embeddable":true,"href":"https:\/\/www.promis.com.pl\/sklep\/wp-json\/wp\/v2\/product_cat?post=3637"},{"taxonomy":"product_tag","embeddable":true,"href":"https:\/\/www.promis.com.pl\/sklep\/wp-json\/wp\/v2\/product_tag?post=3637"},{"taxonomy":"k","embeddable":true,"href":"https:\/\/www.promis.com.pl\/sklep\/wp-json\/wp\/v2\/k?post=3637"},{"taxonomy":"t-dlugosc","embeddable":true,"href":"https:\/\/www.promis.com.pl\/sklep\/wp-json\/wp\/v2\/t-dlugosc?post=3637"},{"taxonomy":"t-szerokosc","embeddable":true,"href":"https:\/\/www.promis.com.pl\/sklep\/wp-json\/wp\/v2\/t-szerokosc?post=3637"}],"curies":[{"name":"wp","href":"https:\/\/api.w.org\/{rel}","templated":true}]}}