{"id":3630,"date":"2024-08-16T10:32:14","date_gmt":"2024-08-16T10:32:14","guid":{"rendered":"https:\/\/www.promis.com.pl\/sklep\/?post_type=product&#038;p=3630"},"modified":"2024-08-16T10:32:14","modified_gmt":"2024-08-16T10:32:14","slug":"pr16-pudelko-ozdobne-walizka","status":"publish","type":"product","link":"https:\/\/www.promis.com.pl\/sklep\/p\/pr16-pudelko-ozdobne-walizka\/","title":{"rendered":"PR16 Pude\u0142ko ozdobne walizka"},"content":{"rendered":"<p>MATERIA\u0141:<br \/>\n\u25ba Tektura falista z fal\u0105 E 385 g\/m2 kaszerowana papierem ozdobnym<br \/>\n\u25ba Tektura falista 3-warstwowa z fal\u0105 E 385 g\/m2 kaszerowana papierem z zadrukiem offsetowym (full color)<br \/>\n\u25ba Tektura pr\u0105\u017ckowana (fala N) 4-warstwowa o gramaturze 485 g\/m2 w kolorze naturalnym lub bia\u0142ym<\/p>\n<p>WYMIARY:<br \/>\n\u25ba 400x300x115 mm<br \/>\nOPCJE DODATKOWE:<br \/>\n\u25ba wk\u0142adka tekturowa<\/p>\n","protected":false},"excerpt":{"rendered":"<p>Oryginalne pude\u0142ko prezentowe w kszta\u0142cie walizki z wygodnym uchwytem. Du\u017ce wymiary pozwol\u0105 zapakowa\u0107 w nie poka\u017any podarunek, ale to nie jedyne zastosowanie. Walizka mo\u017ce sprawdzi\u0107 si\u0119 r\u00f3wnie\u017c jako prezenter dla przedstawiciela handlowego, zw\u0142aszcza gdy umie\u015bci si\u0119 w niej odpowiedni\u0105 wk\u0142adk\u0119 tekturow\u0105 u\u0142atwiaj\u0105c\u0105 ekspozycj\u0119 pr\u00f3bek handlowych.<br \/>\nPude\u0142ka transportowane w ca\u0142o\u015bci (z\u0142o\u017cone i sklejone).<\/p>\n","protected":false},"featured_media":3635,"template":"","meta":{"_seopress_robots_primary_cat":""},"product_cat":[178],"product_tag":[],"k":[],"t-dlugosc":[],"t-szerokosc":[],"acf":[],"_links":{"self":[{"href":"https:\/\/www.promis.com.pl\/sklep\/wp-json\/wp\/v2\/product\/3630"}],"collection":[{"href":"https:\/\/www.promis.com.pl\/sklep\/wp-json\/wp\/v2\/product"}],"about":[{"href":"https:\/\/www.promis.com.pl\/sklep\/wp-json\/wp\/v2\/types\/product"}],"wp:featuredmedia":[{"embeddable":true,"href":"https:\/\/www.promis.com.pl\/sklep\/wp-json\/wp\/v2\/media\/3635"}],"wp:attachment":[{"href":"https:\/\/www.promis.com.pl\/sklep\/wp-json\/wp\/v2\/media?parent=3630"}],"wp:term":[{"taxonomy":"product_cat","embeddable":true,"href":"https:\/\/www.promis.com.pl\/sklep\/wp-json\/wp\/v2\/product_cat?post=3630"},{"taxonomy":"product_tag","embeddable":true,"href":"https:\/\/www.promis.com.pl\/sklep\/wp-json\/wp\/v2\/product_tag?post=3630"},{"taxonomy":"k","embeddable":true,"href":"https:\/\/www.promis.com.pl\/sklep\/wp-json\/wp\/v2\/k?post=3630"},{"taxonomy":"t-dlugosc","embeddable":true,"href":"https:\/\/www.promis.com.pl\/sklep\/wp-json\/wp\/v2\/t-dlugosc?post=3630"},{"taxonomy":"t-szerokosc","embeddable":true,"href":"https:\/\/www.promis.com.pl\/sklep\/wp-json\/wp\/v2\/t-szerokosc?post=3630"}],"curies":[{"name":"wp","href":"https:\/\/api.w.org\/{rel}","templated":true}]}}