{"id":3624,"date":"2024-08-16T10:29:28","date_gmt":"2024-08-16T10:29:28","guid":{"rendered":"https:\/\/www.promis.com.pl\/sklep\/?post_type=product&#038;p=3624"},"modified":"2024-08-16T10:29:29","modified_gmt":"2024-08-16T10:29:29","slug":"pr15-pudelko-ozdobne-z-uchwytami-ze-wstazki","status":"publish","type":"product","link":"https:\/\/www.promis.com.pl\/sklep\/p\/pr15-pudelko-ozdobne-z-uchwytami-ze-wstazki\/","title":{"rendered":"PR15 Pude\u0142ko ozdobne z uchwytami ze wst\u0105\u017cki"},"content":{"rendered":"<p>MATERIA\u0141:<br \/>\n\u25ba Tektura falista z fal\u0105 E 385 g\/m2 kaszerowana papierem ozdobnym<br \/>\n\u25ba Tektura falista 3-warstwowa z fal\u0105 E 385 g\/m2 kaszerowana papierem z zadrukiem offsetowym (full color)<br \/>\n\u25ba Tektura pr\u0105\u017ckowana (fala N) 4-warstwowa o gramaturze 485 g\/m2 w kolorze naturalnym lub bia\u0142ym<\/p>\n<p>OPCJE DODATKOWE:<br \/>\n\u25ba 280x280x250 mm<\/p>\n","protected":false},"excerpt":{"rendered":"<p>Propozycja dla Klient\u00f3w ceni\u0105cych sobie oryginalno\u015b\u0107 i\u2026 wygod\u0119. Du\u017ce, g\u0142\u0119bokie pud\u0142o, kt\u00f3re pomie\u015bci duuu\u017co prezent\u00f3w, a wst\u0105\u017cka satynowa, kt\u00f3ra pe\u0142ni rol\u0119 uchwytu nie tylko je zdobi, ale r\u00f3wnie\u017c u\u0142atwi prac\u0119 Gwiazdorowi.<br \/>\nTransport w postaci p\u0142askiej, pude\u0142ka do samodzielnego z\u0142o\u017cenia (bez u\u017cycia kleju).<\/p>\n","protected":false},"featured_media":3627,"template":"","meta":{"_seopress_robots_primary_cat":""},"product_cat":[178],"product_tag":[],"k":[],"t-dlugosc":[],"t-szerokosc":[],"acf":[],"_links":{"self":[{"href":"https:\/\/www.promis.com.pl\/sklep\/wp-json\/wp\/v2\/product\/3624"}],"collection":[{"href":"https:\/\/www.promis.com.pl\/sklep\/wp-json\/wp\/v2\/product"}],"about":[{"href":"https:\/\/www.promis.com.pl\/sklep\/wp-json\/wp\/v2\/types\/product"}],"wp:featuredmedia":[{"embeddable":true,"href":"https:\/\/www.promis.com.pl\/sklep\/wp-json\/wp\/v2\/media\/3627"}],"wp:attachment":[{"href":"https:\/\/www.promis.com.pl\/sklep\/wp-json\/wp\/v2\/media?parent=3624"}],"wp:term":[{"taxonomy":"product_cat","embeddable":true,"href":"https:\/\/www.promis.com.pl\/sklep\/wp-json\/wp\/v2\/product_cat?post=3624"},{"taxonomy":"product_tag","embeddable":true,"href":"https:\/\/www.promis.com.pl\/sklep\/wp-json\/wp\/v2\/product_tag?post=3624"},{"taxonomy":"k","embeddable":true,"href":"https:\/\/www.promis.com.pl\/sklep\/wp-json\/wp\/v2\/k?post=3624"},{"taxonomy":"t-dlugosc","embeddable":true,"href":"https:\/\/www.promis.com.pl\/sklep\/wp-json\/wp\/v2\/t-dlugosc?post=3624"},{"taxonomy":"t-szerokosc","embeddable":true,"href":"https:\/\/www.promis.com.pl\/sklep\/wp-json\/wp\/v2\/t-szerokosc?post=3624"}],"curies":[{"name":"wp","href":"https:\/\/api.w.org\/{rel}","templated":true}]}}