{"id":3617,"date":"2024-08-16T10:26:57","date_gmt":"2024-08-16T10:26:57","guid":{"rendered":"https:\/\/www.promis.com.pl\/sklep\/?post_type=product&#038;p=3617"},"modified":"2024-08-16T10:26:57","modified_gmt":"2024-08-16T10:26:57","slug":"pr14-pudelko-ozdobne-typu-klocek","status":"publish","type":"product","link":"https:\/\/www.promis.com.pl\/sklep\/p\/pr14-pudelko-ozdobne-typu-klocek\/","title":{"rendered":"PR14 Pude\u0142ko ozdobne typu \u201eklocek\u201d"},"content":{"rendered":"<p>Bardzo szeroki asortyment pude\u0142ek prezentowych przer\u00f3\u017cnych rozmiar\u00f3w o wszechstronnym zastosowaniu. Doskona\u0142e zar\u00f3wno jako opakowanie prezentu jak i dowolnego produktu przeznaczonego do sprzeda\u017cy.<br \/>\nTransport w postaci p\u0142askiej, pude\u0142ka do samodzielnego z\u0142o\u017cenia (bez u\u017cycia kleju).<\/p>\n<p>MATERIA\u0141:<br \/>\n\u25ba Tektura falista z fal\u0105 E 385 g\/m2 kaszerowana papierem ozdobnym<br \/>\n\u25ba Tektura falista 3-warstwowa z fal\u0105 E 385 g\/m2 kaszerowana papierem z zadrukiem offsetowym (full color)<br \/>\n\u25ba Tektura pr\u0105\u017ckowana (fala N) 4-warstwowa o gramaturze 485 g\/m2 w kolorze naturalnym lub bia\u0142ym<\/p>\n<p>OPCJE DODATKOWE:<br \/>\n\u25ba wk\u0142adka tekturowa<\/p>\n","protected":false},"excerpt":{"rendered":"<p>Bardzo szeroki asortyment pude\u0142ek prezentowych przer\u00f3\u017cnych rozmiar\u00f3w o wszechstronnym zastosowaniu. Doskona\u0142e zar\u00f3wno jako opakowanie prezentu jak i dowolnego produktu przeznaczonego do sprzeda\u017cy.<br \/>\nTransport w postaci p\u0142askiej, pude\u0142ka do samodzielnego z\u0142o\u017cenia (bez u\u017cycia kleju).<\/p>\n","protected":false},"featured_media":3621,"template":"","meta":{"_seopress_robots_primary_cat":""},"product_cat":[178],"product_tag":[],"k":[],"t-dlugosc":[],"t-szerokosc":[],"acf":[],"_links":{"self":[{"href":"https:\/\/www.promis.com.pl\/sklep\/wp-json\/wp\/v2\/product\/3617"}],"collection":[{"href":"https:\/\/www.promis.com.pl\/sklep\/wp-json\/wp\/v2\/product"}],"about":[{"href":"https:\/\/www.promis.com.pl\/sklep\/wp-json\/wp\/v2\/types\/product"}],"wp:featuredmedia":[{"embeddable":true,"href":"https:\/\/www.promis.com.pl\/sklep\/wp-json\/wp\/v2\/media\/3621"}],"wp:attachment":[{"href":"https:\/\/www.promis.com.pl\/sklep\/wp-json\/wp\/v2\/media?parent=3617"}],"wp:term":[{"taxonomy":"product_cat","embeddable":true,"href":"https:\/\/www.promis.com.pl\/sklep\/wp-json\/wp\/v2\/product_cat?post=3617"},{"taxonomy":"product_tag","embeddable":true,"href":"https:\/\/www.promis.com.pl\/sklep\/wp-json\/wp\/v2\/product_tag?post=3617"},{"taxonomy":"k","embeddable":true,"href":"https:\/\/www.promis.com.pl\/sklep\/wp-json\/wp\/v2\/k?post=3617"},{"taxonomy":"t-dlugosc","embeddable":true,"href":"https:\/\/www.promis.com.pl\/sklep\/wp-json\/wp\/v2\/t-dlugosc?post=3617"},{"taxonomy":"t-szerokosc","embeddable":true,"href":"https:\/\/www.promis.com.pl\/sklep\/wp-json\/wp\/v2\/t-szerokosc?post=3617"}],"curies":[{"name":"wp","href":"https:\/\/api.w.org\/{rel}","templated":true}]}}