{"id":3606,"date":"2024-08-16T10:21:13","date_gmt":"2024-08-16T10:21:13","guid":{"rendered":"https:\/\/www.promis.com.pl\/sklep\/?post_type=product&#038;p=3606"},"modified":"2024-08-16T10:21:13","modified_gmt":"2024-08-16T10:21:13","slug":"pr10-pudelko-ozdobne-kaszerowane-z-praktycznym-uchwytem","status":"publish","type":"product","link":"https:\/\/www.promis.com.pl\/sklep\/p\/pr10-pudelko-ozdobne-kaszerowane-z-praktycznym-uchwytem\/","title":{"rendered":"PR10 Pude\u0142ko ozdobne kaszerowane z praktycznym uchwytem"},"content":{"rendered":"<p>MATERIA\u0141:<br \/>\n\u25ba Tektura falista z fal\u0105 E 385 g\/m2 kaszerowana papierem ozdobnym<br \/>\n\u25ba Tektura falista 3-warstwowa z fal\u0105 E 385 g\/m2 kaszerowana papierem z zadrukiem offsetowym (full color)<br \/>\n\u25ba Tektura pr\u0105\u017ckowana (fala N) 4-warstwowa o gramaturze 485 g\/m2 w kolorze naturalnym lub bia\u0142ym<\/p>\n<p>WYMIARY:<br \/>\n\u25ba 200x200x110 mm<br \/>\n\u25ba 320x180x80 mm<\/p>\n","protected":false},"excerpt":{"rendered":"<p>Pude\u0142ko na prezent ze sztywnej tektury z wygodnym uchwytem. Idealne do zastosowania, gdy dbamy o komfort zaproszonych go\u015bci, kt\u00f3rych chcemy obdarowa\u0107 prezentami.<\/p>\n<p>Transport w postaci p\u0142askiej, pude\u0142ka do samodzielnego z\u0142o\u017cenia (bez u\u017cycia kleju).<\/p>\n","protected":false},"featured_media":3609,"template":"","meta":{"_seopress_robots_primary_cat":""},"product_cat":[178],"product_tag":[],"k":[],"t-dlugosc":[],"t-szerokosc":[],"acf":[],"_links":{"self":[{"href":"https:\/\/www.promis.com.pl\/sklep\/wp-json\/wp\/v2\/product\/3606"}],"collection":[{"href":"https:\/\/www.promis.com.pl\/sklep\/wp-json\/wp\/v2\/product"}],"about":[{"href":"https:\/\/www.promis.com.pl\/sklep\/wp-json\/wp\/v2\/types\/product"}],"wp:featuredmedia":[{"embeddable":true,"href":"https:\/\/www.promis.com.pl\/sklep\/wp-json\/wp\/v2\/media\/3609"}],"wp:attachment":[{"href":"https:\/\/www.promis.com.pl\/sklep\/wp-json\/wp\/v2\/media?parent=3606"}],"wp:term":[{"taxonomy":"product_cat","embeddable":true,"href":"https:\/\/www.promis.com.pl\/sklep\/wp-json\/wp\/v2\/product_cat?post=3606"},{"taxonomy":"product_tag","embeddable":true,"href":"https:\/\/www.promis.com.pl\/sklep\/wp-json\/wp\/v2\/product_tag?post=3606"},{"taxonomy":"k","embeddable":true,"href":"https:\/\/www.promis.com.pl\/sklep\/wp-json\/wp\/v2\/k?post=3606"},{"taxonomy":"t-dlugosc","embeddable":true,"href":"https:\/\/www.promis.com.pl\/sklep\/wp-json\/wp\/v2\/t-dlugosc?post=3606"},{"taxonomy":"t-szerokosc","embeddable":true,"href":"https:\/\/www.promis.com.pl\/sklep\/wp-json\/wp\/v2\/t-szerokosc?post=3606"}],"curies":[{"name":"wp","href":"https:\/\/api.w.org\/{rel}","templated":true}]}}