{"id":3596,"date":"2024-08-16T10:16:28","date_gmt":"2024-08-16T10:16:28","guid":{"rendered":"https:\/\/www.promis.com.pl\/sklep\/?post_type=product&#038;p=3596"},"modified":"2024-08-16T10:16:29","modified_gmt":"2024-08-16T10:16:29","slug":"pr06-pudelko-ozdobne-przewiazane-wstazka","status":"publish","type":"product","link":"https:\/\/www.promis.com.pl\/sklep\/p\/pr06-pudelko-ozdobne-przewiazane-wstazka\/","title":{"rendered":"PR06 Pude\u0142ko ozdobne przewi\u0105zane wst\u0105\u017ck\u0105"},"content":{"rendered":"<p>MATERIA\u0141:<br \/>\n\u25ba Tektura falista z fal\u0105 E 385 g\/m2 kaszerowana papierem ozdobnym<br \/>\n\u25ba Tektura falista 3-warstwowa z fal\u0105 E 385 g\/m2 kaszerowana papierem z zadrukiem offsetowym (full color)<br \/>\n\u25ba Tektura pr\u0105\u017ckowana (fala N) 4-warstwowa o gramaturze 485 g\/m2 w kolorze naturalnym lub bia\u0142ym<\/p>\n<p>WYMIARY:<br \/>\n\u25ba 165x165x40 mm*<br \/>\n\u25ba 190x190x80 mm*<br \/>\n\u25ba 200x200x40 mm*<br \/>\n\u25ba 240x240x85 mm<br \/>\n*Pude\u0142ka ze wst\u0105\u017ck\u0105<\/p>\n","protected":false},"excerpt":{"rendered":"<p>Propozycja dla Klient\u00f3w ceni\u0105cych sobie elegancj\u0119 i oryginalno\u015b\u0107. Wst\u0105\u017cka, kt\u00f3ra jest elementem zamkni\u0119cia, nadaje pude\u0142ku prezentowemu koloru i ciep\u0142a. Idealne dope\u0142nienie i uatrakcyjnienie ka\u017cdego prezentu.<\/p>\n<p>Transport w postaci p\u0142askiej, pude\u0142ka do samodzielnego z\u0142o\u017cenia (bez u\u017cycia kleju).<\/p>\n","protected":false},"featured_media":3599,"template":"","meta":{"_seopress_robots_primary_cat":""},"product_cat":[178],"product_tag":[],"k":[],"t-dlugosc":[],"t-szerokosc":[],"acf":[],"_links":{"self":[{"href":"https:\/\/www.promis.com.pl\/sklep\/wp-json\/wp\/v2\/product\/3596"}],"collection":[{"href":"https:\/\/www.promis.com.pl\/sklep\/wp-json\/wp\/v2\/product"}],"about":[{"href":"https:\/\/www.promis.com.pl\/sklep\/wp-json\/wp\/v2\/types\/product"}],"wp:featuredmedia":[{"embeddable":true,"href":"https:\/\/www.promis.com.pl\/sklep\/wp-json\/wp\/v2\/media\/3599"}],"wp:attachment":[{"href":"https:\/\/www.promis.com.pl\/sklep\/wp-json\/wp\/v2\/media?parent=3596"}],"wp:term":[{"taxonomy":"product_cat","embeddable":true,"href":"https:\/\/www.promis.com.pl\/sklep\/wp-json\/wp\/v2\/product_cat?post=3596"},{"taxonomy":"product_tag","embeddable":true,"href":"https:\/\/www.promis.com.pl\/sklep\/wp-json\/wp\/v2\/product_tag?post=3596"},{"taxonomy":"k","embeddable":true,"href":"https:\/\/www.promis.com.pl\/sklep\/wp-json\/wp\/v2\/k?post=3596"},{"taxonomy":"t-dlugosc","embeddable":true,"href":"https:\/\/www.promis.com.pl\/sklep\/wp-json\/wp\/v2\/t-dlugosc?post=3596"},{"taxonomy":"t-szerokosc","embeddable":true,"href":"https:\/\/www.promis.com.pl\/sklep\/wp-json\/wp\/v2\/t-szerokosc?post=3596"}],"curies":[{"name":"wp","href":"https:\/\/api.w.org\/{rel}","templated":true}]}}