{"id":3592,"date":"2024-08-16T10:13:06","date_gmt":"2024-08-16T10:13:06","guid":{"rendered":"https:\/\/www.promis.com.pl\/sklep\/?post_type=product&#038;p=3592"},"modified":"2024-08-16T10:13:07","modified_gmt":"2024-08-16T10:13:07","slug":"pr01-pudelko-ozdobne-dno-wieczko","status":"publish","type":"product","link":"https:\/\/www.promis.com.pl\/sklep\/p\/pr01-pudelko-ozdobne-dno-wieczko\/","title":{"rendered":"PR01 Pude\u0142ko ozdobne dno \u2013 wieczko"},"content":{"rendered":"<div id=\"col-1037723791\" class=\"col medium-8 small-12 large-8\">\n<div class=\"col-inner\">\n<div id=\"text-1775758954\" class=\"text\">\n<p>Dysponujemy do\u015b\u0107 du\u017c\u0105 baz\u0105 opakowa\u0144, na kt\u00f3re mamy wykrojniki i te wymiary udost\u0119pniamy w poni\u017cszym pliku pdf, ale jeste\u015bmy r\u00f3wnie\u017c otwarci na nietypowe potrzeby: stworzymy opakowanie \u201epod wymiar\u201d, zaprojektujemy nowe wyj\u0105tkowe opakowanie wed\u0142ug przes\u0142anych nam wytycznych, zrealizujemy dostarczony nam projekt.<\/p>\n<div id=\"col-523554266\" class=\"col medium-4 small-12 large-4\">\n<div class=\"col-inner\">\n<div id=\"row-1160282696\" class=\"row\">\n<div id=\"col-1223171488\" class=\"col medium-3 small-6 large-3\">\n<div class=\"col-inner text-center\">\n<div id=\"image_1248044779\" class=\"img has-hover x md-x lg-x y md-y lg-y\">\n<div><strong>MATERIA\u0141:<\/strong><\/div>\n<div>\u25ba Tektura falista z fal\u0105 E 385 g\/m2 kaszerowana papierem ozdobnym<\/div>\n<div>\n<div>\u25ba Tektura falista 3-warstwowa z fal\u0105 E 385 g\/m2 kaszerowana papierem z zadrukiem offsetowym (full color)<\/div>\n<div>\u25ba Tektura pr\u0105\u017ckowana (fala N) 4-warstwowa o gramaturze 485 g\/m2 w kolorze naturalnym lub bia\u0142ym<\/div>\n<div><\/div>\n<div>\n<div><strong>OPCJE DODATKOWE:<\/strong><\/div>\n<div>\u25ba wk\u0142adka tekturowa<\/div>\n<\/div>\n<\/div>\n<\/div>\n<\/div>\n<\/div>\n<\/div>\n<\/div>\n<\/div>\n<\/div>\n<\/div>\n<\/div>\n","protected":false},"excerpt":{"rendered":"<p>Szeroka oferta pude\u0142ek prezentowych wyr\u00f3\u017cniaj\u0105cych si\u0119 solidn\u0105 konstrukcj\u0105 i starannym wykonaniem. Klasyczna prosta forma oraz efektowne materia\u0142y sprawiaj\u0105, \u017ce jest to opakowanie stosowne na ka\u017cd\u0105 okazj\u0119 i na ka\u017cdy produkt. Przewi\u0105zane wst\u0105\u017ck\u0105 stanowi eleganck\u0105 opraw\u0119 podarunku. Pude\u0142ka dost\u0119pne w wielu wymiarach i kolorach. Dobranie odpowiedniego opakowania do okre\u015blonego produktu nie sprawi trudno\u015bci.<\/p>\n<p>Transport w postaci p\u0142askiej, pude\u0142ka do samodzielnego z\u0142o\u017cenia (z wyj\u0105tkiem kilku wymiar\u00f3w).<\/p>\n","protected":false},"featured_media":3595,"template":"","meta":{"_seopress_robots_primary_cat":""},"product_cat":[178],"product_tag":[],"k":[],"t-dlugosc":[],"t-szerokosc":[],"acf":[],"_links":{"self":[{"href":"https:\/\/www.promis.com.pl\/sklep\/wp-json\/wp\/v2\/product\/3592"}],"collection":[{"href":"https:\/\/www.promis.com.pl\/sklep\/wp-json\/wp\/v2\/product"}],"about":[{"href":"https:\/\/www.promis.com.pl\/sklep\/wp-json\/wp\/v2\/types\/product"}],"wp:featuredmedia":[{"embeddable":true,"href":"https:\/\/www.promis.com.pl\/sklep\/wp-json\/wp\/v2\/media\/3595"}],"wp:attachment":[{"href":"https:\/\/www.promis.com.pl\/sklep\/wp-json\/wp\/v2\/media?parent=3592"}],"wp:term":[{"taxonomy":"product_cat","embeddable":true,"href":"https:\/\/www.promis.com.pl\/sklep\/wp-json\/wp\/v2\/product_cat?post=3592"},{"taxonomy":"product_tag","embeddable":true,"href":"https:\/\/www.promis.com.pl\/sklep\/wp-json\/wp\/v2\/product_tag?post=3592"},{"taxonomy":"k","embeddable":true,"href":"https:\/\/www.promis.com.pl\/sklep\/wp-json\/wp\/v2\/k?post=3592"},{"taxonomy":"t-dlugosc","embeddable":true,"href":"https:\/\/www.promis.com.pl\/sklep\/wp-json\/wp\/v2\/t-dlugosc?post=3592"},{"taxonomy":"t-szerokosc","embeddable":true,"href":"https:\/\/www.promis.com.pl\/sklep\/wp-json\/wp\/v2\/t-szerokosc?post=3592"}],"curies":[{"name":"wp","href":"https:\/\/api.w.org\/{rel}","templated":true}]}}