{"id":3587,"date":"2024-08-08T07:31:33","date_gmt":"2024-08-08T07:31:33","guid":{"rendered":"https:\/\/www.promis.com.pl\/sklep\/?post_type=product&#038;p=3587"},"modified":"2024-08-08T07:38:15","modified_gmt":"2024-08-08T07:38:15","slug":"pudelko-ozdobne-wn101-01-z-ozdobna-fala-i-kokarda","status":"publish","type":"product","link":"https:\/\/www.promis.com.pl\/sklep\/p\/pudelko-ozdobne-wn101-01-z-ozdobna-fala-i-kokarda\/","title":{"rendered":"Pude\u0142ko ozdobne WN101-01 z ozdobn\u0105 fal\u0105 i kokard\u0105"},"content":{"rendered":"","protected":false},"excerpt":{"rendered":"<p><strong>Podana cena dotyczy 1 szt.<\/strong><\/p>\n<p><strong><span style=\"color: #ff0000;\">Minimum zam\u00f3wienia 50 szt. (w kratce ilo\u015b\u0107 wpisz 50 lub wielokrotno\u015b\u0107, np. 100, 150&#8230;).<\/span><\/strong><\/p>\n<p><span style=\"color: #000000;\">Je\u017celi interesuje Ci\u0119 zakup 200 szt. lub wi\u0119cej, skontaktuj si\u0119 z nami w sprawie indywidualnej wyceny.<\/span><\/p>\n<p><span style=\"color: #000000;\">Wysy\u0142ka: 5-7 dni od dnia zaksi\u0119gowania wp\u0142aty.W przypadku potrzeby skr\u00f3cenia terminu, prosimy<\/span><br \/>\n<span style=\"color: #000000;\">o kontakt przed dokonaniem zakupu.<\/span><\/p>\n<p>Wyprodukowane w Polsce<\/p>\n","protected":false},"featured_media":3590,"template":"","meta":{"_seopress_robots_primary_cat":"none"},"product_cat":[178],"product_tag":[],"k":[],"t-dlugosc":[],"t-szerokosc":[],"acf":[],"_links":{"self":[{"href":"https:\/\/www.promis.com.pl\/sklep\/wp-json\/wp\/v2\/product\/3587"}],"collection":[{"href":"https:\/\/www.promis.com.pl\/sklep\/wp-json\/wp\/v2\/product"}],"about":[{"href":"https:\/\/www.promis.com.pl\/sklep\/wp-json\/wp\/v2\/types\/product"}],"wp:featuredmedia":[{"embeddable":true,"href":"https:\/\/www.promis.com.pl\/sklep\/wp-json\/wp\/v2\/media\/3590"}],"wp:attachment":[{"href":"https:\/\/www.promis.com.pl\/sklep\/wp-json\/wp\/v2\/media?parent=3587"}],"wp:term":[{"taxonomy":"product_cat","embeddable":true,"href":"https:\/\/www.promis.com.pl\/sklep\/wp-json\/wp\/v2\/product_cat?post=3587"},{"taxonomy":"product_tag","embeddable":true,"href":"https:\/\/www.promis.com.pl\/sklep\/wp-json\/wp\/v2\/product_tag?post=3587"},{"taxonomy":"k","embeddable":true,"href":"https:\/\/www.promis.com.pl\/sklep\/wp-json\/wp\/v2\/k?post=3587"},{"taxonomy":"t-dlugosc","embeddable":true,"href":"https:\/\/www.promis.com.pl\/sklep\/wp-json\/wp\/v2\/t-dlugosc?post=3587"},{"taxonomy":"t-szerokosc","embeddable":true,"href":"https:\/\/www.promis.com.pl\/sklep\/wp-json\/wp\/v2\/t-szerokosc?post=3587"}],"curies":[{"name":"wp","href":"https:\/\/api.w.org\/{rel}","templated":true}]}}