{"id":3464,"date":"2023-07-13T14:15:30","date_gmt":"2023-07-13T14:15:30","guid":{"rendered":"https:\/\/www.promis.com.pl\/sklep\/?post_type=product&#038;p=3464"},"modified":"2023-12-12T08:17:24","modified_gmt":"2023-12-12T08:17:24","slug":"pudelko-prezentowe-200x200x150-mm","status":"publish","type":"product","link":"https:\/\/www.promis.com.pl\/sklep\/p\/pudelko-prezentowe-200x200x150-mm\/","title":{"rendered":"Pude\u0142ko prezentowe 200x200x150 mm"},"content":{"rendered":"<div class=\"row\"  id=\"row-630092021\">\n\n\t<div id=\"col-895537111\" class=\"col medium-1 small-12 large-1\"  >\n\t\t\t\t<div class=\"col-inner\"  >\n\t\t\t\n\t\t\t\n\t<div class=\"img has-hover img-tel x md-x lg-x y md-y lg-y\" id=\"image_31339788\">\n\t\t\t\t\t\t\t\t<div class=\"img-inner dark\" >\n\t\t\t<img loading=\"lazy\" decoding=\"async\" width=\"230\" height=\"230\" src=\"https:\/\/www.promis.com.pl\/sklep\/wp-content\/uploads\/2023\/07\/Nowy-projekt-27.png\" class=\"attachment-large size-large\" alt=\"\" srcset=\"https:\/\/www.promis.com.pl\/sklep\/wp-content\/uploads\/2023\/07\/Nowy-projekt-27.png 230w, https:\/\/www.promis.com.pl\/sklep\/wp-content\/uploads\/2023\/07\/Nowy-projekt-27-100x100.png 100w\" sizes=\"(max-width: 230px) 100vw, 230px\" \/>\t\t\t\t\t\t\n\t\t\t\t\t<\/div>\n\t\t\t\t\t\t\t\t\n<style>\n#image_31339788 {\n  width: 100%;\n}\n<\/style>\n\t<\/div>\n\t\n\t\t<\/div>\n\t\t\t\t\t<\/div>\n\n\t\n\n\t<div id=\"col-1601149761\" class=\"col medium-5 small-12 large-5\"  >\n\t\t\t\t<div class=\"col-inner\"  >\n\t\t\t\n\t\t\t\n\t<div id=\"text-110192213\" class=\"text\">\n\t\t\n<p><strong>W uwagach do zam\u00f3wienia prosimy o wpisanie wybranych kolor\u00f3w.<\/strong><\/p>\n<p>Eleganckie pude\u0142ko sk\u0142adaj\u0105ce si\u0119 ze spodu i przykrywaj\u0105cego go wieczka. Wykonane ze sztywnej, grubej tektury introligatorskiej oklejonej efektownym matowym papierem ozdobnym. Pude\u0142ko idealnie wpisuje si\u0119 w nowoczesny styl minimalistycznej elegancji, a wytrzyma\u0142a tektura zapewnia bardzo dobr\u0105 ochron\u0119 zapakowanych w nie przedmiot\u00f3w.<\/p>\n<p>Doskona\u0142e jako opakowanie na prezent, idealne do zapakowania np. zestawu kosmetyk\u00f3w czy r\u00f3\u017cnych s\u0142odyczy, fili\u017canki i kawy, kilku herbat, itp. Pude\u0142ko jest \u0142adne i trwa\u0142e, po wykorzystaniu mo\u017ce s\u0142u\u017cy\u0107 do przechowywania r\u00f3\u017cnych domowych drobiazg\u00f3w, zabawek, dokument\u00f3w, itp.<\/p>\n<p>Wysy\u0142ka: 1-2 dni od daty zaksi\u0119gowania wp\u0142aty.<\/p>\n<p>\u00a0<\/p>\n\t\t\n<style>\n#text-110192213 {\n  color: rgb(0,0,0);\n}\n#text-110192213 > * {\n  color: rgb(0,0,0);\n}\n<\/style>\n\t<\/div>\n\t\n\t\t<\/div>\n\t\t\t\t\t<\/div>\n\n\t\n\n\t<div id=\"col-1352396116\" class=\"col medium-1 small-12 large-1\"  >\n\t\t\t\t<div class=\"col-inner\"  >\n\t\t\t\n\t\t\t\n\t<div class=\"img has-hover img-tel x md-x lg-x y md-y lg-y\" id=\"image_1748721127\">\n\t\t\t\t\t\t\t\t<div class=\"img-inner dark\" >\n\t\t\t<img loading=\"lazy\" decoding=\"async\" width=\"230\" height=\"230\" src=\"https:\/\/www.promis.com.pl\/sklep\/wp-content\/uploads\/2023\/07\/Nowy-projekt-28.png\" class=\"attachment-large size-large\" alt=\"\" srcset=\"https:\/\/www.promis.com.pl\/sklep\/wp-content\/uploads\/2023\/07\/Nowy-projekt-28.png 230w, https:\/\/www.promis.com.pl\/sklep\/wp-content\/uploads\/2023\/07\/Nowy-projekt-28-100x100.png 100w\" sizes=\"(max-width: 230px) 100vw, 230px\" \/>\t\t\t\t\t\t\n\t\t\t\t\t<\/div>\n\t\t\t\t\t\t\t\t\n<style>\n#image_1748721127 {\n  width: 100%;\n}\n<\/style>\n\t<\/div>\n\t\n\t\t<\/div>\n\t\t\t\t\t<\/div>\n\n\t\n\n\t<div id=\"col-1005828250\" class=\"col medium-5 small-12 large-5\"  >\n\t\t\t\t<div class=\"col-inner\"  >\n\t\t\t\n\t\t\t\n\t<div id=\"text-3866035151\" class=\"text\">\n\t\t\n<p>SPECYFIKACJA PRODUKTU\u00a0<\/p>\n<p>Wymiary wewn\u0119trzne: 200x200x150 mm<\/p>\n<p>Materia\u0142: tektura introligatorska o grubo\u015bci 1,5 mm oklejona eleganckim matowym papierem ozdobnym.<\/p>\n<p>Gramatura tektury: 975 g\/m2<\/p>\n<p>Opakowania wysy\u0142amy w ca\u0142o\u015bci &#8211; w formie z\u0142o\u017conej i sklejonej.<\/p>\n<p>Wyprodukowane w Polsce.<\/p>\n<p>\u00a0<\/p>\n\t\t\n<style>\n#text-3866035151 {\n  color: rgb(0,0,0);\n}\n#text-3866035151 > * {\n  color: rgb(0,0,0);\n}\n<\/style>\n\t<\/div>\n\t\n\t\t<\/div>\n\t\t\t\t\t<\/div>\n\n\t\n<\/div>\n","protected":false},"excerpt":{"rendered":"<p>Cena netto: 20,32 z\u0142<\/p>\n<p>Podana cena dotyczy 1 szt.<\/p>\n<p><strong>Dost\u0119pne kolory i ilo\u015bci:<\/strong><\/p>\n<p>Kolor grantowy \u2013 17 szt.<\/p>\n<p>Kolor r\u00f3\u017cowy pastel \u2013 4 szt.<\/p>\n<p>Kolor zielony pastel \u2013 18 szt.<\/p>\n<p>Kolor niebieski pastel \u2013 7 szt.<\/p>\n","protected":false},"featured_media":3236,"template":"","meta":{"_seopress_robots_primary_cat":"none"},"product_cat":[143],"product_tag":[],"k":[],"t-dlugosc":[173],"t-szerokosc":[175],"acf":[],"_links":{"self":[{"href":"https:\/\/www.promis.com.pl\/sklep\/wp-json\/wp\/v2\/product\/3464"}],"collection":[{"href":"https:\/\/www.promis.com.pl\/sklep\/wp-json\/wp\/v2\/product"}],"about":[{"href":"https:\/\/www.promis.com.pl\/sklep\/wp-json\/wp\/v2\/types\/product"}],"wp:featuredmedia":[{"embeddable":true,"href":"https:\/\/www.promis.com.pl\/sklep\/wp-json\/wp\/v2\/media\/3236"}],"wp:attachment":[{"href":"https:\/\/www.promis.com.pl\/sklep\/wp-json\/wp\/v2\/media?parent=3464"}],"wp:term":[{"taxonomy":"product_cat","embeddable":true,"href":"https:\/\/www.promis.com.pl\/sklep\/wp-json\/wp\/v2\/product_cat?post=3464"},{"taxonomy":"product_tag","embeddable":true,"href":"https:\/\/www.promis.com.pl\/sklep\/wp-json\/wp\/v2\/product_tag?post=3464"},{"taxonomy":"k","embeddable":true,"href":"https:\/\/www.promis.com.pl\/sklep\/wp-json\/wp\/v2\/k?post=3464"},{"taxonomy":"t-dlugosc","embeddable":true,"href":"https:\/\/www.promis.com.pl\/sklep\/wp-json\/wp\/v2\/t-dlugosc?post=3464"},{"taxonomy":"t-szerokosc","embeddable":true,"href":"https:\/\/www.promis.com.pl\/sklep\/wp-json\/wp\/v2\/t-szerokosc?post=3464"}],"curies":[{"name":"wp","href":"https:\/\/api.w.org\/{rel}","templated":true}]}}