{"id":3453,"date":"2023-07-13T12:09:32","date_gmt":"2023-07-13T12:09:32","guid":{"rendered":"https:\/\/www.promis.com.pl\/sklep\/?post_type=product&#038;p=3453"},"modified":"2023-12-12T08:17:32","modified_gmt":"2023-12-12T08:17:32","slug":"pudelko-prezentowe-80x80x150-mm","status":"publish","type":"product","link":"https:\/\/www.promis.com.pl\/sklep\/p\/pudelko-prezentowe-80x80x150-mm\/","title":{"rendered":"Pude\u0142ko prezentowe 80x80x150 mm"},"content":{"rendered":"<div class=\"row\"  id=\"row-2090387367\">\n\n\t<div id=\"col-204567950\" class=\"col medium-1 small-12 large-1\"  >\n\t\t\t\t<div class=\"col-inner\"  >\n\t\t\t\n\t\t\t\n\t<div class=\"img has-hover img-tel x md-x lg-x y md-y lg-y\" id=\"image_1680225868\">\n\t\t\t\t\t\t\t\t<div class=\"img-inner dark\" >\n\t\t\t<img loading=\"lazy\" decoding=\"async\" width=\"230\" height=\"230\" src=\"https:\/\/www.promis.com.pl\/sklep\/wp-content\/uploads\/2023\/07\/Nowy-projekt-27.png\" class=\"attachment-large size-large\" alt=\"\" srcset=\"https:\/\/www.promis.com.pl\/sklep\/wp-content\/uploads\/2023\/07\/Nowy-projekt-27.png 230w, https:\/\/www.promis.com.pl\/sklep\/wp-content\/uploads\/2023\/07\/Nowy-projekt-27-100x100.png 100w\" sizes=\"(max-width: 230px) 100vw, 230px\" \/>\t\t\t\t\t\t\n\t\t\t\t\t<\/div>\n\t\t\t\t\t\t\t\t\n<style>\n#image_1680225868 {\n  width: 100%;\n}\n<\/style>\n\t<\/div>\n\t\n\t\t<\/div>\n\t\t\t\t\t<\/div>\n\n\t\n\n\t<div id=\"col-1587840939\" class=\"col medium-5 small-12 large-5\"  >\n\t\t\t\t<div class=\"col-inner\"  >\n\t\t\t\n\t\t\t\n\t<div id=\"text-1041790695\" class=\"text\">\n\t\t\n<p><strong>W uwagach do zam\u00f3wienia prosimy o wpisanie wybranych kolor\u00f3w.<\/strong><\/p>\n<p>Eleganckie pude\u0142ko sk\u0142adaj\u0105ce si\u0119 ze spodu i przykrywaj\u0105cego go wieczka. Wykonane ze sztywnej, grubej tektury introligatorskiej oklejonej efektownym matowym papierem ozdobnym. Pude\u0142ko idealnie wpisuje si\u0119 w nowoczesny styl minimalistycznej elegancji, a wytrzyma\u0142a tektura zapewnia bardzo dobr\u0105 ochron\u0119 zapakowanych w nie przedmiot\u00f3w.<\/p>\n<p>Doskona\u0142e jako opakowanie na drobny upominek, idealne do zapakowania np. kosmetyk\u00f3w, s\u0142odyczy, \u015bwiecy, itp. Pude\u0142ko cz\u0119sto wykorzystywane jako ma\u0142y flowerbox.<\/p>\n<p>Wysy\u0142ka: 1-2 dni od daty zaksi\u0119gowania wp\u0142aty.<\/p>\n\t\t\n<style>\n#text-1041790695 {\n  color: rgb(0,0,0);\n}\n#text-1041790695 > * {\n  color: rgb(0,0,0);\n}\n<\/style>\n\t<\/div>\n\t\n\t\t<\/div>\n\t\t\t\t\t<\/div>\n\n\t\n\n\t<div id=\"col-1073020023\" class=\"col medium-1 small-12 large-1\"  >\n\t\t\t\t<div class=\"col-inner\"  >\n\t\t\t\n\t\t\t\n\t<div class=\"img has-hover img-tel x md-x lg-x y md-y lg-y\" id=\"image_1370928931\">\n\t\t\t\t\t\t\t\t<div class=\"img-inner dark\" >\n\t\t\t<img loading=\"lazy\" decoding=\"async\" width=\"230\" height=\"230\" src=\"https:\/\/www.promis.com.pl\/sklep\/wp-content\/uploads\/2023\/07\/Nowy-projekt-28.png\" class=\"attachment-large size-large\" alt=\"\" srcset=\"https:\/\/www.promis.com.pl\/sklep\/wp-content\/uploads\/2023\/07\/Nowy-projekt-28.png 230w, https:\/\/www.promis.com.pl\/sklep\/wp-content\/uploads\/2023\/07\/Nowy-projekt-28-100x100.png 100w\" sizes=\"(max-width: 230px) 100vw, 230px\" \/>\t\t\t\t\t\t\n\t\t\t\t\t<\/div>\n\t\t\t\t\t\t\t\t\n<style>\n#image_1370928931 {\n  width: 100%;\n}\n<\/style>\n\t<\/div>\n\t\n\t\t<\/div>\n\t\t\t\t\t<\/div>\n\n\t\n\n\t<div id=\"col-1826934296\" class=\"col medium-5 small-12 large-5\"  >\n\t\t\t\t<div class=\"col-inner\"  >\n\t\t\t\n\t\t\t\n\t<div id=\"text-3896820942\" class=\"text\">\n\t\t\n<p><strong>SPECYFIKACJA PRODUKTU\u00a0<\/strong><\/p>\n<p><strong>Wymiary wewn\u0119trzne:<\/strong> 80x80x150 mm<\/p>\n<p><strong>Materia\u0142:<\/strong> tektura introligatorska o grubo\u015bci 1,5 mm oklejona eleganckim matowym papierem ozdobnym.<\/p>\n<p><strong>Gramatura tektury:<\/strong> 975 g\/m2<\/p>\n<p>Opakowania wysy\u0142amy w ca\u0142o\u015bci &#8211; w formie z\u0142o\u017conej i sklejonej.<\/p>\n<p>Wyprodukowane w Polsce.<\/p>\n\t\t\n<style>\n#text-3896820942 {\n  color: rgb(0,0,0);\n}\n#text-3896820942 > * {\n  color: rgb(0,0,0);\n}\n<\/style>\n\t<\/div>\n\t\n\t\t<\/div>\n\t\t\t\t\t<\/div>\n\n\t\n<\/div>\n","protected":false},"excerpt":{"rendered":"<p>Podana cena dotyczy 1 szt.<\/p>\n<p><strong>Dost\u0119pne kolory i ilo\u015bci:<\/strong><\/p>\n<ol>\n<li>Kolor czarny \u2013 120 szt.<\/li>\n<li>Kolor r\u00f3\u017cowy \u2013 19 szt.<\/li>\n<li>Kolor czerwony \u2013 13 szt.<\/li>\n<li>Kolor srebrny \u2013 37 szt.<\/li>\n<li>Kolor bordo \u2013 14 szt.<\/li>\n<li>Kolor szary \u2013 11 szt.<\/li>\n<li>Kolor z\u0142oty \u2013 6 szt.<\/li>\n<li>Kolor granatowy \u2013 2 szt.<\/li>\n<li>Kolor zielony pastel \u2013 2 szt.<\/li>\n<li>Kolor niebieski pastel \u2013 2 szt.<\/li>\n<\/ol>\n","protected":false},"featured_media":3211,"template":"","meta":{"_seopress_robots_primary_cat":"none"},"product_cat":[143],"product_tag":[],"k":[],"t-dlugosc":[174],"t-szerokosc":[177],"acf":[],"_links":{"self":[{"href":"https:\/\/www.promis.com.pl\/sklep\/wp-json\/wp\/v2\/product\/3453"}],"collection":[{"href":"https:\/\/www.promis.com.pl\/sklep\/wp-json\/wp\/v2\/product"}],"about":[{"href":"https:\/\/www.promis.com.pl\/sklep\/wp-json\/wp\/v2\/types\/product"}],"wp:featuredmedia":[{"embeddable":true,"href":"https:\/\/www.promis.com.pl\/sklep\/wp-json\/wp\/v2\/media\/3211"}],"wp:attachment":[{"href":"https:\/\/www.promis.com.pl\/sklep\/wp-json\/wp\/v2\/media?parent=3453"}],"wp:term":[{"taxonomy":"product_cat","embeddable":true,"href":"https:\/\/www.promis.com.pl\/sklep\/wp-json\/wp\/v2\/product_cat?post=3453"},{"taxonomy":"product_tag","embeddable":true,"href":"https:\/\/www.promis.com.pl\/sklep\/wp-json\/wp\/v2\/product_tag?post=3453"},{"taxonomy":"k","embeddable":true,"href":"https:\/\/www.promis.com.pl\/sklep\/wp-json\/wp\/v2\/k?post=3453"},{"taxonomy":"t-dlugosc","embeddable":true,"href":"https:\/\/www.promis.com.pl\/sklep\/wp-json\/wp\/v2\/t-dlugosc?post=3453"},{"taxonomy":"t-szerokosc","embeddable":true,"href":"https:\/\/www.promis.com.pl\/sklep\/wp-json\/wp\/v2\/t-szerokosc?post=3453"}],"curies":[{"name":"wp","href":"https:\/\/api.w.org\/{rel}","templated":true}]}}