{"id":3289,"date":"2023-06-28T10:58:44","date_gmt":"2023-06-28T10:58:44","guid":{"rendered":"https:\/\/www.promis.com.pl\/sklep\/?post_type=product&#038;p=3289"},"modified":"2023-08-25T12:10:16","modified_gmt":"2023-08-25T12:10:16","slug":"pudelko-szufladkowe-czerwone-330x240x90-mm","status":"publish","type":"product","link":"https:\/\/www.promis.com.pl\/sklep\/p\/pudelko-szufladkowe-czerwone-330x240x90-mm\/","title":{"rendered":"Pude\u0142ko szufladkowe czerwone 330x240x90 mm"},"content":{"rendered":"<div class=\"row\"  id=\"row-310035545\">\n\n\t<div id=\"col-193310469\" class=\"col medium-1 small-12 large-1\"  >\n\t\t\t\t<div class=\"col-inner\"  >\n\t\t\t\n\t\t\t\n\t<div class=\"img has-hover img-tel x md-x lg-x y md-y lg-y\" id=\"image_1891668535\">\n\t\t\t\t\t\t\t\t<div class=\"img-inner dark\" >\n\t\t\t<img loading=\"lazy\" decoding=\"async\" width=\"230\" height=\"230\" src=\"https:\/\/www.promis.com.pl\/sklep\/wp-content\/uploads\/2023\/07\/Nowy-projekt-27.png\" class=\"attachment-large size-large\" alt=\"\" srcset=\"https:\/\/www.promis.com.pl\/sklep\/wp-content\/uploads\/2023\/07\/Nowy-projekt-27.png 230w, https:\/\/www.promis.com.pl\/sklep\/wp-content\/uploads\/2023\/07\/Nowy-projekt-27-100x100.png 100w\" sizes=\"(max-width: 230px) 100vw, 230px\" \/>\t\t\t\t\t\t\n\t\t\t\t\t<\/div>\n\t\t\t\t\t\t\t\t\n<style>\n#image_1891668535 {\n  width: 100%;\n}\n<\/style>\n\t<\/div>\n\t\n\t\t<\/div>\n\t\t\t\t\t<\/div>\n\n\t\n\n\t<div id=\"col-1692319334\" class=\"col medium-5 small-12 large-5\"  >\n\t\t\t\t<div class=\"col-inner\"  >\n\t\t\t\n\t\t\t\n\t<div id=\"text-1709249699\" class=\"text\">\n\t\t\n<div>Pude\u0142ko ozdobne z szuflad\u0105 wykonane z tektury falistej oklejonej wysokiej jako\u015bci czerwonym matowym papierem. Dzi\u0119ki swojej konstrukcji jest nie tylko eleganckie, ale i wyj\u0105tkowo solidne, mocne, odporne na zgniecenie. Idealne do zapakowania przedmiot\u00f3w szklanych, kruchych, kt\u00f3re wymagaj\u0105 dobrego zabezpieczenia przed zniszczeniem.<\/div>\n<div>\u00a0<\/div>\n<div>Doskonale jako opakowanie zestawu prezentowego. Zmieszcz\u0105 si\u0119 w nim 2 lub 3 butelki wina, butelka i 2 kieliszki, komplet fili\u017canek czy szklanek, itp.<\/div>\n<div>\u00a0<\/div>\n<div>Poniewa\u017c nasze opakowania wykonywane s\u0105 z bardzo sztywnych i trwa\u0142ych materia\u0142\u00f3w, po wykorzystaniu mo\u017cemy da\u0107 im drugie \u201e\u017cycie\u201d i wykorzysta\u0107 do przechowywania wielu domowych drobiazg\u00f3w czy dokument\u00f3w.<\/div>\n<div>\u00a0<\/div>\n<div>\u00a0<\/div>\n\t\t\n<style>\n#text-1709249699 {\n  color: rgb(0,0,0);\n}\n#text-1709249699 > * {\n  color: rgb(0,0,0);\n}\n<\/style>\n\t<\/div>\n\t\n\t\t<\/div>\n\t\t\t\t\t<\/div>\n\n\t\n\n\t<div id=\"col-1758827304\" class=\"col medium-1 small-12 large-1\"  >\n\t\t\t\t<div class=\"col-inner\"  >\n\t\t\t\n\t\t\t\n\t<div class=\"img has-hover img-tel x md-x lg-x y md-y lg-y\" id=\"image_374320503\">\n\t\t\t\t\t\t\t\t<div class=\"img-inner dark\" >\n\t\t\t<img loading=\"lazy\" decoding=\"async\" width=\"230\" height=\"230\" src=\"https:\/\/www.promis.com.pl\/sklep\/wp-content\/uploads\/2023\/07\/Nowy-projekt-28.png\" class=\"attachment-large size-large\" alt=\"\" srcset=\"https:\/\/www.promis.com.pl\/sklep\/wp-content\/uploads\/2023\/07\/Nowy-projekt-28.png 230w, https:\/\/www.promis.com.pl\/sklep\/wp-content\/uploads\/2023\/07\/Nowy-projekt-28-100x100.png 100w\" sizes=\"(max-width: 230px) 100vw, 230px\" \/>\t\t\t\t\t\t\n\t\t\t\t\t<\/div>\n\t\t\t\t\t\t\t\t\n<style>\n#image_374320503 {\n  width: 100%;\n}\n<\/style>\n\t<\/div>\n\t\n\t\t<\/div>\n\t\t\t\t\t<\/div>\n\n\t\n\n\t<div id=\"col-1326539192\" class=\"col medium-5 small-12 large-5\"  >\n\t\t\t\t<div class=\"col-inner\"  >\n\t\t\t\n\t\t\t\n\t<div id=\"text-2205546308\" class=\"text\">\n\t\t\n<p><strong>SPECYFIKACJA PRODUKTU<\/strong><\/p>\n<p>Opakowania wysy\u0142amy w formie p\u0142askiej do samodzielnego z\u0142o\u017cenia. Sk\u0142adanie pude\u0142ka jest bardzo proste, bez u\u017cycia kleju i ta\u015bmy. Na \u017cyczenie udost\u0119pniamy film instrukta\u017cowy<\/p>\n<p><strong> Wymiary wewn\u0119trzne:<\/strong> 330x240x90 mm<\/p>\n<p><strong>Materia\u0142:<\/strong> sztywna tektura 3-warstwowa z fal\u0105 E kaszerowana eleganckim matowym papierem ozdobnym, wewn\u0105trz kolor bia\u0142y.<\/p>\n<p><strong>Gramatura:<\/strong> 505 g\/m2<\/p>\n\t\t\n<style>\n#text-2205546308 {\n  color: rgb(0,0,0);\n}\n#text-2205546308 > * {\n  color: rgb(0,0,0);\n}\n<\/style>\n\t<\/div>\n\t\n\t\t<\/div>\n\t\t\t\t\t<\/div>\n\n\t\n<\/div>\n","protected":false},"excerpt":{"rendered":"<p><strong>Podana cena dotyczy 1 szt.<\/strong><\/p>\n<p><strong><span style=\"color: #ff0000\">Minimum zam\u00f3wienia 50 szt. (w kratce ilo\u015b\u0107 wpisz 50 lub wielokrotno\u015b\u0107, np. 100, 150&#8230;).<\/span><\/strong><\/p>\n<p><span style=\"color: #000000\">Je\u017celi interesuje Ci\u0119 zakup 200 szt. lub wi\u0119cej, skontaktuj si\u0119 z nami w sprawie indywidualnej wyceny.<\/span><\/p>\n<p><span style=\"color: #000000\">Wysy\u0142ka: 5-7 dni od dnia zaksi\u0119gowania wp\u0142aty.W przypadku potrzeby skr\u00f3cenia terminu, prosimy<\/span><br \/>\n<span style=\"color: #000000\">o kontakt przed dokonaniem zakupu.<\/span><\/p>\n<p>Wyprodukowane w Polsce<\/p>\n","protected":false},"featured_media":3290,"template":"","meta":{"_seopress_robots_primary_cat":"none"},"product_cat":[141,168],"product_tag":[],"k":[],"t-dlugosc":[],"t-szerokosc":[],"acf":[],"_links":{"self":[{"href":"https:\/\/www.promis.com.pl\/sklep\/wp-json\/wp\/v2\/product\/3289"}],"collection":[{"href":"https:\/\/www.promis.com.pl\/sklep\/wp-json\/wp\/v2\/product"}],"about":[{"href":"https:\/\/www.promis.com.pl\/sklep\/wp-json\/wp\/v2\/types\/product"}],"wp:featuredmedia":[{"embeddable":true,"href":"https:\/\/www.promis.com.pl\/sklep\/wp-json\/wp\/v2\/media\/3290"}],"wp:attachment":[{"href":"https:\/\/www.promis.com.pl\/sklep\/wp-json\/wp\/v2\/media?parent=3289"}],"wp:term":[{"taxonomy":"product_cat","embeddable":true,"href":"https:\/\/www.promis.com.pl\/sklep\/wp-json\/wp\/v2\/product_cat?post=3289"},{"taxonomy":"product_tag","embeddable":true,"href":"https:\/\/www.promis.com.pl\/sklep\/wp-json\/wp\/v2\/product_tag?post=3289"},{"taxonomy":"k","embeddable":true,"href":"https:\/\/www.promis.com.pl\/sklep\/wp-json\/wp\/v2\/k?post=3289"},{"taxonomy":"t-dlugosc","embeddable":true,"href":"https:\/\/www.promis.com.pl\/sklep\/wp-json\/wp\/v2\/t-dlugosc?post=3289"},{"taxonomy":"t-szerokosc","embeddable":true,"href":"https:\/\/www.promis.com.pl\/sklep\/wp-json\/wp\/v2\/t-szerokosc?post=3289"}],"curies":[{"name":"wp","href":"https:\/\/api.w.org\/{rel}","templated":true}]}}