{"id":3282,"date":"2023-06-28T10:52:01","date_gmt":"2023-06-28T10:52:01","guid":{"rendered":"https:\/\/www.promis.com.pl\/sklep\/?post_type=product&#038;p=3282"},"modified":"2024-08-08T07:43:57","modified_gmt":"2024-08-08T07:43:57","slug":"pudelko-prezentowe-ze-wstazka-355x180x90-mm","status":"publish","type":"product","link":"https:\/\/www.promis.com.pl\/sklep\/p\/pudelko-prezentowe-ze-wstazka-355x180x90-mm\/","title":{"rendered":"Pude\u0142ko prezentowe ze wst\u0105\u017ck\u0105 355x180x90 mm"},"content":{"rendered":"<div class=\"row\"  id=\"row-352889117\">\n\n\t<div id=\"col-1852611332\" class=\"col medium-1 small-12 large-1\"  >\n\t\t\t\t<div class=\"col-inner\"  >\n\t\t\t\n\t\t\t\n\t<div class=\"img has-hover img-tel x md-x lg-x y md-y lg-y\" id=\"image_265427102\">\n\t\t\t\t\t\t\t\t<div class=\"img-inner dark\" >\n\t\t\t<img loading=\"lazy\" decoding=\"async\" width=\"230\" height=\"230\" src=\"https:\/\/www.promis.com.pl\/sklep\/wp-content\/uploads\/2023\/07\/Nowy-projekt-27.png\" class=\"attachment-large size-large\" alt=\"\" srcset=\"https:\/\/www.promis.com.pl\/sklep\/wp-content\/uploads\/2023\/07\/Nowy-projekt-27.png 230w, https:\/\/www.promis.com.pl\/sklep\/wp-content\/uploads\/2023\/07\/Nowy-projekt-27-100x100.png 100w\" sizes=\"(max-width: 230px) 100vw, 230px\" \/>\t\t\t\t\t\t\n\t\t\t\t\t<\/div>\n\t\t\t\t\t\t\t\t\n<style>\n#image_265427102 {\n  width: 100%;\n}\n<\/style>\n\t<\/div>\n\t\n\t\t<\/div>\n\t\t\t\t\t<\/div>\n\n\t\n\n\t<div id=\"col-787690144\" class=\"col medium-5 small-12 large-5\"  >\n\t\t\t\t<div class=\"col-inner\"  >\n\t\t\t\n\t\t\t\n\t<div id=\"text-2618167942\" class=\"text\">\n\t\t\n<div>Oryginalne pude\u0142ko ozdobne wykonane z tektury oklejonej wysokiej jako\u015bci granatowym matowym papierem. Efektowny materia\u0142 plus satynowa kokarda sprawiaj\u0105, \u017ce ka\u017cdy, nawet skromny podarunek w takim opakowaniu b\u0119dzie elegancki. Tektura falista, z kt\u00f3rej wykonane jest pude\u0142ko zapewnia bardzo dobr\u0105 ochron\u0119 zapakowanych w nie przedmiot\u00f3w.<\/div>\n<div><\/div>\n<div>Pude\u0142ko idealne do zapakowania np. 2 wysokich butelek wina czy alkoholu, kilku kaw, dowolnego zestawu prezentowego.<\/div>\n<div><\/div>\n\t\t\n<style>\n#text-2618167942 {\n  color: rgb(0,0,0);\n}\n#text-2618167942 > * {\n  color: rgb(0,0,0);\n}\n<\/style>\n\t<\/div>\n\t\n\t\t<\/div>\n\t\t\t\t\t<\/div>\n\n\t\n\n\t<div id=\"col-1621296236\" class=\"col medium-1 small-12 large-1\"  >\n\t\t\t\t<div class=\"col-inner\"  >\n\t\t\t\n\t\t\t\n\t<div class=\"img has-hover img-tel x md-x lg-x y md-y lg-y\" id=\"image_266686107\">\n\t\t\t\t\t\t\t\t<div class=\"img-inner dark\" >\n\t\t\t<img loading=\"lazy\" decoding=\"async\" width=\"230\" height=\"230\" src=\"https:\/\/www.promis.com.pl\/sklep\/wp-content\/uploads\/2023\/07\/Nowy-projekt-28.png\" class=\"attachment-large size-large\" alt=\"\" srcset=\"https:\/\/www.promis.com.pl\/sklep\/wp-content\/uploads\/2023\/07\/Nowy-projekt-28.png 230w, https:\/\/www.promis.com.pl\/sklep\/wp-content\/uploads\/2023\/07\/Nowy-projekt-28-100x100.png 100w\" sizes=\"(max-width: 230px) 100vw, 230px\" \/>\t\t\t\t\t\t\n\t\t\t\t\t<\/div>\n\t\t\t\t\t\t\t\t\n<style>\n#image_266686107 {\n  width: 100%;\n}\n<\/style>\n\t<\/div>\n\t\n\t\t<\/div>\n\t\t\t\t\t<\/div>\n\n\t\n\n\t<div id=\"col-1641869571\" class=\"col medium-5 small-12 large-5\"  >\n\t\t\t\t<div class=\"col-inner\"  >\n\t\t\t\n\t\t\t\n\t<div id=\"text-1195773724\" class=\"text\">\n\t\t\n<p><strong>SPECYFIKACJA PRODUKTU<\/strong><\/p>\n<p><strong>Wymiary wewn\u0119trzne:<\/strong> 355x180x90 mm<\/p>\n<div><strong>Materia\u0142:<\/strong> sztywna tektura 3-warstwowa z fal\u0105 E kaszerowana eleganckim matowym papierem ozdobnym, wewn\u0105trz kolor bia\u0142y.<\/div>\n<div><\/div>\n<div><strong>Gramatura:<\/strong> 505 g\/m2<\/div>\n<div><\/div>\n<div>Opakowania wysy\u0142amy w formie p\u0142askiej do samodzielnego z\u0142o\u017cenia &#8211; bardzo proste, bez u\u017cycia kleju i ta\u015bmy. Na \u017cyczenie udost\u0119pniamy film instrukta\u017cowy.<\/div>\n\t\t\n<style>\n#text-1195773724 {\n  color: rgb(0,0,0);\n}\n#text-1195773724 > * {\n  color: rgb(0,0,0);\n}\n<\/style>\n\t<\/div>\n\t\n\t\t<\/div>\n\t\t\t\t\t<\/div>\n\n\t\n<\/div>\n","protected":false},"excerpt":{"rendered":"<p><strong>Podana cena dotyczy 1 szt.<\/strong><\/p>\n<p><strong><span style=\"color: #ff0000;\">Minimum zam\u00f3wienia 50 szt. (w kratce ilo\u015b\u0107 wpisz 50 lub wielokrotno\u015b\u0107, np. 100, 150&#8230;).<\/span><\/strong><\/p>\n<p><span style=\"color: #000000;\">Je\u017celi interesuje Ci\u0119 zakup 200 szt. lub wi\u0119cej, skontaktuj si\u0119 z nami w sprawie indywidualnej wyceny.<\/span><\/p>\n<p><span style=\"color: #000000;\">Wysy\u0142ka: 5-7 dni od dnia zaksi\u0119gowania wp\u0142aty.W przypadku potrzeby skr\u00f3cenia terminu, prosimy<\/span><br \/>\n<span style=\"color: #000000;\">o kontakt przed dokonaniem zakupu.<\/span><\/p>\n<p>Wyprodukowane w Polsce<\/p>\n","protected":false},"featured_media":3283,"template":"","meta":{"_seopress_robots_primary_cat":"none"},"product_cat":[141,167,169,170],"product_tag":[],"k":[],"t-dlugosc":[],"t-szerokosc":[],"acf":[],"_links":{"self":[{"href":"https:\/\/www.promis.com.pl\/sklep\/wp-json\/wp\/v2\/product\/3282"}],"collection":[{"href":"https:\/\/www.promis.com.pl\/sklep\/wp-json\/wp\/v2\/product"}],"about":[{"href":"https:\/\/www.promis.com.pl\/sklep\/wp-json\/wp\/v2\/types\/product"}],"wp:featuredmedia":[{"embeddable":true,"href":"https:\/\/www.promis.com.pl\/sklep\/wp-json\/wp\/v2\/media\/3283"}],"wp:attachment":[{"href":"https:\/\/www.promis.com.pl\/sklep\/wp-json\/wp\/v2\/media?parent=3282"}],"wp:term":[{"taxonomy":"product_cat","embeddable":true,"href":"https:\/\/www.promis.com.pl\/sklep\/wp-json\/wp\/v2\/product_cat?post=3282"},{"taxonomy":"product_tag","embeddable":true,"href":"https:\/\/www.promis.com.pl\/sklep\/wp-json\/wp\/v2\/product_tag?post=3282"},{"taxonomy":"k","embeddable":true,"href":"https:\/\/www.promis.com.pl\/sklep\/wp-json\/wp\/v2\/k?post=3282"},{"taxonomy":"t-dlugosc","embeddable":true,"href":"https:\/\/www.promis.com.pl\/sklep\/wp-json\/wp\/v2\/t-dlugosc?post=3282"},{"taxonomy":"t-szerokosc","embeddable":true,"href":"https:\/\/www.promis.com.pl\/sklep\/wp-json\/wp\/v2\/t-szerokosc?post=3282"}],"curies":[{"name":"wp","href":"https:\/\/api.w.org\/{rel}","templated":true}]}}