{"id":3243,"date":"2023-06-28T09:09:47","date_gmt":"2023-06-28T09:09:47","guid":{"rendered":"https:\/\/www.promis.com.pl\/sklep\/?post_type=product&#038;p=3243"},"modified":"2024-08-08T07:20:46","modified_gmt":"2024-08-08T07:20:46","slug":"pudelka-na-prezent-zielone-325x270x115-mm","status":"publish","type":"product","link":"https:\/\/www.promis.com.pl\/sklep\/p\/pudelka-na-prezent-zielone-325x270x115-mm\/","title":{"rendered":"Pude\u0142ka na prezent zielone 325x270x115 mm"},"content":{"rendered":"<div class=\"row\"  id=\"row-1779907100\">\n\n\t<div id=\"col-1326500106\" class=\"col medium-1 small-12 large-1\"  >\n\t\t\t\t<div class=\"col-inner\"  >\n\t\t\t\n\t\t\t\n\t<div class=\"img has-hover img-tel x md-x lg-x y md-y lg-y\" id=\"image_2116106202\">\n\t\t\t\t\t\t\t\t<div class=\"img-inner dark\" >\n\t\t\t<img loading=\"lazy\" decoding=\"async\" width=\"230\" height=\"230\" src=\"https:\/\/www.promis.com.pl\/sklep\/wp-content\/uploads\/2023\/07\/Nowy-projekt-27.png\" class=\"attachment-large size-large\" alt=\"\" srcset=\"https:\/\/www.promis.com.pl\/sklep\/wp-content\/uploads\/2023\/07\/Nowy-projekt-27.png 230w, https:\/\/www.promis.com.pl\/sklep\/wp-content\/uploads\/2023\/07\/Nowy-projekt-27-100x100.png 100w\" sizes=\"(max-width: 230px) 100vw, 230px\" \/>\t\t\t\t\t\t\n\t\t\t\t\t<\/div>\n\t\t\t\t\t\t\t\t\n<style>\n#image_2116106202 {\n  width: 100%;\n}\n<\/style>\n\t<\/div>\n\t\n\t\t<\/div>\n\t\t\t\t\t<\/div>\n\n\t\n\n\t<div id=\"col-564207011\" class=\"col medium-5 small-12 large-5\"  >\n\t\t\t\t<div class=\"col-inner\"  >\n\t\t\t\n\t\t\t\n\t<div id=\"text-3352518597\" class=\"text\">\n\t\t\n<div>Pude\u0142ko ozdobne z wieczkiem oklejone wysokiej jako\u015bci zielonym matowym papierem. Klasyczna prosta forma oraz efektowny materia\u0142 sprawiaj\u0105, \u017ce jest to opakowanie stosowne na ka\u017cd\u0105 okazj\u0119 i na ka\u017cdy produkt. Pude\u0142ko idealnie wpisuje si\u0119 w nowoczesny styl minimalistycznej elegancji, a wytrzyma\u0142a tektura falista zapewnia bardzo dobr\u0105 ochron\u0119 zapakowanych w nie przedmiot\u00f3w.<\/div>\n<div><\/div>\n<div>Doskonale sprawdzi si\u0119 jako elegancka oprawa podarunku, zw\u0142aszcza je\u017celi dodatkowo przewi\u0105\u017cemy je efektown\u0105 wst\u0105\u017ck\u0105 czy rafi\u0105. Zmie\u015bcimy w nim np. 3 butelki wina, albo szampan i 2 kieliszki. \u015awietne do skomponowania wielu popularnych w biznesie zestaw\u00f3w prezentowych sk\u0142adaj\u0105cych si\u0119 z alkoholu, herbaty, kawy, s\u0142odyczy i jakiego\u015b fajnego gad\u017cetu.<\/div>\n<div><\/div>\n\t\t\n<style>\n#text-3352518597 {\n  color: rgb(0,0,0);\n}\n#text-3352518597 > * {\n  color: rgb(0,0,0);\n}\n<\/style>\n\t<\/div>\n\t\n\t\t<\/div>\n\t\t\t\t\t<\/div>\n\n\t\n\n\t<div id=\"col-743052921\" class=\"col medium-1 small-12 large-1\"  >\n\t\t\t\t<div class=\"col-inner\"  >\n\t\t\t\n\t\t\t\n\t<div class=\"img has-hover img-tel x md-x lg-x y md-y lg-y\" id=\"image_701558396\">\n\t\t\t\t\t\t\t\t<div class=\"img-inner dark\" >\n\t\t\t<img loading=\"lazy\" decoding=\"async\" width=\"230\" height=\"230\" src=\"https:\/\/www.promis.com.pl\/sklep\/wp-content\/uploads\/2023\/07\/Nowy-projekt-28.png\" class=\"attachment-large size-large\" alt=\"\" srcset=\"https:\/\/www.promis.com.pl\/sklep\/wp-content\/uploads\/2023\/07\/Nowy-projekt-28.png 230w, https:\/\/www.promis.com.pl\/sklep\/wp-content\/uploads\/2023\/07\/Nowy-projekt-28-100x100.png 100w\" sizes=\"(max-width: 230px) 100vw, 230px\" \/>\t\t\t\t\t\t\n\t\t\t\t\t<\/div>\n\t\t\t\t\t\t\t\t\n<style>\n#image_701558396 {\n  width: 100%;\n}\n<\/style>\n\t<\/div>\n\t\n\t\t<\/div>\n\t\t\t\t\t<\/div>\n\n\t\n\n\t<div id=\"col-755610168\" class=\"col medium-5 small-12 large-5\"  >\n\t\t\t\t<div class=\"col-inner\"  >\n\t\t\t\n\t\t\t\n\t<div id=\"text-4171987089\" class=\"text\">\n\t\t\n<p><strong>SPECYFIKACJA PRODUKTU<\/strong><\/p>\n<div><strong>Wymiary wewn\u0119trzne:<\/strong> 325x270x115 mm<\/div>\n<div><\/div>\n<div><strong>Materia\u0142:<\/strong> sztywna tektura 3-warstwowa z fal\u0105 E kaszerowana eleganckim matowym papierem ozdobnym, wewn\u0105trz kolor bia\u0142y.<\/div>\n<div><\/div>\n<div><strong>Gramatura:<\/strong> 505 g\/m2<\/div>\n<div><\/div>\n<div>Opakowania wysy\u0142amy w formie p\u0142askiej do samodzielnego z\u0142o\u017cenia &#8211; bardzo proste, bez u\u017cycia kleju i ta\u015bmy. Na \u017cyczenie udost\u0119pniamy film instrukta\u017cowy<\/div>\n\t\t\n<style>\n#text-4171987089 {\n  color: rgb(0,0,0);\n}\n#text-4171987089 > * {\n  color: rgb(0,0,0);\n}\n<\/style>\n\t<\/div>\n\t\n\t\t<\/div>\n\t\t\t\t\t<\/div>\n\n\t\n<\/div>\n","protected":false},"excerpt":{"rendered":"<p><strong>Podana cena dotyczy 1 szt.<\/strong><\/p>\n<p><strong><span style=\"color: #ff0000;\">Minimum zam\u00f3wienia 50 szt. (w kratce ilo\u015b\u0107 wpisz 50 lub wielokrotno\u015b\u0107, np. 100, 150&#8230;).<\/span><\/strong><\/p>\n<p><span style=\"color: #000000;\">Je\u017celi interesuje Ci\u0119 zakup 200 szt. lub wi\u0119cej, skontaktuj si\u0119 z nami w sprawie indywidualnej wyceny.<\/span><\/p>\n<p><span style=\"color: #000000;\">Wysy\u0142ka: 5-7 dni od dnia zaksi\u0119gowania wp\u0142aty.W przypadku potrzeby skr\u00f3cenia terminu, prosimy<\/span><br \/>\n<span style=\"color: #000000;\">o kontakt przed dokonaniem zakupu.<\/span><\/p>\n<p>Wyprodukowane w Polsce<\/p>\n","protected":false},"featured_media":3244,"template":"","meta":{"_seopress_robots_primary_cat":"none"},"product_cat":[163],"product_tag":[],"k":[],"t-dlugosc":[],"t-szerokosc":[],"acf":[],"_links":{"self":[{"href":"https:\/\/www.promis.com.pl\/sklep\/wp-json\/wp\/v2\/product\/3243"}],"collection":[{"href":"https:\/\/www.promis.com.pl\/sklep\/wp-json\/wp\/v2\/product"}],"about":[{"href":"https:\/\/www.promis.com.pl\/sklep\/wp-json\/wp\/v2\/types\/product"}],"wp:featuredmedia":[{"embeddable":true,"href":"https:\/\/www.promis.com.pl\/sklep\/wp-json\/wp\/v2\/media\/3244"}],"wp:attachment":[{"href":"https:\/\/www.promis.com.pl\/sklep\/wp-json\/wp\/v2\/media?parent=3243"}],"wp:term":[{"taxonomy":"product_cat","embeddable":true,"href":"https:\/\/www.promis.com.pl\/sklep\/wp-json\/wp\/v2\/product_cat?post=3243"},{"taxonomy":"product_tag","embeddable":true,"href":"https:\/\/www.promis.com.pl\/sklep\/wp-json\/wp\/v2\/product_tag?post=3243"},{"taxonomy":"k","embeddable":true,"href":"https:\/\/www.promis.com.pl\/sklep\/wp-json\/wp\/v2\/k?post=3243"},{"taxonomy":"t-dlugosc","embeddable":true,"href":"https:\/\/www.promis.com.pl\/sklep\/wp-json\/wp\/v2\/t-dlugosc?post=3243"},{"taxonomy":"t-szerokosc","embeddable":true,"href":"https:\/\/www.promis.com.pl\/sklep\/wp-json\/wp\/v2\/t-szerokosc?post=3243"}],"curies":[{"name":"wp","href":"https:\/\/api.w.org\/{rel}","templated":true}]}}