{"id":3157,"date":"2023-06-27T14:23:33","date_gmt":"2023-06-27T14:23:33","guid":{"rendered":"https:\/\/www.promis.com.pl\/sklep\/?post_type=product&#038;p=3157"},"modified":"2024-08-08T07:16:43","modified_gmt":"2024-08-08T07:16:43","slug":"pudelko-na-prezent-biale-130x130x140-mm","status":"publish","type":"product","link":"https:\/\/www.promis.com.pl\/sklep\/p\/pudelko-na-prezent-biale-130x130x140-mm\/","title":{"rendered":"Pude\u0142ko na prezent bia\u0142e 130x130x140 mm"},"content":{"rendered":"<div class=\"row\"  id=\"row-1285577116\">\n\n\t<div id=\"col-1017788826\" class=\"col medium-1 small-12 large-1\"  >\n\t\t\t\t<div class=\"col-inner\"  >\n\t\t\t\n\t\t\t\n\t<div class=\"img has-hover img-tel x md-x lg-x y md-y lg-y\" id=\"image_1935324946\">\n\t\t\t\t\t\t\t\t<div class=\"img-inner dark\" >\n\t\t\t<img loading=\"lazy\" decoding=\"async\" width=\"230\" height=\"230\" src=\"https:\/\/www.promis.com.pl\/sklep\/wp-content\/uploads\/2023\/07\/Nowy-projekt-27.png\" class=\"attachment-large size-large\" alt=\"\" srcset=\"https:\/\/www.promis.com.pl\/sklep\/wp-content\/uploads\/2023\/07\/Nowy-projekt-27.png 230w, https:\/\/www.promis.com.pl\/sklep\/wp-content\/uploads\/2023\/07\/Nowy-projekt-27-100x100.png 100w\" sizes=\"(max-width: 230px) 100vw, 230px\" \/>\t\t\t\t\t\t\n\t\t\t\t\t<\/div>\n\t\t\t\t\t\t\t\t\n<style>\n#image_1935324946 {\n  width: 100%;\n}\n<\/style>\n\t<\/div>\n\t\n\t\t<\/div>\n\t\t\t\t\t<\/div>\n\n\t\n\n\t<div id=\"col-1111913368\" class=\"col medium-5 small-12 large-5\"  >\n\t\t\t\t<div class=\"col-inner\"  >\n\t\t\t\n\t\t\t\n\t<div id=\"text-115362241\" class=\"text\">\n\t\t\n<div>Pude\u0142ko z wieczkiem wykonane z pr\u0105\u017ckowanej tektury falistej w kolorze bia\u0142ym. Jest to produkt kt\u00f3ry \u0142\u0105czy w sobie elegancj\u0119 i funkcjonalno\u015b\u0107, a przy tym jest przyjazny dla \u015brodowiska. Materia\u0142, z kt\u00f3rego zosta\u0142 wykonany, w pe\u0142ni ulega biodegradacji.<\/div>\n<div><\/div>\n<div>Wytrzyma\u0142a tektura zapewnia bardzo dobr\u0105 ochron\u0119 pakowanych przedmiot\u00f3w.<\/div>\n<div><\/div>\n<div>Doskona\u0142a propozycja do pakowania upomink\u00f3w. Pude\u0142ko idealne do zapakowania np. kubka czy fili\u017canki ze spodkiem, du\u017cej \u015bwiecy.<\/div>\n\t\t\n<style>\n#text-115362241 {\n  color: rgb(0,0,0);\n}\n#text-115362241 > * {\n  color: rgb(0,0,0);\n}\n<\/style>\n\t<\/div>\n\t\n\t\t<\/div>\n\t\t\t\t\t<\/div>\n\n\t\n\n\t<div id=\"col-8507008\" class=\"col medium-1 small-12 large-1\"  >\n\t\t\t\t<div class=\"col-inner\"  >\n\t\t\t\n\t\t\t\n\t<div class=\"img has-hover img-tel x md-x lg-x y md-y lg-y\" id=\"image_1317731562\">\n\t\t\t\t\t\t\t\t<div class=\"img-inner dark\" >\n\t\t\t<img loading=\"lazy\" decoding=\"async\" width=\"230\" height=\"230\" src=\"https:\/\/www.promis.com.pl\/sklep\/wp-content\/uploads\/2023\/07\/Nowy-projekt-28.png\" class=\"attachment-large size-large\" alt=\"\" srcset=\"https:\/\/www.promis.com.pl\/sklep\/wp-content\/uploads\/2023\/07\/Nowy-projekt-28.png 230w, https:\/\/www.promis.com.pl\/sklep\/wp-content\/uploads\/2023\/07\/Nowy-projekt-28-100x100.png 100w\" sizes=\"(max-width: 230px) 100vw, 230px\" \/>\t\t\t\t\t\t\n\t\t\t\t\t<\/div>\n\t\t\t\t\t\t\t\t\n<style>\n#image_1317731562 {\n  width: 100%;\n}\n<\/style>\n\t<\/div>\n\t\n\t\t<\/div>\n\t\t\t\t\t<\/div>\n\n\t\n\n\t<div id=\"col-2079559788\" class=\"col medium-5 small-12 large-5\"  >\n\t\t\t\t<div class=\"col-inner\"  >\n\t\t\t\n\t\t\t\n\t<div id=\"text-3894069546\" class=\"text\">\n\t\t\n<p><strong>SPECYFIKACJA PRODUKTU<\/strong><\/p>\n<div>\n<div><strong>Wymiary wewn\u0119trzne:<\/strong> 130x130x140 mm<\/div>\n<div><\/div>\n<div><strong>Materia\u0142:<\/strong> sztywna tektura 4-warstwowa z otwart\u0105 fal\u0105, kolor bia\u0142y.<\/div>\n<div><\/div>\n<div><strong>Gramatura:<\/strong> 480 g\/m2<\/div>\n<div><\/div>\n<div>Opakowania wysy\u0142amy w formie p\u0142askiej do samodzielnego z\u0142o\u017cenia &#8211; bardzo proste, bez u\u017cycia kleju i ta\u015bmy. Na \u017cyczenie udost\u0119pniamy film instrukta\u017cowy.<\/div>\n<\/div>\n<div><\/div>\n\t\t\n<style>\n#text-3894069546 {\n  color: rgb(0,0,0);\n}\n#text-3894069546 > * {\n  color: rgb(0,0,0);\n}\n<\/style>\n\t<\/div>\n\t\n\t\t<\/div>\n\t\t\t\t\t<\/div>\n\n\t\n<\/div>\n","protected":false},"excerpt":{"rendered":"<p><strong>Podana cena dotyczy 1 szt.<\/strong><\/p>\n<p><strong><span style=\"color: #ff0000;\">Minimum zam\u00f3wienia 50 szt. (w kratce ilo\u015b\u0107 wpisz 50 lub wielokrotno\u015b\u0107, np. 100, 150&#8230;).<\/span><\/strong><\/p>\n<p><span style=\"color: #000000;\">Je\u017celi interesuje Ci\u0119 zakup 200 szt. lub wi\u0119cej, skontaktuj si\u0119 z nami w sprawie indywidualnej wyceny.<\/span><\/p>\n<p><span style=\"color: #000000;\">Wysy\u0142ka: 5-7 dni od dnia zaksi\u0119gowania wp\u0142aty.W przypadku potrzeby skr\u00f3cenia terminu, prosimy<\/span><br \/>\n<span style=\"color: #000000;\">o kontakt przed dokonaniem zakupu.<\/span><\/p>\n<p>Wyprodukowane w Polsce<\/p>\n","protected":false},"featured_media":3158,"template":"","meta":{"_seopress_robots_primary_cat":"none"},"product_cat":[159],"product_tag":[],"k":[],"t-dlugosc":[],"t-szerokosc":[],"acf":[],"_links":{"self":[{"href":"https:\/\/www.promis.com.pl\/sklep\/wp-json\/wp\/v2\/product\/3157"}],"collection":[{"href":"https:\/\/www.promis.com.pl\/sklep\/wp-json\/wp\/v2\/product"}],"about":[{"href":"https:\/\/www.promis.com.pl\/sklep\/wp-json\/wp\/v2\/types\/product"}],"wp:featuredmedia":[{"embeddable":true,"href":"https:\/\/www.promis.com.pl\/sklep\/wp-json\/wp\/v2\/media\/3158"}],"wp:attachment":[{"href":"https:\/\/www.promis.com.pl\/sklep\/wp-json\/wp\/v2\/media?parent=3157"}],"wp:term":[{"taxonomy":"product_cat","embeddable":true,"href":"https:\/\/www.promis.com.pl\/sklep\/wp-json\/wp\/v2\/product_cat?post=3157"},{"taxonomy":"product_tag","embeddable":true,"href":"https:\/\/www.promis.com.pl\/sklep\/wp-json\/wp\/v2\/product_tag?post=3157"},{"taxonomy":"k","embeddable":true,"href":"https:\/\/www.promis.com.pl\/sklep\/wp-json\/wp\/v2\/k?post=3157"},{"taxonomy":"t-dlugosc","embeddable":true,"href":"https:\/\/www.promis.com.pl\/sklep\/wp-json\/wp\/v2\/t-dlugosc?post=3157"},{"taxonomy":"t-szerokosc","embeddable":true,"href":"https:\/\/www.promis.com.pl\/sklep\/wp-json\/wp\/v2\/t-szerokosc?post=3157"}],"curies":[{"name":"wp","href":"https:\/\/api.w.org\/{rel}","templated":true}]}}