{"id":3051,"date":"2023-06-27T08:29:30","date_gmt":"2023-06-27T08:29:30","guid":{"rendered":"https:\/\/www.promis.com.pl\/sklep\/?post_type=product&#038;p=3051"},"modified":"2023-08-25T13:22:14","modified_gmt":"2023-08-25T13:22:14","slug":"pudelko-na-wino-granatowe-90x90x430-mm","status":"publish","type":"product","link":"https:\/\/www.promis.com.pl\/sklep\/p\/pudelko-na-wino-granatowe-90x90x430-mm\/","title":{"rendered":"Pude\u0142ko na wino granatowe 90x90x430 mm WN02"},"content":{"rendered":"<div class=\"row\"  id=\"row-1797342305\">\n\n\t<div id=\"col-118726425\" class=\"col medium-1 small-12 large-1\"  >\n\t\t\t\t<div class=\"col-inner\"  >\n\t\t\t\n\t\t\t\n\t<div class=\"img has-hover img-tel x md-x lg-x y md-y lg-y\" id=\"image_1047699874\">\n\t\t\t\t\t\t\t\t<div class=\"img-inner dark\" >\n\t\t\t<img loading=\"lazy\" decoding=\"async\" width=\"230\" height=\"230\" src=\"https:\/\/www.promis.com.pl\/sklep\/wp-content\/uploads\/2023\/07\/Nowy-projekt-27.png\" class=\"attachment-large size-large\" alt=\"\" srcset=\"https:\/\/www.promis.com.pl\/sklep\/wp-content\/uploads\/2023\/07\/Nowy-projekt-27.png 230w, https:\/\/www.promis.com.pl\/sklep\/wp-content\/uploads\/2023\/07\/Nowy-projekt-27-100x100.png 100w\" sizes=\"(max-width: 230px) 100vw, 230px\" \/>\t\t\t\t\t\t\n\t\t\t\t\t<\/div>\n\t\t\t\t\t\t\t\t\n<style>\n#image_1047699874 {\n  width: 100%;\n}\n<\/style>\n\t<\/div>\n\t\n\t\t<\/div>\n\t\t\t\t\t<\/div>\n\n\t\n\n\t<div id=\"col-1615846323\" class=\"col medium-5 small-12 large-5\"  >\n\t\t\t\t<div class=\"col-inner\"  >\n\t\t\t\n\t\t\t\n\t<div id=\"text-3870642831\" class=\"text\">\n\t\t\n<p>Eleganckie pude\u0142ko ozdobne na 1 butelk\u0119 wina z wygodnym uchwytem. Wykonane z tektury falistej oklejonej wysokiej jako\u015bci granatowym matowym papierem. Ten rodzaj materia\u0142u jest nie tylko efektowny, ale r\u00f3wnie\u017c bardzo solidny. To nie jest zwyk\u0142y cienki karton ozdobny! Pude\u0142ko jest bardzo wytrzyma\u0142e i odporne na uszkodzenia. Wymiary opakowania doskonale dopasowuj\u0105 si\u0119 do standardowych butelek alkoholu dost\u0119pnych obecnie na rynku.<\/p>\n<p>Pude\u0142ko idealne jako opakowanie prezentowe na ka\u017cd\u0105 okazj\u0119, r\u00f3wnie\u017c jako upominek biznesowy.<\/p>\n\t\t\n<style>\n#text-3870642831 {\n  color: rgb(0,0,0);\n}\n#text-3870642831 > * {\n  color: rgb(0,0,0);\n}\n<\/style>\n\t<\/div>\n\t\n\t\t<\/div>\n\t\t\t\t\t<\/div>\n\n\t\n\n\t<div id=\"col-222923273\" class=\"col medium-1 small-12 large-1\"  >\n\t\t\t\t<div class=\"col-inner\"  >\n\t\t\t\n\t\t\t\n\t<div class=\"img has-hover img-tel x md-x lg-x y md-y lg-y\" id=\"image_1075317336\">\n\t\t\t\t\t\t\t\t<div class=\"img-inner dark\" >\n\t\t\t<img loading=\"lazy\" decoding=\"async\" width=\"230\" height=\"230\" src=\"https:\/\/www.promis.com.pl\/sklep\/wp-content\/uploads\/2023\/07\/Nowy-projekt-28.png\" class=\"attachment-large size-large\" alt=\"\" srcset=\"https:\/\/www.promis.com.pl\/sklep\/wp-content\/uploads\/2023\/07\/Nowy-projekt-28.png 230w, https:\/\/www.promis.com.pl\/sklep\/wp-content\/uploads\/2023\/07\/Nowy-projekt-28-100x100.png 100w\" sizes=\"(max-width: 230px) 100vw, 230px\" \/>\t\t\t\t\t\t\n\t\t\t\t\t<\/div>\n\t\t\t\t\t\t\t\t\n<style>\n#image_1075317336 {\n  width: 100%;\n}\n<\/style>\n\t<\/div>\n\t\n\t\t<\/div>\n\t\t\t\t\t<\/div>\n\n\t\n\n\t<div id=\"col-1128378195\" class=\"col medium-5 small-12 large-5\"  >\n\t\t\t\t<div class=\"col-inner\"  >\n\t\t\t\n\t\t\t\n\t<div id=\"text-3098282213\" class=\"text\">\n\t\t\n<p><strong>Specyfikacja produktu<\/strong><\/p>\n<p><strong>Wymiary wewn\u0119trzne:<\/strong> 90x90x430 mm<\/p>\n<p><strong>Materia\u0142: <\/strong>sztywna tektura 3-warstwowa z fal\u0105 E kaszerowana eleganckim matowym papierem ozdobnym, wewn\u0105trz kolor bia\u0142y.<\/p>\n<p><strong>Gramatura:<\/strong> 505 g\/m2<\/p>\n<p>Opakowania wysy\u0142amy w formie p\u0142askiej do samodzielnego z\u0142o\u017cenia &#8211; bardzo proste, bez u\u017cycia kleju i ta\u015bmy. Na \u017cyczenie udost\u0119pniamy film instrukta\u017cowy.<\/p>\n\t\t\n<style>\n#text-3098282213 {\n  color: rgb(0,0,0);\n}\n#text-3098282213 > * {\n  color: rgb(0,0,0);\n}\n<\/style>\n\t<\/div>\n\t\n\t\t<\/div>\n\t\t\t\t\t<\/div>\n\n\t\n<\/div>\n","protected":false},"excerpt":{"rendered":"<p><strong>Podana cena dotyczy 1 szt.<\/strong><\/p>\n<p><strong><span style=\"color: #ff0000\">Minimum zam\u00f3wienia 50 szt. (w kratce ilo\u015b\u0107 wpisz 50 lub wielokrotno\u015b\u0107, np. 100, 150&#8230;).<\/span><\/strong><\/p>\n<p><span style=\"color: #000000\">Je\u017celi interesuje Ci\u0119 zakup 200 szt. lub wi\u0119cej, skontaktuj si\u0119 z nami w sprawie indywidualnej wyceny.<\/span><\/p>\n<p><span style=\"color: #000000\">Wysy\u0142ka: 5-7 dni od dnia zaksi\u0119gowania wp\u0142aty.W przypadku potrzeby skr\u00f3cenia terminu, prosimy<\/span><br \/>\n<span style=\"color: #000000\">o kontakt przed dokonaniem zakupu.<\/span><\/p>\n<p>Wyprodukowane w Polsce<\/p>\n","protected":false},"featured_media":3052,"template":"","meta":{"_seopress_robots_primary_cat":"none"},"product_cat":[138,154],"product_tag":[],"k":[],"t-dlugosc":[],"t-szerokosc":[],"acf":[],"_links":{"self":[{"href":"https:\/\/www.promis.com.pl\/sklep\/wp-json\/wp\/v2\/product\/3051"}],"collection":[{"href":"https:\/\/www.promis.com.pl\/sklep\/wp-json\/wp\/v2\/product"}],"about":[{"href":"https:\/\/www.promis.com.pl\/sklep\/wp-json\/wp\/v2\/types\/product"}],"wp:featuredmedia":[{"embeddable":true,"href":"https:\/\/www.promis.com.pl\/sklep\/wp-json\/wp\/v2\/media\/3052"}],"wp:attachment":[{"href":"https:\/\/www.promis.com.pl\/sklep\/wp-json\/wp\/v2\/media?parent=3051"}],"wp:term":[{"taxonomy":"product_cat","embeddable":true,"href":"https:\/\/www.promis.com.pl\/sklep\/wp-json\/wp\/v2\/product_cat?post=3051"},{"taxonomy":"product_tag","embeddable":true,"href":"https:\/\/www.promis.com.pl\/sklep\/wp-json\/wp\/v2\/product_tag?post=3051"},{"taxonomy":"k","embeddable":true,"href":"https:\/\/www.promis.com.pl\/sklep\/wp-json\/wp\/v2\/k?post=3051"},{"taxonomy":"t-dlugosc","embeddable":true,"href":"https:\/\/www.promis.com.pl\/sklep\/wp-json\/wp\/v2\/t-dlugosc?post=3051"},{"taxonomy":"t-szerokosc","embeddable":true,"href":"https:\/\/www.promis.com.pl\/sklep\/wp-json\/wp\/v2\/t-szerokosc?post=3051"}],"curies":[{"name":"wp","href":"https:\/\/api.w.org\/{rel}","templated":true}]}}