{"id":3011,"date":"2023-05-09T12:16:41","date_gmt":"2023-05-09T12:16:41","guid":{"rendered":"https:\/\/www.promis.com.pl\/sklep\/?post_type=product&#038;p=3011"},"modified":"2023-08-24T08:57:29","modified_gmt":"2023-08-24T08:57:29","slug":"wn11-pudelko-na-1-butelke-platkami-sniegu","status":"publish","type":"product","link":"https:\/\/www.promis.com.pl\/sklep\/p\/wn11-pudelko-na-1-butelke-platkami-sniegu\/","title":{"rendered":"WN11 Pude\u0142ko na 1 butelk\u0119, p\u0142atkami \u015bniegu"},"content":{"rendered":"","protected":false},"excerpt":{"rendered":"<p>Wymiary wewn\u0119trzne: 330x95x95 mm<\/p>\n<p>Ekologiczne pude\u0142ko sk\u0142adaj\u0105ce si\u0119 ze spodu i przykrywaj\u0105cego go wieczka wykonane ze sztywnej tektury falistej. D\u00f3\u0142 pude\u0142ka w kolorze naturalnym, wieczko \u2013 papierem kraft z nadrukowanymi na nim p\u0142atkami \u015bniegu. Od wewn\u0105trz kolor bia\u0142y. Klasyczna prosta forma oraz efektowne materia\u0142y sprawiaj\u0105, \u017ce jest to opakowanie na wino czy alkohol idealne na nadchodz\u0105ce \u015bwi\u0119ta Bo\u017cego Narodzenia. Przewi\u0105zane wst\u0105\u017ck\u0105 stanowi eleganck\u0105 opraw\u0119 upominku.<br \/>\nPude\u0142ka wysy\u0142amy w postaci p\u0142askiej, do samodzielnego (nieskomplikowanego) z\u0142o\u017cenia.<\/p>\n<p>Cena za szt. \u2013 9,2 z\u0142 + koszt przesy\u0142ki DPD (1-100 szt. \u2013 25,00 z\u0142).<br \/>\n<b>Dost\u0119pna du\u017ca ilo\u015b\u0107<\/b><\/p>\n","protected":false},"featured_media":3012,"template":"","meta":{"_seopress_robots_primary_cat":"none"},"product_cat":[15],"product_tag":[],"k":[],"t-dlugosc":[],"t-szerokosc":[],"acf":[],"_links":{"self":[{"href":"https:\/\/www.promis.com.pl\/sklep\/wp-json\/wp\/v2\/product\/3011"}],"collection":[{"href":"https:\/\/www.promis.com.pl\/sklep\/wp-json\/wp\/v2\/product"}],"about":[{"href":"https:\/\/www.promis.com.pl\/sklep\/wp-json\/wp\/v2\/types\/product"}],"wp:featuredmedia":[{"embeddable":true,"href":"https:\/\/www.promis.com.pl\/sklep\/wp-json\/wp\/v2\/media\/3012"}],"wp:attachment":[{"href":"https:\/\/www.promis.com.pl\/sklep\/wp-json\/wp\/v2\/media?parent=3011"}],"wp:term":[{"taxonomy":"product_cat","embeddable":true,"href":"https:\/\/www.promis.com.pl\/sklep\/wp-json\/wp\/v2\/product_cat?post=3011"},{"taxonomy":"product_tag","embeddable":true,"href":"https:\/\/www.promis.com.pl\/sklep\/wp-json\/wp\/v2\/product_tag?post=3011"},{"taxonomy":"k","embeddable":true,"href":"https:\/\/www.promis.com.pl\/sklep\/wp-json\/wp\/v2\/k?post=3011"},{"taxonomy":"t-dlugosc","embeddable":true,"href":"https:\/\/www.promis.com.pl\/sklep\/wp-json\/wp\/v2\/t-dlugosc?post=3011"},{"taxonomy":"t-szerokosc","embeddable":true,"href":"https:\/\/www.promis.com.pl\/sklep\/wp-json\/wp\/v2\/t-szerokosc?post=3011"}],"curies":[{"name":"wp","href":"https:\/\/api.w.org\/{rel}","templated":true}]}}