{"id":3008,"date":"2023-05-09T12:10:54","date_gmt":"2023-05-09T12:10:54","guid":{"rendered":"https:\/\/www.promis.com.pl\/sklep\/?post_type=product&#038;p=3008"},"modified":"2023-08-24T08:57:22","modified_gmt":"2023-08-24T08:57:22","slug":"pr01-pudelko-z-platkami-sniegu-kraft","status":"publish","type":"product","link":"https:\/\/www.promis.com.pl\/sklep\/p\/pr01-pudelko-z-platkami-sniegu-kraft\/","title":{"rendered":"PR01 Pude\u0142ko z p\u0142atkami \u015bniegu kraft"},"content":{"rendered":"","protected":false},"excerpt":{"rendered":"<p>Wymiary wewn\u0119trzne: 330x180x90 mm<br \/>\nEkologiczne pude\u0142ko sk\u0142adaj\u0105ce si\u0119 ze spodu i przykrywaj\u0105cego go wieczka wykonane ze sztywnej tektury falistej. D\u00f3\u0142 pude\u0142ka w kolorze naturalnym, wieczko \u2013 papierem kraft z nadrukowanymi na nim p\u0142atkami \u015bniegu. Od wewn\u0105trz kolor bia\u0142y.<br \/>\nIdealne do zapakowania \u015bwi\u0105tecznych prezent\u00f3w. Wymiary pude\u0142ka idealne pod zestaw prezentowy z alkoholem. Forma i kolorystyka pude\u0142ka stwarzaj\u0105 wiele mo\u017cliwo\u015bci aran\u017cacyjnych z dodatkiem wst\u0105\u017cki, rafii, czy dodatk\u00f3w wywo\u0142uj\u0105cych mi\u0142e skojarzenia z Bo\u017cym Narodzeniem.<br \/>\nPude\u0142ka wysy\u0142amy w postaci p\u0142askiej, do samodzielnego (nieskomplikowanego) z\u0142o\u017cenia.<\/p>\n<p>Cena za szt. \u2013 10,6 z\u0142 + koszt przesy\u0142ki DPD (1-100 szt. \u2013 25,00 z\u0142).<br \/>\n<b>Dost\u0119pna du\u017ca ilo\u015b\u0107<\/b><\/p>\n","protected":false},"featured_media":3009,"template":"","meta":{"_seopress_robots_primary_cat":"none"},"product_cat":[15],"product_tag":[],"k":[],"t-dlugosc":[],"t-szerokosc":[],"acf":[],"_links":{"self":[{"href":"https:\/\/www.promis.com.pl\/sklep\/wp-json\/wp\/v2\/product\/3008"}],"collection":[{"href":"https:\/\/www.promis.com.pl\/sklep\/wp-json\/wp\/v2\/product"}],"about":[{"href":"https:\/\/www.promis.com.pl\/sklep\/wp-json\/wp\/v2\/types\/product"}],"wp:featuredmedia":[{"embeddable":true,"href":"https:\/\/www.promis.com.pl\/sklep\/wp-json\/wp\/v2\/media\/3009"}],"wp:attachment":[{"href":"https:\/\/www.promis.com.pl\/sklep\/wp-json\/wp\/v2\/media?parent=3008"}],"wp:term":[{"taxonomy":"product_cat","embeddable":true,"href":"https:\/\/www.promis.com.pl\/sklep\/wp-json\/wp\/v2\/product_cat?post=3008"},{"taxonomy":"product_tag","embeddable":true,"href":"https:\/\/www.promis.com.pl\/sklep\/wp-json\/wp\/v2\/product_tag?post=3008"},{"taxonomy":"k","embeddable":true,"href":"https:\/\/www.promis.com.pl\/sklep\/wp-json\/wp\/v2\/k?post=3008"},{"taxonomy":"t-dlugosc","embeddable":true,"href":"https:\/\/www.promis.com.pl\/sklep\/wp-json\/wp\/v2\/t-dlugosc?post=3008"},{"taxonomy":"t-szerokosc","embeddable":true,"href":"https:\/\/www.promis.com.pl\/sklep\/wp-json\/wp\/v2\/t-szerokosc?post=3008"}],"curies":[{"name":"wp","href":"https:\/\/api.w.org\/{rel}","templated":true}]}}