{"id":3005,"date":"2023-05-09T12:07:04","date_gmt":"2023-05-09T12:07:04","guid":{"rendered":"https:\/\/www.promis.com.pl\/sklep\/?post_type=product&#038;p=3005"},"modified":"2023-08-24T08:56:25","modified_gmt":"2023-08-24T08:56:25","slug":"kw-03-pudelko-z-wieczkiem","status":"publish","type":"product","link":"https:\/\/www.promis.com.pl\/sklep\/p\/kw-03-pudelko-z-wieczkiem\/","title":{"rendered":"KW 03 Pude\u0142ko z wieczkiem"},"content":{"rendered":"","protected":false},"excerpt":{"rendered":"<p>Wymiary wewn\u0119trzne: 80x80x150 mm<br \/>\nPude\u0142ko sk\u0142adaj\u0105ce si\u0119 ze spodu i przykrywaj\u0105cego go wieczka. Wykonane ze sztywnej, grubej tektury introligatorskiej oklejonej eleganckim papierem ozdobnym.<br \/>\nIdealne na drobny upominek, cz\u0119sto wykorzystywane jako ma\u0142y flowerbox.<br \/>\nCena za szt. \u2013 12,30 z\u0142 + koszt przesy\u0142ki DPD (1-50 szt. \u2013 25,00 z\u0142).<br \/>\n<b>Dost\u0119pne ilo\u015bci:<br \/>\nKolor czarny \u2013 120 szt.<br \/>\nKolor r\u00f3\u017cowy \u2013 19 szt.<br \/>\nKolor czerwony \u2013 13 szt.<br \/>\nKolor srebrny \u2013 37 szt.<br \/>\nKolor bordo \u2013 14 szt.<br \/>\nKolor szary \u2013 11 szt.<br \/>\nKolor z\u0142oty \u2013 6 szt.<br \/>\nKolor granatowy \u2013 2 szt.<br \/>\nKolor zielony pastel \u2013 2 szt.<br \/>\nKolor niebieski pastel \u2013 2 szt.<\/b><\/p>\n","protected":false},"featured_media":3006,"template":"","meta":{"_seopress_robots_primary_cat":"none"},"product_cat":[15],"product_tag":[],"k":[],"t-dlugosc":[],"t-szerokosc":[],"acf":[],"_links":{"self":[{"href":"https:\/\/www.promis.com.pl\/sklep\/wp-json\/wp\/v2\/product\/3005"}],"collection":[{"href":"https:\/\/www.promis.com.pl\/sklep\/wp-json\/wp\/v2\/product"}],"about":[{"href":"https:\/\/www.promis.com.pl\/sklep\/wp-json\/wp\/v2\/types\/product"}],"wp:featuredmedia":[{"embeddable":true,"href":"https:\/\/www.promis.com.pl\/sklep\/wp-json\/wp\/v2\/media\/3006"}],"wp:attachment":[{"href":"https:\/\/www.promis.com.pl\/sklep\/wp-json\/wp\/v2\/media?parent=3005"}],"wp:term":[{"taxonomy":"product_cat","embeddable":true,"href":"https:\/\/www.promis.com.pl\/sklep\/wp-json\/wp\/v2\/product_cat?post=3005"},{"taxonomy":"product_tag","embeddable":true,"href":"https:\/\/www.promis.com.pl\/sklep\/wp-json\/wp\/v2\/product_tag?post=3005"},{"taxonomy":"k","embeddable":true,"href":"https:\/\/www.promis.com.pl\/sklep\/wp-json\/wp\/v2\/k?post=3005"},{"taxonomy":"t-dlugosc","embeddable":true,"href":"https:\/\/www.promis.com.pl\/sklep\/wp-json\/wp\/v2\/t-dlugosc?post=3005"},{"taxonomy":"t-szerokosc","embeddable":true,"href":"https:\/\/www.promis.com.pl\/sklep\/wp-json\/wp\/v2\/t-szerokosc?post=3005"}],"curies":[{"name":"wp","href":"https:\/\/api.w.org\/{rel}","templated":true}]}}