{"id":2999,"date":"2023-05-09T11:57:17","date_gmt":"2023-05-09T11:57:17","guid":{"rendered":"https:\/\/www.promis.com.pl\/sklep\/?post_type=product&#038;p=2999"},"modified":"2023-08-24T08:54:52","modified_gmt":"2023-08-24T08:54:52","slug":"pr01-pudelko-biale-eko","status":"publish","type":"product","link":"https:\/\/www.promis.com.pl\/sklep\/p\/pr01-pudelko-biale-eko\/","title":{"rendered":"PR01 Pude\u0142ko bia\u0142e EKO"},"content":{"rendered":"","protected":false},"excerpt":{"rendered":"<p>Wymiary wewn\u0119trzne: 395x345x140 mm<br \/>\nPude\u0142ko sk\u0142adaj\u0105ce si\u0119 ze spodu ze sk\u0142adanym dnem i przykrywaj\u0105cego go wieczka wykonane z bia\u0142ej tektury ozdobnej o pr\u0105\u017ckowanej strukturze.<br \/>\nIdealne do zapakowania du\u017cych lekkich przedmiot\u00f3w typu koc, po\u015bciel, poduszka, kurtka, itp.<br \/>\nPude\u0142ka wysy\u0142amy w postaci p\u0142askiej, do samodzielnego (nieskomplikowanego) z\u0142o\u017cenia.<\/p>\n<p>Cena za szt. \u2013 13,2 z\u0142 + koszt przesy\u0142ki DPD (1-50 szt. \u2013 25,00 z\u0142).<br \/>\n<b>Dost\u0119pna ilo\u015b\u0107: 69 szt.<\/b><\/p>\n<div id=\"row-245781758\" class=\"row has-block\">\n<div id=\"col-2009064736\" class=\"col small-12 large-12\">\n<div class=\"col-inner\">\n<div class=\"is-border\"><\/div>\n<div id=\"text-3198655826\" class=\"text\"><\/div>\n<\/div>\n<\/div>\n<\/div>\n","protected":false},"featured_media":3000,"template":"","meta":{"_seopress_robots_primary_cat":"none"},"product_cat":[15],"product_tag":[],"k":[],"t-dlugosc":[],"t-szerokosc":[],"acf":[],"_links":{"self":[{"href":"https:\/\/www.promis.com.pl\/sklep\/wp-json\/wp\/v2\/product\/2999"}],"collection":[{"href":"https:\/\/www.promis.com.pl\/sklep\/wp-json\/wp\/v2\/product"}],"about":[{"href":"https:\/\/www.promis.com.pl\/sklep\/wp-json\/wp\/v2\/types\/product"}],"wp:featuredmedia":[{"embeddable":true,"href":"https:\/\/www.promis.com.pl\/sklep\/wp-json\/wp\/v2\/media\/3000"}],"wp:attachment":[{"href":"https:\/\/www.promis.com.pl\/sklep\/wp-json\/wp\/v2\/media?parent=2999"}],"wp:term":[{"taxonomy":"product_cat","embeddable":true,"href":"https:\/\/www.promis.com.pl\/sklep\/wp-json\/wp\/v2\/product_cat?post=2999"},{"taxonomy":"product_tag","embeddable":true,"href":"https:\/\/www.promis.com.pl\/sklep\/wp-json\/wp\/v2\/product_tag?post=2999"},{"taxonomy":"k","embeddable":true,"href":"https:\/\/www.promis.com.pl\/sklep\/wp-json\/wp\/v2\/k?post=2999"},{"taxonomy":"t-dlugosc","embeddable":true,"href":"https:\/\/www.promis.com.pl\/sklep\/wp-json\/wp\/v2\/t-dlugosc?post=2999"},{"taxonomy":"t-szerokosc","embeddable":true,"href":"https:\/\/www.promis.com.pl\/sklep\/wp-json\/wp\/v2\/t-szerokosc?post=2999"}],"curies":[{"name":"wp","href":"https:\/\/api.w.org\/{rel}","templated":true}]}}