{"id":2991,"date":"2023-05-09T11:47:02","date_gmt":"2023-05-09T11:47:02","guid":{"rendered":"https:\/\/www.promis.com.pl\/sklep\/?post_type=product&#038;p=2991"},"modified":"2023-08-24T08:53:59","modified_gmt":"2023-08-24T08:53:59","slug":"hm-105-pudelko-z-wieczkiem-3","status":"publish","type":"product","link":"https:\/\/www.promis.com.pl\/sklep\/p\/hm-105-pudelko-z-wieczkiem-3\/","title":{"rendered":"HM 105 Pude\u0142ko z wieczkiem"},"content":{"rendered":"","protected":false},"excerpt":{"rendered":"<p>Wymiary wewn\u0119trzne: 150x150x90 mm<br \/>\nKlasyczne pude\u0142ko sk\u0142adaj\u0105ce si\u0119 ze spodu i przykrywaj\u0105cego go wieczka. Wykonane ze sztywnej, grubej tektury introligatorskiej oklejonej eleganckim papierem ozdobnym. Przewi\u0105zane wst\u0105\u017ck\u0105 nabiera uroczystego, prezentowego charakteru.<br \/>\nIdealne do zapakowania np. eleganckiej fili\u017canki lub kubka.<br \/>\n<u>Uwaga! Pude\u0142ka sprzedajemy bez wst\u0105\u017cki widocznej na zdj\u0119ciach.<\/u><\/p>\n<p>Cena za szt. \u2013 16,60 z\u0142 + koszt przesy\u0142ki DPD (1-48 szt. \u2013 25,00 z\u0142).<br \/>\n<b>Dost\u0119pne ilo\u015bci:<br \/>\nKolor bia\u0142y \u2013 33 szt.<br \/>\nKolor bordo \u2013 30 szt.<br \/>\nKolor szary ciemny \u2013 33 szt.<br \/>\nKolor szary jasny \u2013 29 szt.<br \/>\nKolor magenta \u2013 35 szt.<br \/>\nKolor niebieski pastel \u2013 34 szt.<br \/>\nKolor \u017c\u00f3\u0142ty pastel \u2013 34 szt.<br \/>\nKolor ecru \u2013 24 szt.<br \/>\nKolor zielony pastel \u2013 34 szt.<br \/>\nKolor z\u0142oty \u2013 9 szt.<br \/>\nKolor czerwony \u2013 9 szt.<br \/>\nKolor grantowy \u2013 7 szt.<\/b><\/p>\n","protected":false},"featured_media":2992,"template":"","meta":{"_seopress_robots_primary_cat":"none"},"product_cat":[15],"product_tag":[],"k":[],"t-dlugosc":[],"t-szerokosc":[],"acf":[],"_links":{"self":[{"href":"https:\/\/www.promis.com.pl\/sklep\/wp-json\/wp\/v2\/product\/2991"}],"collection":[{"href":"https:\/\/www.promis.com.pl\/sklep\/wp-json\/wp\/v2\/product"}],"about":[{"href":"https:\/\/www.promis.com.pl\/sklep\/wp-json\/wp\/v2\/types\/product"}],"wp:featuredmedia":[{"embeddable":true,"href":"https:\/\/www.promis.com.pl\/sklep\/wp-json\/wp\/v2\/media\/2992"}],"wp:attachment":[{"href":"https:\/\/www.promis.com.pl\/sklep\/wp-json\/wp\/v2\/media?parent=2991"}],"wp:term":[{"taxonomy":"product_cat","embeddable":true,"href":"https:\/\/www.promis.com.pl\/sklep\/wp-json\/wp\/v2\/product_cat?post=2991"},{"taxonomy":"product_tag","embeddable":true,"href":"https:\/\/www.promis.com.pl\/sklep\/wp-json\/wp\/v2\/product_tag?post=2991"},{"taxonomy":"k","embeddable":true,"href":"https:\/\/www.promis.com.pl\/sklep\/wp-json\/wp\/v2\/k?post=2991"},{"taxonomy":"t-dlugosc","embeddable":true,"href":"https:\/\/www.promis.com.pl\/sklep\/wp-json\/wp\/v2\/t-dlugosc?post=2991"},{"taxonomy":"t-szerokosc","embeddable":true,"href":"https:\/\/www.promis.com.pl\/sklep\/wp-json\/wp\/v2\/t-szerokosc?post=2991"}],"curies":[{"name":"wp","href":"https:\/\/api.w.org\/{rel}","templated":true}]}}