{"id":2975,"date":"2023-05-09T11:26:06","date_gmt":"2023-05-09T11:26:06","guid":{"rendered":"https:\/\/www.promis.com.pl\/sklep\/?post_type=product&#038;p=2975"},"modified":"2023-08-24T08:51:50","modified_gmt":"2023-08-24T08:51:50","slug":"pr12-pudelko-z-uchwytem","status":"publish","type":"product","link":"https:\/\/www.promis.com.pl\/sklep\/p\/pr12-pudelko-z-uchwytem\/","title":{"rendered":"PR12 pude\u0142ko z uchwytem"},"content":{"rendered":"<p><main id=\"main\" class=\"\"><\/p>\n<div class=\"shop-container\">\n<div id=\"product-4560\" class=\"product type-product post-4560 status-publish first instock product_cat-dostepne-od-reki has-post-thumbnail shipping-taxable product-type-simple\">\n<div class=\"product-container\">\n<div class=\"product-footer\">\n<div class=\"container\">\n<div class=\"woocommerce-tabs wc-tabs-wrapper container tabbed-content\">\n<div class=\"tab-panels\">\n<div id=\"tab-description\" class=\"woocommerce-Tabs-panel woocommerce-Tabs-panel--description panel entry-content active\" role=\"tabpanel\" aria-labelledby=\"tab-title-description\">\n<div id=\"text-2882024552\" class=\"text\">\n<p>Prezentowane zdj\u0119cia maj\u0105 charakter pogl\u0105dowy. Ze wzgl\u0119du na technik\u0119 wy\u015bwietlania (zale\u017cne od ustawie\u0144 monitora) oraz warunki wykonywania zdj\u0119\u0107, rzeczywisty wygl\u0105d kolor\u00f3w mo\u017ce r\u00f3\u017cni\u0107 si\u0119 od prezentowanego na stronie.<\/p>\n<\/div>\n<div id=\"row-1180588617\" class=\"row\"><\/div>\n<\/div>\n<\/div>\n<\/div>\n<\/div>\n<\/div>\n<\/div>\n<\/div>\n<\/div>\n<p><\/main><\/p>\n<footer id=\"footer\" class=\"footer-wrapper\">\n<div class=\"footer-widgets footer footer-2 dark\">\n<div class=\"row dark large-columns-4 mb-0\">\n<div id=\"text-15\" class=\"col pb-0 widget widget_text\">\n<div class=\"textwidget\"><\/div>\n<\/div>\n<\/div>\n<\/div>\n<\/footer>\n","protected":false},"excerpt":{"rendered":"<p>Wymiary wewn\u0119trzne: 135x135x320(200) mm<br \/>\nPude\u0142ka ze sztywnej tektury z wygodnym uchwytem. Idealne do zapakowania wielu upomink\u00f3w typu \u015bwieca, bombka, kawa, zestaw s\u0142odyczy, itp.<\/p>\n<p>Transport w postaci p\u0142askiej, pude\u0142ka do samodzielnego z\u0142o\u017cenia (bez u\u017cycia kleju).<\/p>\n<p>Cena za szt. \u2013 9,8 z\u0142 + koszt przesy\u0142ki DPD (1-100 szt. \u2013 25,00 z\u0142).<br \/>\n<b>Dost\u0119pna ilo\u015b\u0107: 84 szt.<\/b><\/p>\n","protected":false},"featured_media":2976,"template":"","meta":{"_seopress_robots_primary_cat":"none"},"product_cat":[15],"product_tag":[],"k":[],"t-dlugosc":[],"t-szerokosc":[],"acf":[],"_links":{"self":[{"href":"https:\/\/www.promis.com.pl\/sklep\/wp-json\/wp\/v2\/product\/2975"}],"collection":[{"href":"https:\/\/www.promis.com.pl\/sklep\/wp-json\/wp\/v2\/product"}],"about":[{"href":"https:\/\/www.promis.com.pl\/sklep\/wp-json\/wp\/v2\/types\/product"}],"wp:featuredmedia":[{"embeddable":true,"href":"https:\/\/www.promis.com.pl\/sklep\/wp-json\/wp\/v2\/media\/2976"}],"wp:attachment":[{"href":"https:\/\/www.promis.com.pl\/sklep\/wp-json\/wp\/v2\/media?parent=2975"}],"wp:term":[{"taxonomy":"product_cat","embeddable":true,"href":"https:\/\/www.promis.com.pl\/sklep\/wp-json\/wp\/v2\/product_cat?post=2975"},{"taxonomy":"product_tag","embeddable":true,"href":"https:\/\/www.promis.com.pl\/sklep\/wp-json\/wp\/v2\/product_tag?post=2975"},{"taxonomy":"k","embeddable":true,"href":"https:\/\/www.promis.com.pl\/sklep\/wp-json\/wp\/v2\/k?post=2975"},{"taxonomy":"t-dlugosc","embeddable":true,"href":"https:\/\/www.promis.com.pl\/sklep\/wp-json\/wp\/v2\/t-dlugosc?post=2975"},{"taxonomy":"t-szerokosc","embeddable":true,"href":"https:\/\/www.promis.com.pl\/sklep\/wp-json\/wp\/v2\/t-szerokosc?post=2975"}],"curies":[{"name":"wp","href":"https:\/\/api.w.org\/{rel}","templated":true}]}}