{"id":2971,"date":"2023-05-09T11:06:49","date_gmt":"2023-05-09T11:06:49","guid":{"rendered":"https:\/\/www.promis.com.pl\/sklep\/?post_type=product&#038;p=2971"},"modified":"2023-08-24T08:50:20","modified_gmt":"2023-08-24T08:50:20","slug":"pr01-pudelko-dno-wieczko","status":"publish","type":"product","link":"https:\/\/www.promis.com.pl\/sklep\/p\/pr01-pudelko-dno-wieczko\/","title":{"rendered":"PR01 Pude\u0142ko dno \u2013 wieczko"},"content":{"rendered":"<div id=\"text-1291306549\" class=\"text\">\n<p>Prezentowane zdj\u0119cia maj\u0105 charakter pogl\u0105dowy. Ze wzgl\u0119du na technik\u0119 wy\u015bwietlania (zale\u017cne od ustawie\u0144 monitora) oraz warunki wykonywania zdj\u0119\u0107, rzeczywisty wygl\u0105d kolor\u00f3w mo\u017ce r\u00f3\u017cni\u0107 si\u0119 od prezentowanego na stronie.<\/p>\n<\/div>\n<div class=\"row large-columns-5 medium-columns-3 small-columns-2\">\n<div class=\"gallery-col col\">\n<div class=\"col-inner\">\n<div class=\"box has-hover gallery-box box-default\"><\/div>\n<\/div>\n<\/div>\n<\/div>\n","protected":false},"excerpt":{"rendered":"<p>Wymiary wewn\u0119trzne: 130x130x140 mm<br \/>\nKlasyczne pude\u0142ko sk\u0142adaj\u0105ce si\u0119 ze spodu i przykrywaj\u0105cego go wieczka. Wykonane ze sztywnej tektury falistej oklejonej eleganckim papierem ozdobnym. Przewi\u0105zane wst\u0105\u017ck\u0105 nabiera uroczystego, prezentowego charakteru. Od wewn\u0105trz kolor bia\u0142y.<br \/>\nIdealne do zapakowania wielu r\u00f3\u017cnych prezent\u00f3w.<br \/>\nPude\u0142ka wysy\u0142amy w postaci p\u0142askiej, do samodzielnego (nieskomplikowanego) z\u0142o\u017cenia.<\/p>\n<p><u>Uwaga! Pude\u0142ka sprzedajemy bez wst\u0105\u017cki widocznej na zdj\u0119ciach.<\/u><\/p>\n<p>Cena za szt. \u2013 10,3 z\u0142 + koszt przesy\u0142ki DPD (1-100 szt. \u2013 25,00 z\u0142).<br \/>\n<b>Dost\u0119pne ilo\u015bci:<br \/>\nKolor srebrny \u2013 150 szt.<br \/>\nKolor \u017c\u00f3\u0142ty \u2013 250 szt.<br \/>\nKolor zielony \u2013 100 szt.<br \/>\nKolor granatowy \u2013 75 szt.<br \/>\nKolor czerwony \u2013 250 szt.<br \/>\nKolor szary \u2013 200 szt.<br \/>\nKolor antracyt \u2013 150 szt.<br \/>\nKolor EKO bia\u0142y \u2013 200 szt.<br \/>\nKolor EKO br\u0105z \u2013 85 szt.<\/b><\/p>\n","protected":false},"featured_media":2972,"template":"","meta":{"_seopress_robots_primary_cat":"none"},"product_cat":[15],"product_tag":[],"k":[],"t-dlugosc":[],"t-szerokosc":[],"acf":[],"_links":{"self":[{"href":"https:\/\/www.promis.com.pl\/sklep\/wp-json\/wp\/v2\/product\/2971"}],"collection":[{"href":"https:\/\/www.promis.com.pl\/sklep\/wp-json\/wp\/v2\/product"}],"about":[{"href":"https:\/\/www.promis.com.pl\/sklep\/wp-json\/wp\/v2\/types\/product"}],"wp:featuredmedia":[{"embeddable":true,"href":"https:\/\/www.promis.com.pl\/sklep\/wp-json\/wp\/v2\/media\/2972"}],"wp:attachment":[{"href":"https:\/\/www.promis.com.pl\/sklep\/wp-json\/wp\/v2\/media?parent=2971"}],"wp:term":[{"taxonomy":"product_cat","embeddable":true,"href":"https:\/\/www.promis.com.pl\/sklep\/wp-json\/wp\/v2\/product_cat?post=2971"},{"taxonomy":"product_tag","embeddable":true,"href":"https:\/\/www.promis.com.pl\/sklep\/wp-json\/wp\/v2\/product_tag?post=2971"},{"taxonomy":"k","embeddable":true,"href":"https:\/\/www.promis.com.pl\/sklep\/wp-json\/wp\/v2\/k?post=2971"},{"taxonomy":"t-dlugosc","embeddable":true,"href":"https:\/\/www.promis.com.pl\/sklep\/wp-json\/wp\/v2\/t-dlugosc?post=2971"},{"taxonomy":"t-szerokosc","embeddable":true,"href":"https:\/\/www.promis.com.pl\/sklep\/wp-json\/wp\/v2\/t-szerokosc?post=2971"}],"curies":[{"name":"wp","href":"https:\/\/api.w.org\/{rel}","templated":true}]}}