{"id":2965,"date":"2023-05-09T10:50:18","date_gmt":"2023-05-09T10:50:18","guid":{"rendered":"https:\/\/www.promis.com.pl\/sklep\/?post_type=product&#038;p=2965"},"modified":"2023-08-24T08:43:36","modified_gmt":"2023-08-24T08:43:36","slug":"pr01-pudelko-zloto-czarne","status":"publish","type":"product","link":"https:\/\/www.promis.com.pl\/sklep\/p\/pr01-pudelko-zloto-czarne\/","title":{"rendered":"PR01 Pude\u0142ko z\u0142oto \u2013 czarne"},"content":{"rendered":"<p><main id=\"main\" class=\"\"><\/p>\n<div class=\"shop-container\">\n<div id=\"product-4630\" class=\"product type-product post-4630 status-publish first instock product_cat-dostepne-od-reki has-post-thumbnail shipping-taxable product-type-simple\">\n<div class=\"product-container\">\n<div class=\"product-footer\">\n<div class=\"container\">\n<div class=\"woocommerce-tabs wc-tabs-wrapper container tabbed-content\">\n<div class=\"tab-panels\">\n<div id=\"tab-description\" class=\"woocommerce-Tabs-panel woocommerce-Tabs-panel--description panel entry-content active\" role=\"tabpanel\" aria-labelledby=\"tab-title-description\">\n<div id=\"text-1765974091\" class=\"text\">\n<p>Prezentowane zdj\u0119cia maj\u0105 charakter pogl\u0105dowy. Ze wzgl\u0119du na technik\u0119 wy\u015bwietlania (zale\u017cne od ustawie\u0144 monitora) oraz warunki wykonywania zdj\u0119\u0107, rzeczywisty wygl\u0105d kolor\u00f3w mo\u017ce r\u00f3\u017cni\u0107 si\u0119 od prezentowanego na stronie.<\/p>\n<\/div>\n<div id=\"row-1892742060\" class=\"row\"><\/div>\n<\/div>\n<\/div>\n<\/div>\n<\/div>\n<\/div>\n<\/div>\n<\/div>\n<\/div>\n<p><\/main><\/p>\n<footer id=\"footer\" class=\"footer-wrapper\">\n<div class=\"footer-widgets footer footer-2 dark\">\n<div class=\"row dark large-columns-4 mb-0\">\n<div id=\"text-15\" class=\"col pb-0 widget widget_text\">\n<div class=\"textwidget\"><\/div>\n<\/div>\n<\/div>\n<\/div>\n<\/footer>\n","protected":false},"excerpt":{"rendered":"<p>Wymiary wewn\u0119trzne: 330x240x90 mm<br \/>\nKlasyczne pude\u0142ko sk\u0142adaj\u0105ce si\u0119 ze spodu i przykrywaj\u0105cego go wieczka. Wykonane ze sztywnej tektury falistej oklejonej eleganckim papierem ozdobnym. Przewi\u0105zane wst\u0105\u017ck\u0105 nabiera uroczystego, prezentowego charakteru. D\u00f3\u0142 pude\u0142ka w kolorze czarnym, wieczko w kolorze z\u0142otym. Od wewn\u0105trz kolor bia\u0142y.<br \/>\nIdealne do zapakowania wielu r\u00f3\u017cnych zestaw\u00f3w prezentowych, zmieszcz\u0105 si\u0119 do niego np. 3 butelki wina.<br \/>\nPude\u0142ka wysy\u0142amy w postaci p\u0142askiej, do samodzielnego (nieskomplikowanego) z\u0142o\u017cenia.<\/p>\n<p>Cena za szt. \u2013 9,9 z\u0142 + koszt przesy\u0142ki DPD (1-100 szt. \u2013 25,00 z\u0142).<br \/>\n<b>Dost\u0119pna ilo\u015b\u0107: 520 szt.<\/b><\/p>\n","protected":false},"featured_media":2966,"template":"","meta":{"_seopress_robots_primary_cat":"none"},"product_cat":[15],"product_tag":[],"k":[],"t-dlugosc":[],"t-szerokosc":[],"acf":[],"_links":{"self":[{"href":"https:\/\/www.promis.com.pl\/sklep\/wp-json\/wp\/v2\/product\/2965"}],"collection":[{"href":"https:\/\/www.promis.com.pl\/sklep\/wp-json\/wp\/v2\/product"}],"about":[{"href":"https:\/\/www.promis.com.pl\/sklep\/wp-json\/wp\/v2\/types\/product"}],"wp:featuredmedia":[{"embeddable":true,"href":"https:\/\/www.promis.com.pl\/sklep\/wp-json\/wp\/v2\/media\/2966"}],"wp:attachment":[{"href":"https:\/\/www.promis.com.pl\/sklep\/wp-json\/wp\/v2\/media?parent=2965"}],"wp:term":[{"taxonomy":"product_cat","embeddable":true,"href":"https:\/\/www.promis.com.pl\/sklep\/wp-json\/wp\/v2\/product_cat?post=2965"},{"taxonomy":"product_tag","embeddable":true,"href":"https:\/\/www.promis.com.pl\/sklep\/wp-json\/wp\/v2\/product_tag?post=2965"},{"taxonomy":"k","embeddable":true,"href":"https:\/\/www.promis.com.pl\/sklep\/wp-json\/wp\/v2\/k?post=2965"},{"taxonomy":"t-dlugosc","embeddable":true,"href":"https:\/\/www.promis.com.pl\/sklep\/wp-json\/wp\/v2\/t-dlugosc?post=2965"},{"taxonomy":"t-szerokosc","embeddable":true,"href":"https:\/\/www.promis.com.pl\/sklep\/wp-json\/wp\/v2\/t-szerokosc?post=2965"}],"curies":[{"name":"wp","href":"https:\/\/api.w.org\/{rel}","templated":true}]}}