{"id":2962,"date":"2023-05-09T10:44:11","date_gmt":"2023-05-09T10:44:11","guid":{"rendered":"https:\/\/www.promis.com.pl\/sklep\/?post_type=product&#038;p=2962"},"modified":"2023-08-24T08:43:28","modified_gmt":"2023-08-24T08:43:28","slug":"wn101-pudelko-granatowe","status":"publish","type":"product","link":"https:\/\/www.promis.com.pl\/sklep\/p\/wn101-pudelko-granatowe\/","title":{"rendered":"WN101 Pude\u0142ko granatowe"},"content":{"rendered":"<p><main id=\"main\" class=\"\"><\/p>\n<div class=\"shop-container\">\n<div id=\"product-4630\" class=\"product type-product post-4630 status-publish first instock product_cat-dostepne-od-reki has-post-thumbnail shipping-taxable product-type-simple\">\n<div class=\"product-container\">\n<div class=\"product-footer\">\n<div class=\"container\">\n<div class=\"woocommerce-tabs wc-tabs-wrapper container tabbed-content\">\n<div class=\"tab-panels\">\n<div id=\"tab-description\" class=\"woocommerce-Tabs-panel woocommerce-Tabs-panel--description panel entry-content active\" role=\"tabpanel\" aria-labelledby=\"tab-title-description\">\n<div id=\"text-1765974091\" class=\"text\">\n<p>Prezentowane zdj\u0119cia maj\u0105 charakter pogl\u0105dowy. Ze wzgl\u0119du na technik\u0119 wy\u015bwietlania (zale\u017cne od ustawie\u0144 monitora) oraz warunki wykonywania zdj\u0119\u0107, rzeczywisty wygl\u0105d kolor\u00f3w mo\u017ce r\u00f3\u017cni\u0107 si\u0119 od prezentowanego na stronie.<\/p>\n<\/div>\n<div id=\"row-1892742060\" class=\"row\"><\/div>\n<\/div>\n<\/div>\n<\/div>\n<\/div>\n<\/div>\n<\/div>\n<\/div>\n<\/div>\n<p><\/main><\/p>\n<footer id=\"footer\" class=\"footer-wrapper\">\n<div class=\"footer-widgets footer footer-2 dark\">\n<div class=\"row dark large-columns-4 mb-0\">\n<div id=\"text-15\" class=\"col pb-0 widget widget_text\">\n<div class=\"textwidget\"><\/div>\n<\/div>\n<\/div>\n<\/div>\n<\/footer>\n","protected":false},"excerpt":{"rendered":"<p>Wymiary wewn\u0119trzne: 355x180x90 mm<br \/>\nEfektowne pude\u0142ko ze sztywnej tektury na zestaw upominkowy. Wysokogatunkowy materia\u0142 oraz dodatek w postaci wst\u0105\u017cki, kt\u00f3ra zamyka pude\u0142ko stanowi\u0105 doskona\u0142\u0105 opraw\u0119 ka\u017cdego upominku, r\u00f3wnie\u017c biznesowego. DO pude\u0142ka mo\u017cna zapakowa\u0107 2 butelki wina lub alkoholu, albo dowolny zestaw sk\u0142adaj\u0105cy si\u0119 np. z wina, kieliszk\u00f3w, s\u0142odyczy, kawy, herbaty, itp. Transport w postaci p\u0142askiej, pude\u0142ka do samodzielnego z\u0142o\u017cenia (bez u\u017cycia kleju).<\/p>\n<p><u>Uwaga! KOLOR WST\u0104\u017bKI SREBRNY.<\/u><\/p>\n<p>Cena za szt. \u2013 15,9 z\u0142 + koszt przesy\u0142ki DPD (1-100 szt. \u2013 25,00 z\u0142).<br \/>\n<b>Dost\u0119pna ilo\u015b\u0107: 40 szt.<\/b><\/p>\n<div id=\"row-1204855867\" class=\"row has-block\">\n<div id=\"col-1530738147\" class=\"col small-12 large-12\">\n<div class=\"col-inner\">\n<div class=\"is-border\"><\/div>\n<div id=\"text-380605839\" class=\"text\"><\/div>\n<\/div>\n<\/div>\n<\/div>\n","protected":false},"featured_media":2963,"template":"","meta":{"_seopress_robots_primary_cat":"none"},"product_cat":[15],"product_tag":[],"k":[],"t-dlugosc":[],"t-szerokosc":[],"acf":[],"_links":{"self":[{"href":"https:\/\/www.promis.com.pl\/sklep\/wp-json\/wp\/v2\/product\/2962"}],"collection":[{"href":"https:\/\/www.promis.com.pl\/sklep\/wp-json\/wp\/v2\/product"}],"about":[{"href":"https:\/\/www.promis.com.pl\/sklep\/wp-json\/wp\/v2\/types\/product"}],"wp:featuredmedia":[{"embeddable":true,"href":"https:\/\/www.promis.com.pl\/sklep\/wp-json\/wp\/v2\/media\/2963"}],"wp:attachment":[{"href":"https:\/\/www.promis.com.pl\/sklep\/wp-json\/wp\/v2\/media?parent=2962"}],"wp:term":[{"taxonomy":"product_cat","embeddable":true,"href":"https:\/\/www.promis.com.pl\/sklep\/wp-json\/wp\/v2\/product_cat?post=2962"},{"taxonomy":"product_tag","embeddable":true,"href":"https:\/\/www.promis.com.pl\/sklep\/wp-json\/wp\/v2\/product_tag?post=2962"},{"taxonomy":"k","embeddable":true,"href":"https:\/\/www.promis.com.pl\/sklep\/wp-json\/wp\/v2\/k?post=2962"},{"taxonomy":"t-dlugosc","embeddable":true,"href":"https:\/\/www.promis.com.pl\/sklep\/wp-json\/wp\/v2\/t-dlugosc?post=2962"},{"taxonomy":"t-szerokosc","embeddable":true,"href":"https:\/\/www.promis.com.pl\/sklep\/wp-json\/wp\/v2\/t-szerokosc?post=2962"}],"curies":[{"name":"wp","href":"https:\/\/api.w.org\/{rel}","templated":true}]}}