{"id":2952,"date":"2023-05-09T10:12:55","date_gmt":"2023-05-09T10:12:55","guid":{"rendered":"https:\/\/www.promis.com.pl\/sklep\/?post_type=product&#038;p=2952"},"modified":"2023-08-24T08:40:35","modified_gmt":"2023-08-24T08:40:35","slug":"wn03-pudelko-eko-na-1-butelke","status":"publish","type":"product","link":"https:\/\/www.promis.com.pl\/sklep\/p\/wn03-pudelko-eko-na-1-butelke\/","title":{"rendered":"WN03 Pude\u0142ko EKO na 1 butelk\u0119"},"content":{"rendered":"<div id=\"text-315222562\" class=\"text\">\n<p>Prezentowane zdj\u0119cia maj\u0105 charakter pogl\u0105dowy. Ze wzgl\u0119du na technik\u0119 wy\u015bwietlania (zale\u017cne od ustawie\u0144 monitora) oraz warunki wykonywania zdj\u0119\u0107, rzeczywisty wygl\u0105d kolor\u00f3w mo\u017ce r\u00f3\u017cni\u0107 si\u0119 od prezentowanego na stronie.<\/p>\n<\/div>\n","protected":false},"excerpt":{"rendered":"<p>Wymiary wewn\u0119trzne: 315x85x85 mm<br \/>\nEfektowne pude\u0142ko ze sztywnej tektury na 1 butelk\u0119. Wysokogatunkowy materia\u0142 oraz dodatek w postaci wst\u0105\u017cki, kt\u00f3ra zamyka pude\u0142ko stanowi\u0105 doskona\u0142\u0105 opraw\u0119 ka\u017cdego upominku, r\u00f3wnie\u017c biznesowego.Transport w postaci p\u0142askiej, pude\u0142ka do samodzielnego z\u0142o\u017cenia (bez u\u017cycia kleju).<\/p>\n<p><u>Uwaga! KOLOR WST\u0104\u017bKI DO WYBORU ZIELONY LUB CZERWONY.<\/u><\/p>\n<p>Cena za szt. \u2013 8,2 z\u0142 + koszt przesy\u0142ki DPD (1-100 szt. \u2013 25,00 z\u0142).<br \/>\n<b>Dost\u0119pna ilo\u015b\u0107: 211 szt.<\/b><\/p>\n","protected":false},"featured_media":2953,"template":"","meta":{"_seopress_robots_primary_cat":"none"},"product_cat":[15],"product_tag":[],"k":[],"t-dlugosc":[],"t-szerokosc":[],"acf":[],"_links":{"self":[{"href":"https:\/\/www.promis.com.pl\/sklep\/wp-json\/wp\/v2\/product\/2952"}],"collection":[{"href":"https:\/\/www.promis.com.pl\/sklep\/wp-json\/wp\/v2\/product"}],"about":[{"href":"https:\/\/www.promis.com.pl\/sklep\/wp-json\/wp\/v2\/types\/product"}],"wp:featuredmedia":[{"embeddable":true,"href":"https:\/\/www.promis.com.pl\/sklep\/wp-json\/wp\/v2\/media\/2953"}],"wp:attachment":[{"href":"https:\/\/www.promis.com.pl\/sklep\/wp-json\/wp\/v2\/media?parent=2952"}],"wp:term":[{"taxonomy":"product_cat","embeddable":true,"href":"https:\/\/www.promis.com.pl\/sklep\/wp-json\/wp\/v2\/product_cat?post=2952"},{"taxonomy":"product_tag","embeddable":true,"href":"https:\/\/www.promis.com.pl\/sklep\/wp-json\/wp\/v2\/product_tag?post=2952"},{"taxonomy":"k","embeddable":true,"href":"https:\/\/www.promis.com.pl\/sklep\/wp-json\/wp\/v2\/k?post=2952"},{"taxonomy":"t-dlugosc","embeddable":true,"href":"https:\/\/www.promis.com.pl\/sklep\/wp-json\/wp\/v2\/t-dlugosc?post=2952"},{"taxonomy":"t-szerokosc","embeddable":true,"href":"https:\/\/www.promis.com.pl\/sklep\/wp-json\/wp\/v2\/t-szerokosc?post=2952"}],"curies":[{"name":"wp","href":"https:\/\/api.w.org\/{rel}","templated":true}]}}