{"id":8,"date":"2022-03-17T12:36:13","date_gmt":"2022-03-17T12:36:13","guid":{"rendered":"https:\/\/www.promis.com.pl\/sklep\/shop\/"},"modified":"2024-08-28T12:18:11","modified_gmt":"2024-08-28T12:18:11","slug":"sklep","status":"publish","type":"page","link":"https:\/\/www.promis.com.pl\/sklep\/","title":{"rendered":"Sklep"},"content":{"rendered":"\n<div class=\"slider-wrapper relative\" id=\"slider-156394449\" >\n    <div class=\"slider slider-nav-circle slider-nav-large slider-nav-light slider-style-normal\"\n        data-flickity-options='{\n            \"cellAlign\": \"center\",\n            \"imagesLoaded\": true,\n            \"lazyLoad\": 1,\n            \"freeScroll\": false,\n            \"wrapAround\": true,\n            \"autoPlay\": 6000,\n            \"pauseAutoPlayOnHover\" : true,\n            \"prevNextButtons\": true,\n            \"contain\" : true,\n            \"adaptiveHeight\" : true,\n            \"dragThreshold\" : 10,\n            \"percentPosition\": true,\n            \"pageDots\": true,\n            \"rightToLeft\": false,\n            \"draggable\": true,\n            \"selectedAttraction\": 0.1,\n            \"parallax\" : 0,\n            \"friction\": 0.6        }'\n        >\n        \n\n\t<div class=\"img has-hover x md-x lg-x y md-y lg-y\" id=\"image_305374902\">\n\t\t\t\t\t\t\t\t<div class=\"img-inner dark\" >\n\t\t\t<img loading=\"lazy\" decoding=\"async\" width=\"1020\" height=\"319\" src=\"https:\/\/www.promis.com.pl\/sklep\/wp-content\/uploads\/2023\/07\/PROMIS-2-1400x438.png\" class=\"attachment-large size-large\" alt=\"\" srcset=\"https:\/\/www.promis.com.pl\/sklep\/wp-content\/uploads\/2023\/07\/PROMIS-2-1400x438.png 1400w, https:\/\/www.promis.com.pl\/sklep\/wp-content\/uploads\/2023\/07\/PROMIS-2-800x250.png 800w, https:\/\/www.promis.com.pl\/sklep\/wp-content\/uploads\/2023\/07\/PROMIS-2-768x240.png 768w, https:\/\/www.promis.com.pl\/sklep\/wp-content\/uploads\/2023\/07\/PROMIS-2-1536x480.png 1536w, https:\/\/www.promis.com.pl\/sklep\/wp-content\/uploads\/2023\/07\/PROMIS-2-600x188.png 600w, https:\/\/www.promis.com.pl\/sklep\/wp-content\/uploads\/2023\/07\/PROMIS-2.png 1600w\" sizes=\"(max-width: 1020px) 100vw, 1020px\" \/>\t\t\t\t\t\t\n\t\t\t\t\t<\/div>\n\t\t\t\t\t\t\t\t\n<style>\n#image_305374902 {\n  width: 100%;\n}\n<\/style>\n\t<\/div>\n\t\n\n\t<div class=\"img has-hover x md-x lg-x y md-y lg-y\" id=\"image_1998647667\">\n\t\t\t\t\t\t\t\t<div class=\"img-inner dark\" >\n\t\t\t<img loading=\"lazy\" decoding=\"async\" width=\"1020\" height=\"319\" src=\"https:\/\/www.promis.com.pl\/sklep\/wp-content\/uploads\/2023\/07\/PROMIS-3-1400x438.png\" class=\"attachment-large size-large\" alt=\"\" srcset=\"https:\/\/www.promis.com.pl\/sklep\/wp-content\/uploads\/2023\/07\/PROMIS-3-1400x438.png 1400w, https:\/\/www.promis.com.pl\/sklep\/wp-content\/uploads\/2023\/07\/PROMIS-3-800x250.png 800w, https:\/\/www.promis.com.pl\/sklep\/wp-content\/uploads\/2023\/07\/PROMIS-3-768x240.png 768w, https:\/\/www.promis.com.pl\/sklep\/wp-content\/uploads\/2023\/07\/PROMIS-3-1536x480.png 1536w, https:\/\/www.promis.com.pl\/sklep\/wp-content\/uploads\/2023\/07\/PROMIS-3-600x188.png 600w, https:\/\/www.promis.com.pl\/sklep\/wp-content\/uploads\/2023\/07\/PROMIS-3.png 1600w\" sizes=\"(max-width: 1020px) 100vw, 1020px\" \/>\t\t\t\t\t\t\n\t\t\t\t\t<\/div>\n\t\t\t\t\t\t\t\t\n<style>\n#image_1998647667 {\n  width: 100%;\n}\n<\/style>\n\t<\/div>\n\t\n\n\n     <\/div>\n\n     <div class=\"loading-spin dark large centered\"><\/div>\n\n     \t<\/div>\n\n\n<div class=\"row\"  id=\"row-1831120910\">\n\n\n\t<div id=\"col-774854574\" class=\"col medium-6 small-12 large-6\"  >\n\t\t\t\t<div class=\"col-inner\" style=\"background-color:rgb(231, 231, 231);\" >\n\t\t\t\n\t\t\t\n\n\t<div class=\"img has-hover x md-x lg-x y md-y lg-y\" id=\"image_499219708\">\n\t\t<a class=\"\" href=\"https:\/\/www.promis.com.pl\/sklep\/cat\/bestsellery\/\"  >\t\t\t\t\t\t<div class=\"img-inner dark\" >\n\t\t\t<img loading=\"lazy\" decoding=\"async\" width=\"800\" height=\"400\" src=\"https:\/\/www.promis.com.pl\/sklep\/wp-content\/uploads\/2023\/08\/Projekt-bez-nazwy-20.png\" class=\"attachment-medium size-medium\" alt=\"\" srcset=\"https:\/\/www.promis.com.pl\/sklep\/wp-content\/uploads\/2023\/08\/Projekt-bez-nazwy-20.png 800w, https:\/\/www.promis.com.pl\/sklep\/wp-content\/uploads\/2023\/08\/Projekt-bez-nazwy-20-768x384.png 768w, https:\/\/www.promis.com.pl\/sklep\/wp-content\/uploads\/2023\/08\/Projekt-bez-nazwy-20-600x300.png 600w\" sizes=\"(max-width: 800px) 100vw, 800px\" \/>\t\t\t\t\t\t\n\t\t\t\t\t<\/div>\n\t\t\t\t\t\t<\/a>\t\t\n<style>\n#image_499219708 {\n  width: 100%;\n}\n<\/style>\n\t<\/div>\n\t\n\n\n\t\t<\/div>\n\t\t\t\t\t<\/div>\n\n\t\n\n\t<div id=\"col-464914359\" class=\"col medium-6 small-12 large-6\"  >\n\t\t\t\t<div class=\"col-inner\"  >\n\t\t\t\n\t\t\t\n\n\t<div class=\"img has-hover x md-x lg-x y md-y lg-y\" id=\"image_745134152\">\n\t\t<a class=\"\" href=\"https:\/\/www.promis.com.pl\/sklep\/cat\/wyprzedaz\/\"  >\t\t\t\t\t\t<div class=\"img-inner dark\" >\n\t\t\t<img loading=\"lazy\" decoding=\"async\" width=\"800\" height=\"400\" src=\"https:\/\/www.promis.com.pl\/sklep\/wp-content\/uploads\/2023\/07\/ZOBACZ-1.png\" class=\"attachment-medium size-medium\" alt=\"\" srcset=\"https:\/\/www.promis.com.pl\/sklep\/wp-content\/uploads\/2023\/07\/ZOBACZ-1.png 800w, https:\/\/www.promis.com.pl\/sklep\/wp-content\/uploads\/2023\/07\/ZOBACZ-1-768x384.png 768w, https:\/\/www.promis.com.pl\/sklep\/wp-content\/uploads\/2023\/07\/ZOBACZ-1-600x300.png 600w\" sizes=\"(max-width: 800px) 100vw, 800px\" \/>\t\t\t\t\t\t\n\t\t\t\t\t<\/div>\n\t\t\t\t\t\t<\/a>\t\t\n<style>\n#image_745134152 {\n  width: 100%;\n}\n<\/style>\n\t<\/div>\n\t\n\n\n\t\t<\/div>\n\t\t\t\t\t<\/div>\n\n\t\n\n<\/div>\n<h1>Promis Producent Pude\u0142ek<\/h1>\n\n<p>Lubimy dawa\u0107 i otrzymywa\u0107 prezenty. S\u0105 one wyrazem naszej wdzi\u0119czno\u015bci za prac\u0119, wsp\u00f3\u0142prac\u0119, wyrazem mi\u0142o\u015bci wobec najbli\u017cszych lub po prostu za bycie tu\u017c obok. Obdarowywanie pracownik\u00f3w i kontrahent\u00f3w jest dobrym sposobem na podzi\u0119kowanie i wyra\u017cenie naszego uznania, szacunku, czy po prostu okazj\u0105 do budowania pozytywnych relacji biznesowych.<\/p>\n<p>Poniewa\u017c pierwsze wra\u017cenie mo\u017cna zrobi\u0107 tylko raz, nie stra\u0107 tej okazji. Zadbaj nie tylko o zawarto\u015b\u0107 Twojego podarunku, ale r\u00f3wnie\u017c o jego opakowanie.<\/p>\n<p>Trafiaj\u0105c do naszego sklepu, chcemy Ci\u0119 zapewni\u0107, \u017ce znalaz\u0142e\u015b si\u0119 we w\u0142a\u015bciwym miejscu. PROMIS to producent wysokiej jako\u015bci opakowa\u0144 ozdobnych z kartonu i tektury. W naszej ofercie znajdziesz pude\u0142ka wykonane z r\u00f3\u017cnych materia\u0142\u00f3w, w r\u00f3\u017cnych kszta\u0142tach, kolorach i wymiarach. Zapakujesz w nie i wino, i alkohol w butelce o bardziej nietypowych wymiarach, odzie\u017c, kosmetyki, \u015bwiece, s\u0142odycze czy dowolnie skonfigurowany przez Ciebie zestaw prezentowy.<\/p>\n<p>Wszystkie produkowane przez nas opakowania \u0142\u0105cz\u0105 wsp\u00f3lne cechy: elegancja, trwa\u0142o\u015b\u0107, dobra jako\u015b\u0107. Pude\u0142ka s\u0105 wykonane z solidnych, odpornych na zniszczenie materia\u0142\u00f3w. Ich dodatkowym atutem jest rodzaj surowca, z kt\u00f3rego powsta\u0142y. Tektura i papier pochodz\u0105 z materia\u0142\u00f3w z recyklingu i materia\u0142\u00f3w odnawialnych (np. ro\u015blinnych), dzi\u0119ki czemu s\u0105 w pe\u0142ni biodegradowalne.<\/p>\n<p>Ekologiczne opakowania tekturowe to nie tyko mocny no\u015bnik marketingowy, ale przede wszystkim synonim dba\u0142o\u015bci o otoczenie, wyraz troski o przysz\u0142o\u015b\u0107 naszej planety.<\/p>\n<p><strong>Zapraszamy do zapoznania si\u0119 z nasz\u0105 ofert\u0105. Je\u017celi nie znajdziesz w sklepie odpowiedniego pude\u0142ka, a jeste\u015b zainteresowany zakupem w ilo\u015bciach hurtowych, skontaktuj si\u0119 z nami. Z pewno\u015bci\u0105 znajdziemy rozwi\u0105zanie.<\/strong><\/p>\n\n  \n    <div class=\"row large-columns-3 medium-columns- small-columns-2 row-small has-shadow row-box-shadow-1 row-box-shadow-2-hover\">\n  <div class=\"product-category col\" >\n            <div class=\"col-inner\">\n                              <div class=\"box box-category has-hover box-normal \">\n                <div class=\"box-image\" style=\"width:80%;\">\n                  <div class=\"\" >\n                  <img loading=\"lazy\" decoding=\"async\" src=\"https:\/\/www.promis.com.pl\/sklep\/wp-content\/uploads\/2023\/06\/Pudelko-prezentowe-czerwone-130x130x140-mm-400x400.jpg\" alt=\"Pude\u0142ka na prezent z wieczkiem\" width=\"300\" height=\"300\" \/>                                                      <\/div>\n                <\/div>\n                <div class=\"box-text text-center\" style=\"padding:0px px 0px 0px;\">\n                  <div class=\"box-text-inner\">\n                      <h5 class=\"uppercase header-title\">\n                              Pude\u0142ka na prezent z wieczkiem                      <\/h5>\n                                            \n                  <\/div>\n                <\/div>\n                <\/div>\n                        <\/div>\n            <\/div><div class=\"product-category col\" >\n            <div class=\"col-inner\">\n                              <div class=\"box box-category has-hover box-normal \">\n                <div class=\"box-image\" style=\"width:80%;\">\n                  <div class=\"\" >\n                  <img loading=\"lazy\" decoding=\"async\" src=\"https:\/\/www.promis.com.pl\/sklep\/wp-content\/uploads\/2023\/06\/Pudelko-fasonowe-eko-270x240x80-mm-wn111-2-400x400.jpg\" alt=\"Pude\u0142ko fasonowe\" width=\"300\" height=\"300\" \/>                                                      <\/div>\n                <\/div>\n                <div class=\"box-text text-center\" style=\"padding:0px px 0px 0px;\">\n                  <div class=\"box-text-inner\">\n                      <h5 class=\"uppercase header-title\">\n                              Pude\u0142ko fasonowe                      <\/h5>\n                                            \n                  <\/div>\n                <\/div>\n                <\/div>\n                        <\/div>\n            <\/div><div class=\"product-category col\" >\n            <div class=\"col-inner\">\n                              <div class=\"box box-category has-hover box-normal \">\n                <div class=\"box-image\" style=\"width:80%;\">\n                  <div class=\"\" >\n                  <img loading=\"lazy\" decoding=\"async\" src=\"https:\/\/www.promis.com.pl\/sklep\/wp-content\/uploads\/2023\/06\/WN01-Pudelko-na-wino-czarne-400x400.jpg\" alt=\"Pude\u0142ka prezentowe na alkohole\" width=\"300\" height=\"300\" \/>                                                      <\/div>\n                <\/div>\n                <div class=\"box-text text-center\" style=\"padding:0px px 0px 0px;\">\n                  <div class=\"box-text-inner\">\n                      <h5 class=\"uppercase header-title\">\n                              Pude\u0142ka prezentowe na alkohole                      <\/h5>\n                                            \n                  <\/div>\n                <\/div>\n                <\/div>\n                        <\/div>\n            <\/div><div class=\"product-category col\" >\n            <div class=\"col-inner\">\n                              <div class=\"box box-category has-hover box-normal \">\n                <div class=\"box-image\" style=\"width:80%;\">\n                  <div class=\"\" >\n                  <img loading=\"lazy\" decoding=\"async\" src=\"https:\/\/www.promis.com.pl\/sklep\/wp-content\/uploads\/2023\/06\/Pudelko-na-prezent-ze-wstazka-355x180x90-mm-400x400.jpg\" alt=\"Pude\u0142ka prezentowe inne\" width=\"300\" height=\"300\" \/>                                                      <\/div>\n                <\/div>\n                <div class=\"box-text text-center\" style=\"padding:0px px 0px 0px;\">\n                  <div class=\"box-text-inner\">\n                      <h5 class=\"uppercase header-title\">\n                              Pude\u0142ka prezentowe inne                      <\/h5>\n                                            \n                  <\/div>\n                <\/div>\n                <\/div>\n                        <\/div>\n            <\/div><div class=\"product-category col\" >\n            <div class=\"col-inner\">\n                              <div class=\"box box-category has-hover box-normal \">\n                <div class=\"box-image\" style=\"width:80%;\">\n                  <div class=\"\" >\n                  <img loading=\"lazy\" decoding=\"async\" src=\"https:\/\/www.promis.com.pl\/sklep\/wp-content\/uploads\/2023\/05\/HM-102-Pudelko-z-zamknieciem-magnetycznym-1-400x400.jpg\" alt=\"Wyprzeda\u017c\" width=\"300\" height=\"300\" \/>                                                      <\/div>\n                <\/div>\n                <div class=\"box-text text-center\" style=\"padding:0px px 0px 0px;\">\n                  <div class=\"box-text-inner\">\n                      <h5 class=\"uppercase header-title\">\n                              Wyprzeda\u017c                      <\/h5>\n                                            \n                  <\/div>\n                <\/div>\n                <\/div>\n                        <\/div>\n            <\/div><\/div>\n\n\t<div id=\"gap-2112789122\" class=\"gap-element clearfix\" style=\"display:block; height:auto;\">\n\t\t\n<style>\n#gap-2112789122 {\n  padding-top: 49px;\n}\n<\/style>\n\t<\/div>\n\t\n\n<div class=\"row\"  id=\"row-24966284\">\n\n\n\t<div id=\"col-2081205308\" class=\"col small-12 large-12\"  >\n\t\t\t\t<div class=\"col-inner text-center\"  >\n\t\t\t\n\t\t\t\n\n<p class=\"lead\" style=\"text-align: center\">Obs\u0142ugujemy p\u0142atno\u015bci:<\/p>\n\t<div class=\"img has-hover x md-x lg-x y md-y lg-y\" id=\"image_1884084413\">\n\t\t\t\t\t\t\t\t<div class=\"img-inner dark\" >\n\t\t\t<img loading=\"lazy\" decoding=\"async\" width=\"360\" height=\"60\" src=\"https:\/\/www.promis.com.pl\/sklep\/wp-content\/uploads\/2023\/07\/dr-platnosci.png\" class=\"attachment-large size-large\" alt=\"\" \/>\t\t\t\t\t\t\n\t\t\t\t\t<\/div>\n\t\t\t\t\t\t\t\t\n<style>\n#image_1884084413 {\n  width: 39%;\n}\n<\/style>\n\t<\/div>\n\t\n\n\n\t\t<\/div>\n\t\t\t\t\t<\/div>\n\n\t\n\n<\/div>\n\t<div id=\"gap-1957952599\" class=\"gap-element clearfix\" style=\"display:block; height:auto;\">\n\t\t\n<style>\n#gap-1957952599 {\n  padding-top: 50px;\n}\n<\/style>\n\t<\/div>\n\t\n\n<div class=\"row\"  id=\"row-1480029012\">\n\n\n\t<div id=\"col-224661421\" class=\"col medium-3 small-6 large-3\"  >\n\t\t\t\t<div class=\"col-inner\"  >\n\t\t\t\n\t\t\t\n\n<div class=\"row\"  id=\"row-243596407\">\n\n\n\t<div id=\"col-1374645877\" class=\"col medium-4 small-12 large-4\"  >\n\t\t\t\t<div class=\"col-inner\"  >\n\t\t\t\n\t\t\t\n\n\t<div class=\"img has-hover x md-x lg-x y md-y lg-y\" id=\"image_891361200\">\n\t\t\t\t\t\t\t\t<div class=\"img-inner dark\" >\n\t\t\t<img loading=\"lazy\" decoding=\"async\" width=\"571\" height=\"437\" src=\"https:\/\/www.promis.com.pl\/sklep\/wp-content\/uploads\/2023\/07\/dostawa.promis.png\" class=\"attachment-large size-large\" alt=\"\" srcset=\"https:\/\/www.promis.com.pl\/sklep\/wp-content\/uploads\/2023\/07\/dostawa.promis.png 571w, https:\/\/www.promis.com.pl\/sklep\/wp-content\/uploads\/2023\/07\/dostawa.promis-523x400.png 523w\" sizes=\"(max-width: 571px) 100vw, 571px\" \/>\t\t\t\t\t\t\n\t\t\t\t\t<\/div>\n\t\t\t\t\t\t\t\t\n<style>\n#image_891361200 {\n  width: 100%;\n}\n<\/style>\n\t<\/div>\n\t\n\n\n\t\t<\/div>\n\t\t\t\t\t<\/div>\n\n\t\n\n\t<div id=\"col-239321366\" class=\"col medium-8 small-12 large-8\"  >\n\t\t\t\t<div class=\"col-inner\"  >\n\t\t\t\n\t\t\t\n\n<h5 class=\"uppercase\">Szybka Wysy\u0142ka<\/h5>\n<p>kurierem<\/p>\n\n\t\t<\/div>\n\t\t\t\t\t<\/div>\n\n\t\n\n<\/div>\n\n\t\t<\/div>\n\t\t\t\t\t<\/div>\n\n\t\n\n\t<div id=\"col-585513695\" class=\"col medium-3 small-6 large-3\"  >\n\t\t\t\t<div class=\"col-inner\"  >\n\t\t\t\n\t\t\t\n\n<div class=\"row\"  id=\"row-815798461\">\n\n\n\t<div id=\"col-2068484738\" class=\"col medium-4 small-12 large-4\"  >\n\t\t\t\t<div class=\"col-inner\"  >\n\t\t\t\n\t\t\t\n\n\t<div class=\"img has-hover x md-x lg-x y md-y lg-y\" id=\"image_1363256142\">\n\t\t\t\t\t\t\t\t<div class=\"img-inner dark\" >\n\t\t\t<img loading=\"lazy\" decoding=\"async\" width=\"571\" height=\"437\" src=\"https:\/\/www.promis.com.pl\/sklep\/wp-content\/uploads\/2023\/07\/zxc1_prev_ui201.png\" class=\"attachment-large size-large\" alt=\"\" srcset=\"https:\/\/www.promis.com.pl\/sklep\/wp-content\/uploads\/2023\/07\/zxc1_prev_ui201.png 571w, https:\/\/www.promis.com.pl\/sklep\/wp-content\/uploads\/2023\/07\/zxc1_prev_ui201-523x400.png 523w\" sizes=\"(max-width: 571px) 100vw, 571px\" \/>\t\t\t\t\t\t\n\t\t\t\t\t<\/div>\n\t\t\t\t\t\t\t\t\n<style>\n#image_1363256142 {\n  width: 100%;\n}\n<\/style>\n\t<\/div>\n\t\n\n\n\t\t<\/div>\n\t\t\t\t\t<\/div>\n\n\t\n\n\t<div id=\"col-988111617\" class=\"col medium-7 small-12 large-7\"  >\n\t\t\t\t<div class=\"col-inner\"  >\n\t\t\t\n\t\t\t\n\n<h5 class=\"uppercase\">DU\u017bY WYB\u00d3R<\/h5>\n<p>pude\u0142ek na preznet<\/p>\n\n\t\t<\/div>\n\t\t\t\t\t<\/div>\n\n\t\n\n<\/div>\n\n\t\t<\/div>\n\t\t\t\t\t<\/div>\n\n\t\n\n\t<div id=\"col-795034441\" class=\"col medium-3 small-6 large-3\"  >\n\t\t\t\t<div class=\"col-inner\"  >\n\t\t\t\n\t\t\t\n\n<div class=\"row\"  id=\"row-782660211\">\n\n\n\t<div id=\"col-168590292\" class=\"col medium-4 small-12 large-4\"  >\n\t\t\t\t<div class=\"col-inner\"  >\n\t\t\t\n\t\t\t\n\n\t<div class=\"img has-hover x md-x lg-x y md-y lg-y\" id=\"image_574319077\">\n\t\t\t\t\t\t\t\t<div class=\"img-inner dark\" >\n\t\t\t<img loading=\"lazy\" decoding=\"async\" width=\"580\" height=\"430\" src=\"https:\/\/www.promis.com.pl\/sklep\/wp-content\/uploads\/2023\/07\/zxc3_prev_ui201.png\" class=\"attachment-large size-large\" alt=\"\" srcset=\"https:\/\/www.promis.com.pl\/sklep\/wp-content\/uploads\/2023\/07\/zxc3_prev_ui201.png 580w, https:\/\/www.promis.com.pl\/sklep\/wp-content\/uploads\/2023\/07\/zxc3_prev_ui201-540x400.png 540w\" sizes=\"(max-width: 580px) 100vw, 580px\" \/>\t\t\t\t\t\t\n\t\t\t\t\t<\/div>\n\t\t\t\t\t\t\t\t\n<style>\n#image_574319077 {\n  width: 100%;\n}\n<\/style>\n\t<\/div>\n\t\n\n\n\t\t<\/div>\n\t\t\t\t\t<\/div>\n\n\t\n\n\t<div id=\"col-1766336691\" class=\"col medium-8 small-12 large-8\"  >\n\t\t\t\t<div class=\"col-inner\"  >\n\t\t\t\n\t\t\t\n\n<h5 class=\"uppercase\">P\u0142atno\u015bci<\/h5>\n<p>Przelewy24<\/p>\n\n\t\t<\/div>\n\t\t\t\t\t<\/div>\n\n\t\n\n<\/div>\n\n\t\t<\/div>\n\t\t\t\t\t<\/div>\n\n\t\n\n\t<div id=\"col-1496129663\" class=\"col medium-3 small-6 large-3\"  >\n\t\t\t\t<div class=\"col-inner\"  >\n\t\t\t\n\t\t\t\n\n<div class=\"row\"  id=\"row-1043176097\">\n\n\n\t<div id=\"col-159594727\" class=\"col medium-4 small-12 large-4\"  >\n\t\t\t\t<div class=\"col-inner\"  >\n\t\t\t\n\t\t\t\n\n\t<div class=\"img has-hover x md-x lg-x y md-y lg-y\" id=\"image_1833061920\">\n\t\t\t\t\t\t\t\t<div class=\"img-inner dark\" >\n\t\t\t<img loading=\"lazy\" decoding=\"async\" width=\"568\" height=\"439\" src=\"https:\/\/www.promis.com.pl\/sklep\/wp-content\/uploads\/2023\/07\/zxc4_prev_ui201.png\" class=\"attachment-large size-large\" alt=\"\" srcset=\"https:\/\/www.promis.com.pl\/sklep\/wp-content\/uploads\/2023\/07\/zxc4_prev_ui201.png 568w, https:\/\/www.promis.com.pl\/sklep\/wp-content\/uploads\/2023\/07\/zxc4_prev_ui201-518x400.png 518w\" sizes=\"(max-width: 568px) 100vw, 568px\" \/>\t\t\t\t\t\t\n\t\t\t\t\t<\/div>\n\t\t\t\t\t\t\t\t\n<style>\n#image_1833061920 {\n  width: 100%;\n}\n<\/style>\n\t<\/div>\n\t\n\n\n\t\t<\/div>\n\t\t\t\t\t<\/div>\n\n\t\n\n\t<div id=\"col-1806372094\" class=\"col medium-8 small-12 large-8\"  >\n\t\t\t\t<div class=\"col-inner\"  >\n\t\t\t\n\t\t\t\n\n<h5 class=\"uppercase\">SPRAWNY Kontakt<\/h5>\n<p>+48 600 948 159<\/p>\n\n\t\t<\/div>\n\t\t\t\t\t<\/div>\n\n\t\n\n<\/div>\n\n\t\t<\/div>\n\t\t\t\t\t<\/div>\n\n\t\n\n\n<style>\n#row-1480029012 > .col > .col-inner {\n  padding: 0px 0px 0px 0px;\n  border-radius: 75px;\n}\n<\/style>\n<\/div>\n\n","protected":false},"excerpt":{"rendered":"","protected":false},"author":1,"featured_media":0,"parent":0,"menu_order":0,"comment_status":"closed","ping_status":"closed","template":"","meta":{"_seopress_robots_primary_cat":"","footnotes":""},"acf":[],"_links":{"self":[{"href":"https:\/\/www.promis.com.pl\/sklep\/wp-json\/wp\/v2\/pages\/8"}],"collection":[{"href":"https:\/\/www.promis.com.pl\/sklep\/wp-json\/wp\/v2\/pages"}],"about":[{"href":"https:\/\/www.promis.com.pl\/sklep\/wp-json\/wp\/v2\/types\/page"}],"author":[{"embeddable":true,"href":"https:\/\/www.promis.com.pl\/sklep\/wp-json\/wp\/v2\/users\/1"}],"replies":[{"embeddable":true,"href":"https:\/\/www.promis.com.pl\/sklep\/wp-json\/wp\/v2\/comments?post=8"}],"version-history":[{"count":38,"href":"https:\/\/www.promis.com.pl\/sklep\/wp-json\/wp\/v2\/pages\/8\/revisions"}],"predecessor-version":[{"id":3579,"href":"https:\/\/www.promis.com.pl\/sklep\/wp-json\/wp\/v2\/pages\/8\/revisions\/3579"}],"wp:attachment":[{"href":"https:\/\/www.promis.com.pl\/sklep\/wp-json\/wp\/v2\/media?parent=8"}],"curies":[{"name":"wp","href":"https:\/\/api.w.org\/{rel}","templated":true}]}}