{"id":3330,"date":"2023-07-04T13:36:12","date_gmt":"2023-07-04T13:36:12","guid":{"rendered":"https:\/\/www.promis.com.pl\/sklep\/?page_id=3330"},"modified":"2023-07-04T13:38:16","modified_gmt":"2023-07-04T13:38:16","slug":"dostawa-i-platnosci","status":"publish","type":"page","link":"https:\/\/www.promis.com.pl\/sklep\/dostawa-i-platnosci\/","title":{"rendered":"Dostawa i p\u0142atno\u015bci"},"content":{"rendered":"\n<div class=\"wp-block-columns is-layout-flex wp-container-core-columns-is-layout-1 wp-block-columns-is-layout-flex\">\n<div class=\"wp-block-column is-layout-flow wp-block-column-is-layout-flow\" style=\"flex-basis:100%\">\n<p><strong>DOSTAWA<\/strong><\/p>\n\n\n\n<p>Przesy\u0142ki s\u0105 dostarczane w terminie 3-5 dni od daty zam\u00f3wienia lub zaksi\u0119gowania przelewu.<br>Koszt wysy\u0142ki w przypadku wp\u0142aty na konto wynosi 25z\u0142<\/p>\n\n\n\n<p><strong>P\u0141ATNO\u015aCI<\/strong><\/p>\n\n\n\n<p>Warunkiem otrzymania faktury VAT jest poprawne wype\u0142nienie formularza danych, dost\u0119pnego w trakcie sk\u0142adania zam\u00f3wienia.<\/p>\n\n\n\n<p>P\u0142atno\u015b\u0107 za zakupione produkty zrealizowa\u0107 mo\u017cna wykonuj\u0105c przelew bankowy na nasze konto w banku lub przez szybkie p\u0142atno\u015bci.<\/p>\n<\/div>\n<\/div>\n","protected":false},"excerpt":{"rendered":"<p>DOSTAWA Przesy\u0142ki s\u0105 dostarczane w terminie 3-5 dni od daty zam\u00f3wienia lub zaksi\u0119gowania przelewu.Koszt wysy\u0142ki w przypadku wp\u0142aty na konto wynosi 25z\u0142 P\u0141ATNO\u015aCI Warunkiem otrzymania faktury VAT jest poprawne wype\u0142nienie formularza danych, dost\u0119pnego w trakcie sk\u0142adania zam\u00f3wienia. P\u0142atno\u015b\u0107 za zakupione produkty zrealizowa\u0107 mo\u017cna wykonuj\u0105c przelew bankowy na nasze konto w banku lub przez szybkie p\u0142atno\u015bci.<\/p>\n","protected":false},"author":1,"featured_media":0,"parent":0,"menu_order":0,"comment_status":"closed","ping_status":"closed","template":"","meta":{"_seopress_robots_primary_cat":"","footnotes":""},"acf":[],"_links":{"self":[{"href":"https:\/\/www.promis.com.pl\/sklep\/wp-json\/wp\/v2\/pages\/3330"}],"collection":[{"href":"https:\/\/www.promis.com.pl\/sklep\/wp-json\/wp\/v2\/pages"}],"about":[{"href":"https:\/\/www.promis.com.pl\/sklep\/wp-json\/wp\/v2\/types\/page"}],"author":[{"embeddable":true,"href":"https:\/\/www.promis.com.pl\/sklep\/wp-json\/wp\/v2\/users\/1"}],"replies":[{"embeddable":true,"href":"https:\/\/www.promis.com.pl\/sklep\/wp-json\/wp\/v2\/comments?post=3330"}],"version-history":[{"count":2,"href":"https:\/\/www.promis.com.pl\/sklep\/wp-json\/wp\/v2\/pages\/3330\/revisions"}],"predecessor-version":[{"id":3332,"href":"https:\/\/www.promis.com.pl\/sklep\/wp-json\/wp\/v2\/pages\/3330\/revisions\/3332"}],"wp:attachment":[{"href":"https:\/\/www.promis.com.pl\/sklep\/wp-json\/wp\/v2\/media?parent=3330"}],"curies":[{"name":"wp","href":"https:\/\/api.w.org\/{rel}","templated":true}]}}