{"id":2904,"date":"2022-05-17T06:29:01","date_gmt":"2022-05-17T06:29:01","guid":{"rendered":"https:\/\/www.promis.com.pl\/sklep\/?page_id=2904"},"modified":"2022-05-17T06:29:01","modified_gmt":"2022-05-17T06:29:01","slug":"warunki-sprzedazy","status":"publish","type":"page","link":"https:\/\/www.promis.com.pl\/sklep\/warunki-sprzedazy\/","title":{"rendered":"Warunki sprzeda\u017cy"},"content":{"rendered":"\n\n\n<h1 class=\"wp-block-heading\" id=\"homepage\">Og\u00f3lne warunki sprzeda\u017cy<\/h1>\n\n\n\n<p>1. Og\u00f3lne Warunki Sprzeda\u017cy okre\u015blaj\u0105 zasady zawierania um\u00f3w sprzeda\u017cy towar\u00f3w i\/lub us\u0142ug, w kt\u00f3rych sprzedawc\u0105 jest firma PROMIS E. Pawlak, A. Urba\u0144ski Sp. j. z siedzib\u0105 w: Paw\u0142\u00f3wek, ul. Wsp\u00f3lna 23, 86-014 Sicienko, NIP 554-294-52-60, REGON 366386450 zwana dalej Producentem, a nabywc\u0105 podmiot, kt\u00f3ry dokonuje zakupu w celu zwi\u0105zanym z prowadzon\u0105 dzia\u0142alno\u015bci\u0105 gospodarcz\u0105, zwany dalej Kupuj\u0105cym.<\/p>\n\n\n\n<p>2. Og\u00f3lne Warunki Sprzeda\u017cy stanowi\u0105 integraln\u0105 cz\u0119\u015b\u0107 wszelkich um\u00f3w sprzeda\u017cy zawieranych przez firm\u0119 PROMIS, przy czym w sytuacji, kiedy strony swoje prawa i obowi\u0105zki uzgodni\u0142y w formie odr\u0119bnej pisemnej umowy, w pierwszej kolejno\u015bci obowi\u0105zuj\u0105 &nbsp;postanowienia &nbsp;umowy, &nbsp;a &nbsp;postanowienia &nbsp;niniejszych &nbsp;Og\u00f3lnych Warunk\u00f3w Sprzeda\u017cy &nbsp;jedynie &nbsp;w zakresie &nbsp;nieuregulowanym w umowie.<\/p>\n\n\n\n<p>3. Informacje zamieszczone na stronie internetowej PROMIS, w katalogach, broszurach, ulotkach, reklamach i innych publikacjach, nie stanowi\u0105 oferty w rozumieniu przepis\u00f3w Kodeksu Cywilnego. Publikacje dotycz\u0105ce towar\u00f3w i us\u0142ug oferowanych przez PROMIS maj\u0105 charakter wy\u0142\u0105cznie informacyjny, natomiast udost\u0119pniane wzorce i pr\u00f3bki maj\u0105 charakter pogl\u0105dowy. &nbsp;<\/p>\n\n\n\n<p>4. Warunkiem skutecznego zawarcia umowy sprzeda\u017cy jest wygenerowanie przez PROMIS oferty ostatecznej, a nast\u0119pnie w odpowiedzi na t\u0119 ofert\u0119 z\u0142o\u017cenie przez Kupuj\u0105cego zam\u00f3wienia (za po\u015brednictwem e-maila, faksu lub tradycyjn\u0105 poczt\u0105). Umow\u0119 uwa\u017ca si\u0119 za zawart\u0105 po pisemnym potwierdzeniu przyj\u0119cia zam\u00f3wienia przez Producenta oraz zwrotnej pisemnej akceptacji przez Kupuj\u0105cego warunk\u00f3w ustalonych w przes\u0142anym potwierdzeniu zam\u00f3wienia.<\/p>\n\n\n\n<p>W przypadku jakichkolwiek zmian lub zastrze\u017ce\u0144 w zam\u00f3wieniu wprowadzonych przez &nbsp;Kupuj\u0105cego, umowa zostanie zawarta dopiero w momencie pisemnego potwierdzenia przez Producenta. Brak potwierdzenia zmian jest jednoznaczny z tym, \u017ce umowa sprzeda\u017cy nie zosta\u0142a zawarta.&nbsp;<\/p>\n\n\n\n<p>Nie uznaje si\u0119 za wi\u0105\u017c\u0105ce wszelkich porozumie\u0144, zapewnie\u0144, przyrzecze\u0144 i gwarancji sk\u0142adanych ustnie w zwi\u0105zku ze z\u0142o\u017ceniem oferty lub zawarciem umowy. Wy\u0142\u0105czone zostaj\u0105 wszelkie mo\u017cliwo\u015bci milcz\u0105cego (dorozumianego) zawarcia umowy.&nbsp;<\/p>\n\n\n\n<p>5. Wszystkie towary oferowane przez firm\u0119 PROMIS &nbsp;wykonywane s\u0105 na zam\u00f3wienia i je\u017celi nie zosta\u0142y wykonane wadliwie, nie ma mo\u017cliwo\u015bci ich zwrotu.<\/p>\n\n\n\n<p>6. Zam\u00f3wienie winno zawiera\u0107:<\/p>\n\n\n\n<p>\u2013 przedmiot zam\u00f3wienia, &nbsp;logotypy, pliki graficzne do druku i inne materia\u0142y konieczne do wykonania zam\u00f3wienia<\/p>\n\n\n\n<p>\u2013 dok\u0142adny adres dostawy zam\u00f3wionego towaru i warunki roz\u0142adunku (godziny pracy magazynu, numer telefonu do osoby kontaktowej b\u0119d\u0105cej przy roz\u0142adunku, spos\u00f3b roz\u0142adunku, itp.)<\/p>\n\n\n\n<p>\u2013 pe\u0142ne dane Firmy niezb\u0119dne do wystawienia faktury VAT&nbsp;<\/p>\n\n\n\n<p>\u2013 imi\u0119, nazwisko, numer telefonu, adres poczty elektronicznej osoby wskazanej do kontakt\u00f3w&nbsp;<\/p>\n\n\n\n<p>Przyjmuje si\u0119, \u017ce osoba wskazana do kontakt\u00f3w jest upowa\u017cniona przez Kupuj\u0105cego do sk\u0142adania o\u015bwiadcze\u0144 woli, o\u015bwiadcze\u0144 wiedzy dotycz\u0105cych umowy, dokonywania zmian, rozwi\u0105zania umowy oraz odebrania przedmiotu zam\u00f3wienia.<\/p>\n\n\n\n<p>\u2013 o\u015bwiadczenie o akceptacji Og\u00f3lnych Warunk\u00f3w Sprzeda\u017cy<\/p>\n\n\n\n<p>7. Zam\u00f3wienie kierowane jest do realizacji po dokonaniu przez Kupuj\u0105cego przedp\u0142aty i przes\u0142aniu potwierdzenia jej dokonania.<\/p>\n\n\n\n<p>8. Na \u017cyczenie Kupuj\u0105cego przed zam\u00f3wieniem finalnym Producent mo\u017ce wykona\u0107 prototyp zamawianego produktu \u2013 koszt wyceniany jest indywidualnie.<\/p>\n\n\n\n<p>9. Producent potwierdzi przyj\u0119cie zam\u00f3wienia w terminie nie przekraczaj\u0105cym 24h od wp\u0142ywu zam\u00f3wienia i poinformuje Kupuj\u0105cego o spodziewanym terminie realizacji\u066d. W przypadku, gdy termin realizacji okre\u015blony przez Producenta nie zostanie zaakceptowany przez Kupuj\u0105cego, Kupuj\u0105cy w terminie nie d\u0142u\u017cszym ni\u017c 24h ma prawo do odst\u0105pienia od zam\u00f3wienia.<\/p>\n\n\n\n<p>Odst\u0105pienie przez Kupuj\u0105cego od zam\u00f3wienia na powy\u017cszych zasadach &nbsp;nie stanowi dla Kupuj\u0105cego podstaw do roszcze\u0144 odszkodowawczych wobec Producenta.<\/p>\n\n\n\n<p>Odst\u0105pienie od zam\u00f3wienia b\u0105d\u017a zmiana jakiegokolwiek elementu zam\u00f3wienia nast\u0105pi\u0107 mo\u017ce jedynie w formie pisemnej.<\/p>\n\n\n\n<p>\u066dTermin realizacji podany przez Producenta nie jest r\u00f3wnoznaczny z terminem dostawy do siedziby Kupuj\u0105cego. Jest to termin, w kt\u00f3rym gotowe i zapakowane do transportu produkty zostan\u0105 pozostawione do dyspozycji Kupuj\u0105cego w magazynie Producenta.&nbsp;<\/p>\n\n\n\n<p>10. Producent zastrzega sobie prawo niezrealizowania zam\u00f3wienia b\u0105d\u017a ustalenia nowego terminu realizacji w przypadku nie zrealizowania przez Kupuj\u0105cego w uzgodnionym terminie kt\u00f3rego\u015b z warunk\u00f3w okre\u015blonych w pkt. 6 i 7.<\/p>\n\n\n\n<p>11. W przypadku odst\u0105pienia przez Kupuj\u0105cego od zam\u00f3wienia z przyczyn niezawinionych przez Producenta w terminie innym ni\u017c okre\u015blony w pkt. 8, Kupuj\u0105cy zobowi\u0105zany jest do pokrycia koszt\u00f3w poniesionych w zwi\u0105zku z realizacj\u0105 zam\u00f3wienia.<\/p>\n\n\n\n<p>12. Zamawiaj\u0105cy wyra\u017ca zgod\u0119 na wykorzystywanie produkt\u00f3w wykonanych na jego zlecenie do dzia\u0142alno\u015bci informacyjno \u2013 reklamowej Producenta.<\/p>\n\n\n\n<p>13. Z\u0142o\u017cone zam\u00f3wienie stanowi jednocze\u015bnie o\u015bwiadczenie Kupuj\u0105cego, \u017ce jest uprawniony do korzystania z przekazanych Producentowi logotyp\u00f3w i pozosta\u0142ych materia\u0142\u00f3w jako przedmiot\u00f3w praw autorskich. Tym samym Kupuj\u0105cy upowa\u017cnia Producenta do korzystania z tych logotyp\u00f3w, materia\u0142\u00f3w w zakresie koniecznym do wykonania przedmiotu zam\u00f3wienia oraz celu wskazanego w pkt.11. Kupuj\u0105cy zwolni Producenta z wszelkich roszcze\u0144 i naprawi ka\u017cd\u0105 szkod\u0119, jak\u0105 Producent poniesie w przypadku, gdy Kupuj\u0105cy nie b\u0119dzie uprawniony do korzystania ze wskazanych powy\u017cej przedmiot\u00f3w praw autorskich.<\/p>\n\n\n\n<p>14. W przypadku, gdy Producent nie zrealizuje zam\u00f3wienia w uzgodnionym terminie, Kupuj\u0105cemu przys\u0142ugiwa\u0107 b\u0119dzie rekompensata w wysoko\u015bci 0,15% ceny za ka\u017cdy dzie\u0144 zw\u0142oki.<\/p>\n\n\n\n<p>15. Odpowiedzialno\u015b\u0107 odszkodowawcza Producenta z tytu\u0142u niewykonania zam\u00f3wienia w uzgodnionym terminie ograniczona zostaje do wysoko\u015bci ceny za wykonanie przedmiotu zam\u00f3wienia. Producent nie ponosi odpowiedzialno\u015bci za ewentualne utracone korzy\u015bci lub szkody, kt\u00f3re mog\u0105 by\u0107 nast\u0119pstwem nieterminowego wykonania zam\u00f3wienia.<\/p>\n\n\n\n<p>16. Je\u017celi niemo\u017cno\u015b\u0107 zrealizowania zam\u00f3wienia nast\u0105pi\u0142a wskutek si\u0142y wy\u017cszej, Kupuj\u0105cemu nie przys\u0142uguj\u0105 \u017cadne &nbsp;roszczenia o naprawienie &nbsp;szkody wynik\u0142ej &nbsp;z tytu\u0142u niewykonania &nbsp;lub &nbsp;nieterminowego &nbsp;wykonania &nbsp;umowy. Producent &nbsp;ma obowi\u0105zek niezw\u0142ocznego poinformowania nabywcy o zdarzeniach, kt\u00f3re spowodowa\u0142y niemo\u017cno\u015b\u0107 terminowej realizacji zam\u00f3wienia. Do zdarze\u0144 okre\u015blanych mianem si\u0142y wy\u017cszej zalicza si\u0119 niezawinione przez Producenta i niemo\u017cliwe do przewidzenia pomimo zachowania nale\u017cytej staranno\u015bci: nadzwyczajne awarie, niemo\u017cno\u015b\u0107 uzyskania dostaw energii, surowc\u00f3w, kl\u0119ski \u017cywio\u0142owe, wojny, zamieszki, strajki, utrudnienia wynikaj\u0105ce z rozporz\u0105dze\u0144 w\u0142adz, itd.<\/p>\n\n\n\n<p>17. W &nbsp;przypadku &nbsp;op\u00f3\u017anienia &nbsp;p\u0142atno\u015bci przez Kupuj\u0105cego, realizacja kolejnych dostaw, kt\u00f3rych dat\u0119 realizacji pisemnie potwierdzono, zostaje wstrzymana do czasu uregulowania wszystkich op\u00f3\u017anionych nale\u017cno\u015bci.<\/p>\n\n\n\n<p>DOSTAWA<\/p>\n\n\n\n<p>1. Producent do\u0142o\u017cy wszelkich stara\u0144, aby towar zosta\u0142 w\u0142a\u015bciwie opakowany. Towar dostarczany jest do Kupuj\u0105cego w kartonach zbiorczych lub na drewnianych paletach przemys\u0142owych (na specjalne \u017cyczenie na paletach EURO) zgodnie z pisemnymi ustaleniami.<\/p>\n\n\n\n<p>2. Dostawa jest realizowana po potwierdzonej przedp\u0142acie.<\/p>\n\n\n\n<p>3. Koszty dostawy towaru pokrywa Kupuj\u0105cy.<\/p>\n\n\n\n<p>4. Na zlecenie Kupuj\u0105cego, Producent wysy\u0142a dostaw\u0119 za po\u015brednictwem firmy kurierskiej lub innymi \u015brodkami transportu. Przy odbiorze towar\u00f3w dostarczanych przez firm\u0119 kuriersk\u0105 Kupuj\u0105cy zobowi\u0105zany jest do sprawdzenia zawarto\u015bci przesy\u0142ki, a w przypadku stwierdzenia brak\u00f3w, uszkodze\u0144 do zg\u0142oszenia reklamacji spedytorowi i spisania protoko\u0142u reklamacyjnego, kt\u00f3rego kopi\u0119 nale\u017cy niezw\u0142ocznie przes\u0142a\u0107 Producentowi.<\/p>\n\n\n\n<p>5. Zam\u00f3wienie uwa\u017ca si\u0119 za zrealizowane z chwil\u0105 odbioru towaru z magazynu Producenta lub z chwil\u0105 nadania towaru do przewozu.<\/p>\n\n\n\n<p>6. Zam\u00f3wiony towar winien by\u0107 odebrany przez Kupuj\u0105cego najp\u00f3\u017aniej w ci\u0105gu 5 dni roboczych od daty uzgodnionego terminu realizacji. Po up\u0142ywie tego terminu Producent mo\u017ce obci\u0105\u017cy\u0107 Kupuj\u0105cego kosztami magazynowania.<\/p>\n\n\n\n<p>Je\u017celi op\u00f3\u017anienie odbioru towaru z magazynu Producenta przekracza 30 dni lub je\u015bli Kupuj\u0105cy odmawia przyj\u0119cia towaru, Producent rozpocznie wszelkie dzia\u0142ania prawne maj\u0105ce na celu usankcjonowanie sprzeda\u017cy i wyr\u00f3wnanie powsta\u0142ych z tego tytu\u0142u strat.&nbsp;<\/p>\n\n\n\n<p>Producentowi przys\u0142uguje prawo do utylizacji towaru i obci\u0105\u017cenia Kupuj\u0105cego wszelkimi powsta\u0142ymi z tego tytu\u0142u kosztami.&nbsp;<\/p>\n\n\n\n<p>PRZECHOWYWANIE<\/p>\n\n\n\n<p>Opakowania tekturowe winny by\u0107 przechowywane w suchych, przewiewnych, odizolowanych od obcych zapach\u00f3w pomieszczeniach, w kt\u00f3rych temperatura mie\u015bci si\u0119 w zakresie 18-22\u00b0C, a wilgotno\u015b\u0107 wzgl\u0119dna powietrza ok. &nbsp;45-60%.<\/p>\n\n\n\n<p>Towar nale\u017cy zabezpieczy\u0107 przez opadami (deszcz, skraplanie, przecieki) oraz bezpo\u015brednim promieniowaniem s\u0142onecznym i \u017ar\u00f3d\u0142ami ciep\u0142a.<\/p>\n\n\n\n<p>Podczas otwierania karton\u00f3w i usuwania folii z palet Kupuj\u0105cy powinien ostro\u017cnie u\u017cywa\u0107 ostrych przedmiot\u00f3w (no\u017cy) mog\u0105cych spowodowa\u0107 uszkodzenie towaru.<\/p>\n\n\n\n<p>REKLAMACJE<\/p>\n\n\n\n<p>1. Reklamacje rozpatrywane s\u0105 wy\u0142\u0105cznie w przypadku zg\u0142oszenia Producentowi ich wyst\u0105pienia na pi\u015bmie, niezw\u0142ocznie po otrzymaniu towaru, najp\u00f3\u017aniej w terminie 7 dni od daty dostawy. W zg\u0142oszeniu reklamacyjnym Kupuj\u0105cy powinien zawrze\u0107: nazw\u0119 reklamowanego towaru, zdj\u0119cia, okre\u015blenie ilo\u015bci uszkodzonego towaru, kopi\u0119 dokument\u00f3w dostawy, propozycj\u0119 rozstrzygni\u0119cia reklamacji oraz je\u017celi b\u0119dzie to niezb\u0119dne do rozpatrzenia reklamacji \u2013 dostarczy\u0107 na sw\u00f3j koszt &nbsp;pr\u00f3bki reklamowanego towaru.<\/p>\n\n\n\n<p>2. Producent zobowi\u0105zany jest odpowiedzie\u0107 na reklamacj\u0119 w formie pisemnej w ci\u0105gu 5 dni roboczych od otrzymania reklamowanej partii wyrob\u00f3w.&nbsp;<\/p>\n\n\n\n<p>3. Je\u017celi reklamacja zostanie uznana przez Producenta, jest on zobowi\u0105zany do odebrania wadliwego towaru na sw\u00f3j koszt. Towar ten powinien zosta\u0107 zwr\u00f3cony przez Kupuj\u0105cego w oryginalnych opakowaniach w stanie umo\u017cliwiaj\u0105cym jego transport.<\/p>\n\n\n\n<p>4. Producent zobowi\u0105zuje si\u0119 do uzupe\u0142nienia brak\u00f3w, a w przypadku uzasadnionej reklamacji dotycz\u0105cej jako\u015bci produkt\u00f3w -wed\u0142ug swego wyboru usun\u0105\u0107 zg\u0142oszone wady lub wymieni\u0107 wadliwe egzemplarze na nowe, wolne od wad i dostarczy\u0107 je na sw\u00f3j koszt do siedziby Kupuj\u0105cego w uzgodnionym przez obie strony terminie. Je\u017celi wymiana towaru jest niemo\u017cliwa, np. z powodu niedost\u0119pno\u015bci odpowiedniego surowca, Producent ma prawo odm\u00f3wi\u0107 wymiany towaru i zwr\u00f3ci\u0107 Kupuj\u0105cemu stosown\u0105 cz\u0119\u015b\u0107 ceny.<\/p>\n\n\n\n<p>5. Wady cz\u0119\u015bci przedmiotu zam\u00f3wienia nie uprawniaj\u0105 do sk\u0142adania reklamacji ca\u0142o\u015bci dostawy, a wysoko\u015b\u0107 \u017c\u0105danego odszkodowania nie mo\u017ce przewy\u017csza\u0107 warto\u015bci reklamowanego towaru.<\/p>\n\n\n\n<p>6. Producent nie ponosi odpowiedzialno\u015bci za ewentualne utracone korzy\u015bci lub szkody, kt\u00f3re mog\u0105 by\u0107 nast\u0119pstwem nienale\u017cytego wykonania zam\u00f3wienia.<\/p>\n\n\n\n<p>7. Producent nie uwzgl\u0119dnia reklamacji:<\/p>\n\n\n\n<p>\u2013 dotycz\u0105cych towaru z nadrukiem wykonanym poza firm\u0105 Producenta&nbsp;<\/p>\n\n\n\n<p>\u2013 dotycz\u0105cych towaru uszkodzonego w czasie transportu lub w zwi\u0105zku z op\u00f3\u017anieniem w dostawie towaru przez firm\u0119 kuriersk\u0105<\/p>\n\n\n\n<p>\u2013 dotycz\u0105cych szk\u00f3d powsta\u0142ych w czasie roz\u0142adunku, &nbsp;wadliwego sk\u0142adowania towar\u00f3w oraz spowodowanych niew\u0142a\u015bciwym u\u017cytkowaniem towar\u00f3w przez Kupuj\u0105cego<\/p>\n\n\n\n<p>\u2013 w sytuacji, &nbsp;gdy Kupuj\u0105cy dokona\u0142 zmian w towarze lub napraw\u0119 towaru bez pisemnej zgody Producenta<\/p>\n\n\n\n<p>8. Wszcz\u0119cie post\u0119powania reklamacyjnego nie zwalnia Kupuj\u0105cego z obowi\u0105zku zap\u0142aty ceny za wydany towar.<\/p>\n\n\n\n<p>9. Z uwagi na cz\u0119\u015bciowo r\u0119kodzielniczy charakter produkcji, Producent zastrzega sobie mo\u017cliwo\u015b\u0107 niewielkich odst\u0119pstw w wygl\u0105dzie poszczeg\u00f3lnych egzemplarzy wyrob\u00f3w.<\/p>\n\n\n\n<p>10. Z uwagi na brak gwarancji zachowania jednorodno\u015bci koloru w &nbsp;kolejnych dostawach ze strony producent\u00f3w papier\u00f3w ozdobnych, tektur, wst\u0105\u017cek, &nbsp;itp., Producent zastrzega sobie mo\u017cliwo\u015b\u0107 niewielkich odst\u0119pstw w kolorystyce stosowanych do produkcji materia\u0142\u00f3w.<\/p>\n\n\n\n<p>OCHRONA PRAW AUTORSKICH<\/p>\n\n\n\n<p>Wszystkie zdj\u0119cia produkt\u00f3w zamieszczone na stronie www.promis.com.pl &nbsp;stanowi\u0105 w\u0142asno\u015b\u0107 firmy PROMIS oraz podlegaj\u0105 ochronie praw autorskich. Wykorzystywanie zdj\u0119\u0107 w celach innych ni\u017c zakup, odsprzeda\u017c, prezentacja oferty na potrzeby sk\u0142adanych zam\u00f3wie\u0144, a szczeg\u00f3lnie kopiowanie, przetwarzanie i rozpowszechnianie nie mo\u017ce si\u0119 odby\u0107 bez uprzedniej wyra\u017anej naszej zgody pod rygorem odpowiedzialno\u015bci przewidzianej w przepisach prawa.&nbsp;<\/p>\n\n\n\n<p>Wszelkie znaki towarowe, znaki graficzne, nazwy w\u0142asne, logotypy i inne dane uwidocznione na zdj\u0119ciach nale\u017c\u0105 do ich w\u0142a\u015bcicieli i s\u0105 chronione prawami autorskimi.<\/p>\n","protected":false},"excerpt":{"rendered":"<p>Og\u00f3lne warunki sprzeda\u017cy 1. Og\u00f3lne Warunki Sprzeda\u017cy okre\u015blaj\u0105 zasady zawierania um\u00f3w sprzeda\u017cy towar\u00f3w i\/lub us\u0142ug, w kt\u00f3rych sprzedawc\u0105 jest firma PROMIS E. Pawlak, A. Urba\u0144ski Sp. j. z siedzib\u0105 w: Paw\u0142\u00f3wek, ul. Wsp\u00f3lna 23, 86-014 Sicienko, NIP 554-294-52-60, REGON 366386450 zwana dalej Producentem, a nabywc\u0105 podmiot, kt\u00f3ry dokonuje zakupu w celu zwi\u0105zanym z prowadzon\u0105 dzia\u0142alno\u015bci\u0105 [&#8230;]\n","protected":false},"author":1,"featured_media":0,"parent":0,"menu_order":0,"comment_status":"closed","ping_status":"closed","template":"","meta":{"_seopress_robots_primary_cat":"","footnotes":""},"acf":[],"_links":{"self":[{"href":"https:\/\/www.promis.com.pl\/sklep\/wp-json\/wp\/v2\/pages\/2904"}],"collection":[{"href":"https:\/\/www.promis.com.pl\/sklep\/wp-json\/wp\/v2\/pages"}],"about":[{"href":"https:\/\/www.promis.com.pl\/sklep\/wp-json\/wp\/v2\/types\/page"}],"author":[{"embeddable":true,"href":"https:\/\/www.promis.com.pl\/sklep\/wp-json\/wp\/v2\/users\/1"}],"replies":[{"embeddable":true,"href":"https:\/\/www.promis.com.pl\/sklep\/wp-json\/wp\/v2\/comments?post=2904"}],"version-history":[{"count":1,"href":"https:\/\/www.promis.com.pl\/sklep\/wp-json\/wp\/v2\/pages\/2904\/revisions"}],"predecessor-version":[{"id":2905,"href":"https:\/\/www.promis.com.pl\/sklep\/wp-json\/wp\/v2\/pages\/2904\/revisions\/2905"}],"wp:attachment":[{"href":"https:\/\/www.promis.com.pl\/sklep\/wp-json\/wp\/v2\/media?parent=2904"}],"curies":[{"name":"wp","href":"https:\/\/api.w.org\/{rel}","templated":true}]}}