{"id":2898,"date":"2022-05-17T06:11:03","date_gmt":"2022-05-17T06:11:03","guid":{"rendered":"https:\/\/www.promis.com.pl\/sklep\/?page_id=2898"},"modified":"2022-05-17T06:35:50","modified_gmt":"2022-05-17T06:35:50","slug":"klauzula-informacyjna","status":"publish","type":"page","link":"https:\/\/www.promis.com.pl\/sklep\/klauzula-informacyjna\/","title":{"rendered":"Klauzula informacyjna"},"content":{"rendered":"\n\n\n<p>Zgodnie z art. 13 ust. 1 i ust. 2 Rozporz\u0105dzenia Parlamentu Europejskiego i Rady (UE) 2016\/679 z dnia 27 kwietnia 2016 r. w sprawie ochrony os\u00f3b fizycznych w zwi\u0105zku z przetwarzaniem danych osobowych i w sprawie swobodnego przep\u0142ywu takich danych oraz uchylenia dyrektywy 95\/46\/WE (og\u00f3lne rozporz\u0105dzenie o ochronie danych) zwanego dalej og\u00f3lnym rozporz\u0105dzeniem o ochronie danych osobowych (RODO) informujemy, i\u017c:<\/p>\n\n\n\n<p>1.\/ Administratorem Pa\u0144stwa danych osobowych jest firma PROMIS E. Pawlak A. Urba\u0144ski, z siedzib\u0105 w Paw\u0142\u00f3wku, ul. Wsp\u00f3lna 23, 86-014 Sicienko, wpisana do KRS pod numerem 0000659764, NIP 5542945260, e-mail:&nbsp;<a href=\"mailto:info@promis.com.pl\">info@promis.com.pl<\/a>, tel. +48 52 551 96 45.<\/p>\n\n\n\n<p>2.\/&nbsp;Podanie danych osobowych ma charakter dobrowolny, lecz jest niezb\u0119dne do&nbsp;udzielenia odpowiedzi na zapytania oraz&nbsp;zawarcia i realizacji umowy.&nbsp;Niepodanie danych w zakresie wymaganym przez PROMIS mo\u017ce skutkowa\u0107 niemo\u017cliwo\u015bci\u0105 zawarcia umowy lub jej niewykonaniem.<\/p>\n\n\n\n<p>3.\/ Dane osobowe uzyskane przed zawarciem umowy oraz w trakcie jej trwania wykorzystywane s\u0105 w nast\u0119puj\u0105cych celach:<\/p>\n\n\n\n<p>&#8211;&nbsp;Zawarcia, wykonania i kontynuacji um\u00f3w kupna\/sprzeda\u017cy towar\u00f3w i us\u0142ug oferowanych przez PROMIS;<\/p>\n\n\n\n<p>&#8211;&nbsp;&nbsp;Rozpatrywania skarg i reklamacji;<\/p>\n\n\n\n<p>&#8211; Dochodzenia roszcze\u0144 zwi\u0105zanych z zawart\u0105 umow\u0105 do czasu&nbsp;&nbsp;prawomocnego zako\u0144czenia post\u0119powania;<\/p>\n\n\n\n<p>&#8211; Wykonania ci\u0105\u017c\u0105cych na PROMIS obowi\u0105zk\u00f3w prawnych, a w szczeg\u00f3lno\u015bci wystawiania i przechowywania faktur\/dokument\u00f3w sprzeda\u017cy i innych dokument\u00f3w rozliczeniowych;<\/p>\n\n\n\n<p>&#8211; Weryfikacji wiarygodno\u015bci p\u0142atniczej przez okres niezb\u0119dny do dokonania takiej oceny przy zawarciu, przed\u0142u\u017ceniu i rozszerzeniu zakresu aktualnej lub kolejnej umowy;<\/p>\n\n\n\n<p>&#8211;&nbsp;&nbsp;Tworzenia zestawie\u0144, analiz i statystyk na potrzeby wewn\u0119trzne PROMIS (raportowanie, planowanie rozwoju dzia\u0142alno\u015bci, itp.);<\/p>\n\n\n\n<p>&#8211; Prawnie uzasadniony interes PROMIS (marketing bezpo\u015bredni swoich produkt\u00f3w i us\u0142ug lub wykonanie umowy zawartej z PROMIS na Pa\u0144stwa rzecz jako osoby trzeciej, gdy stron\u0105 umowy jest inny podmiot);<\/p>\n\n\n\n<p>&#8211;&nbsp;&nbsp;Szeroko poj\u0119tej wsp\u00f3\u0142pracy handlowej, na podstawie art. 6 ust. 1 lit. a, b, c, d, e, f lub art. 9 ust. 1 oraz ust. 2 lit. a, b, c, d, h, i, j og\u00f3lnego rozporz\u0105dzenia o ochronie danych osobowych z dnia 27 kwietnia 2016 r.<\/p>\n\n\n\n<p>4.\/ Dane osobowe mog\u0105 by\u0107 przekazywane innym podmiotom przetwarzaj\u0105cym dane na zlecenie PROMIS: podmiotom zajmuj\u0105cym si\u0119 obs\u0142ug\u0105 ksi\u0119gow\u0105 i prawn\u0105, firmom \u015bwiadcz\u0105cym us\u0142ugi kurierskie \/ transportowe, pocztowe oraz podwykonawcom zewn\u0119trznym w zakresie niezb\u0119dnym dla prawid\u0142owej realizacji umowy. W takich przypadkach zawierana jest z tymi podmiotami umowa zapewniaj\u0105ca bezpiecze\u0144stwo Pa\u0144stwa danych.<\/p>\n\n\n\n<p>5.\/ Pa\u0144stwa dane osobowe nie b\u0119d\u0105 przekazywane do pa\u0144stw trzecich, ani do organizacji mi\u0119dzynarodowych.<\/p>\n\n\n\n<p>6.\/ Przy przetwarzaniu danych osobowych, PROMIS nie korzysta z profilowania ani \u017cadnego innego sposobu zautomatyzowanego przetwarzania danych.<\/p>\n\n\n\n<p>7.\/ Maj\u0105 Pa\u0144stwo prawo dost\u0119pu do swoich danych osobowych, ich sprostowania, usuni\u0119cia lub ograniczenia przetwarzania, prawo wniesienia sprzeciwu, prawo do cofni\u0119cia zgody w dowolnym momencie. Cofni\u0119cie zgody nie dzia\u0142a wstecz, czyli nie wp\u0142ywa na zgodno\u015b\u0107 z prawem przetwarzania Pa\u0144stwa danych przed jego dokonaniem, tzn. do momentu cofni\u0119cia zgody przetwarzanie Pa\u0144stwa danych przez PROMIS jest legalne.<\/p>\n\n\n\n<p>9.\/&nbsp;Je\u017celi uznacie Pa\u0144stwo, \u017ce przetwarzanie przez nas danych osobowych narusza przepisy og\u00f3lnego rozporz\u0105dzenia o ochronie danych osobowych z dnia 27 kwietnia 2016 r.&nbsp;maj\u0105 Pa\u0144stwo prawo&nbsp;wniesienia skargi do organu nadzorczego.<\/p>\n\n\n\n<p>10.\/ Pa\u0144stwa dane osobowe b\u0119d\u0105 przechowywane na podstawie przepis\u00f3w prawa, przez okres niezb\u0119dny do realizacji cel\u00f3w przetwarzania, lecz nie kr\u00f3cej ni\u017c okres wskazany w przepisach dotycz\u0105cych ich archiwizacji.<\/p>\n\n\n\n<p>Jednocze\u015bnie informujemy, \u017ce przy braku Pa\u0144stwa sprzeciwu firma PROMIS b\u0119dzie stale przechowywa\u0107 Pa\u0144stwa dane osobowe (imi\u0119 i nazwisko, adres e-mail, numer telefonu kontaktowego)&nbsp;i korzysta\u0107 z nich w celu utrzymania relacji biznesowych i wysy\u0142ania ofert na zasadach nawi\u0105zuj\u0105cych do dotychczasowej wsp\u00f3\u0142pracy.&nbsp;&nbsp;W przypadku sprzeciwu przetwarzania danych i tym samym zaprzestania ich przetwarzania prosimy o przes\u0142anie takiej informacji na adres: info@promis.com.pl.&nbsp;&nbsp;<\/p>\n","protected":false},"excerpt":{"rendered":"<p>Zgodnie z art. 13 ust. 1 i ust. 2 Rozporz\u0105dzenia Parlamentu Europejskiego i Rady (UE) 2016\/679 z dnia 27 kwietnia 2016 r. w sprawie ochrony os\u00f3b fizycznych w zwi\u0105zku z przetwarzaniem danych osobowych i w sprawie swobodnego przep\u0142ywu takich danych oraz uchylenia dyrektywy 95\/46\/WE (og\u00f3lne rozporz\u0105dzenie o ochronie danych) zwanego dalej og\u00f3lnym rozporz\u0105dzeniem o ochronie [&#8230;]\n","protected":false},"author":1,"featured_media":0,"parent":0,"menu_order":0,"comment_status":"closed","ping_status":"closed","template":"","meta":{"_seopress_robots_primary_cat":"","footnotes":""},"acf":[],"_links":{"self":[{"href":"https:\/\/www.promis.com.pl\/sklep\/wp-json\/wp\/v2\/pages\/2898"}],"collection":[{"href":"https:\/\/www.promis.com.pl\/sklep\/wp-json\/wp\/v2\/pages"}],"about":[{"href":"https:\/\/www.promis.com.pl\/sklep\/wp-json\/wp\/v2\/types\/page"}],"author":[{"embeddable":true,"href":"https:\/\/www.promis.com.pl\/sklep\/wp-json\/wp\/v2\/users\/1"}],"replies":[{"embeddable":true,"href":"https:\/\/www.promis.com.pl\/sklep\/wp-json\/wp\/v2\/comments?post=2898"}],"version-history":[{"count":2,"href":"https:\/\/www.promis.com.pl\/sklep\/wp-json\/wp\/v2\/pages\/2898\/revisions"}],"predecessor-version":[{"id":2900,"href":"https:\/\/www.promis.com.pl\/sklep\/wp-json\/wp\/v2\/pages\/2898\/revisions\/2900"}],"wp:attachment":[{"href":"https:\/\/www.promis.com.pl\/sklep\/wp-json\/wp\/v2\/media?parent=2898"}],"curies":[{"name":"wp","href":"https:\/\/api.w.org\/{rel}","templated":true}]}}