{"id":2888,"date":"2022-05-16T07:27:51","date_gmt":"2022-05-16T07:27:51","guid":{"rendered":"https:\/\/www.promis.com.pl\/sklep\/?page_id=2888"},"modified":"2022-05-17T06:32:25","modified_gmt":"2022-05-17T06:32:25","slug":"polityka-prywatnosci","status":"publish","type":"page","link":"https:\/\/www.promis.com.pl\/sklep\/polityka-prywatnosci\/","title":{"rendered":"Polityka prywatno\u015bci"},"content":{"rendered":"\n\n\n<p><strong>Polityki prywatno\u015bci Sklepu Internetowego www.promis.com.pl<\/strong><\/p>\n\n\n\n<p>Polityka prywatno\u015bci serwisu<strong>&nbsp;www.promis.com.pl<\/strong><\/p>\n\n\n\n<ol><li>Informacje og\u00f3lne<\/li><\/ol>\n\n\n\n<p>Niniejsza Polityka Prywatno\u015bci okre\u015bla zasady przetwarzania i ochrony danych osobowych przekazanych przez U\u017cytkownik\u00f3w w zwi\u0105zku z korzystaniem przez nich us\u0142ug kupna poprzez Sklep Internetowy www.pbmarket.pl<\/p>\n\n\n\n<ol start=\"2\"><li>Administratorem danych osobowych zawartych w serwisie jest\u00a0<strong>E. Pawlak, A. Urba\u0144ski z siedzib\u0105 w 86-014 Sicienko, ul. Wsp\u00f3lna 23, NIP 5542945260, REGON 366386450<\/strong>. W trosce o bezpiecze\u0144stwo powierzonych nam danych opracowali\u015bmy wewn\u0119trzne procedury i zalecenia, kt\u00f3re maj\u0105 zapobiec udost\u0119pnieniu danych osobom nieupowa\u017cnionym. Kontrolujemy ich wykonywanie i stale sprawdzamy ich zgodno\u015b\u0107 z odpowiednimi aktami prawnymi \u2013 ustaw\u0105 o ochronie danych osobowych, ustaw\u0105 o \u015bwiadczeniu us\u0142ug drog\u0105 elektroniczn\u0105, a tak\u017ce wszelkiego rodzaju aktach wykonawczych i aktach prawa wsp\u00f3lnotowego.<\/li><li>Podstawa przetwarzania danych osobowych:<\/li><\/ol>\n\n\n\n<ul><li>Umowa sprzeda\u017cy zawarta za po\u015brednictwem sklepu internetowego www.promis.com.pl (art. 6 ust. 1 lit. b RODO)<\/li><li>Obowi\u0105zek zwi\u0105zany z rachunkowo\u015bci\u0105 (art. 6 ust. 1 lit. c RODO)<\/li><li>Twoja zgoda wyra\u017cona w Sklepie (art. 6 ust. 1 lit. a RODO)<\/li><li>Nasz prawnie uzasadniony interes, polegaj\u0105cy na przetwarzaniu danych w celu ustalenia, dochodzenia lub obrony ewentualnych roszcze\u0144 (art. 6 ust. 1 lit. f RODO)<\/li><li>Nasz prawnie uzasadniony interes, polegaj\u0105cy na prowadzeniu marketingu bezpo\u015bredniego (art. 6 ust. 1 lit. f RODO)<\/li><li>Nasz prawnie uzasadniony interes polegaj\u0105cy na przetwarzaniu danych w celach analitycznych i statystycznych&nbsp;(art. 6 ust. 1 lit. f RODO)<\/li><li>Nasz prawnie uzasadniony interes polegaj\u0105cy na&nbsp;badaniu satysfakcji klient\u00f3w (art. 6 ust. 1 lit. f RODO)<\/li><\/ul>\n\n\n\n<ol start=\"5\"><li>Dane Osobowe przetwarzane s\u0105 na podstawie zgody wyra\u017canej przez U\u017cytkownika oraz w przypadkach, w kt\u00f3rych przepisy prawa upowa\u017cniaj\u0105 Administratora do przetwarzania danych osobowych na podstawie przepis\u00f3w prawa lub w celu realizacji zawartej pomi\u0119dzy stronami umowy.<\/li><li>Serwis realizuje funkcje pozyskiwania informacji o u\u017cytkownikach i ich zachowaniach w nast\u0119puj\u0105cy spos\u00f3b:<\/li><\/ol>\n\n\n\n<ul><li>poprzez dobrowolnie wprowadzone w formularzach informacje<\/li><li>poprzez gromadzenie plik\u00f3w \u201ccookies\u201d [patrz polityka plik\u00f3w \u201ccookies\u201d].<\/li><\/ul>\n\n\n\n<ol start=\"7\"><li>Serwis zbiera informacje dobrowolnie podane przez u\u017cytkownika.<\/li><li>Dane podane w formularzu s\u0105 przetwarzane w celu wynikaj\u0105cym z ch\u0119ci zakupu klienta wystawionych przedmiot\u00f3w w ramach serwisu www.pbmarket.pl.<\/li><li>Dane osobowe pozostawione w serwisie nie zostan\u0105 sprzedane ani udost\u0119pnione osobom trzecim, zgodnie z przepisami Ustawy o ochronie danych osobowych.<\/li><li>Do danych zawartych w formularzu przys\u0142uguje wgl\u0105d osobie fizycznej, kt\u00f3ra je tam umie\u015bci\u0142a. Osoba ta ma r\u00f3wnie\u017c praw do modyfikacji i zaprzestania przetwarzania swoich danych w dowolnym momencie.<\/li><li>Zastrzegamy sobie prawo do zmiany w polityce ochrony prywatno\u015bci serwisu, na kt\u00f3re mo\u017ce wp\u0142yn\u0105\u0107 rozw\u00f3j technologii internetowej, ewentualne zmiany prawa w zakresie ochrony danych osobowych oraz rozw\u00f3j naszego serwisu internetowego. O wszelkich zmianach b\u0119dziemy informowa\u0107 w spos\u00f3b widoczny i zrozumia\u0142y.<\/li><li>Korzystamy z us\u0142ug podmiot\u00f3w zewn\u0119trznych, po\u015brednicz\u0105cych bezpo\u015brednio przy sprzeda\u017cy. S\u0105 to mi\u0119dzy innymi:<\/li><\/ol>\n\n\n\n<ul><li>firmy realizuj\u0105ce dostaw\u0119 towar\u00f3w,<\/li><li>dostawca p\u0142atno\u015bci,<\/li><li>hurtownie,<\/li><li>sklepy internetowe,<\/li><li>osoby wsp\u00f3\u0142pracuj\u0105ce z nasz\u0105 dzia\u0142alno\u015bcia,<\/li><li>systemy mailingowe oraz us\u0142ugi marketingowe,<\/li><li>systemy statystyczne,<\/li><li>organy publiczne w zakresie, w jakim administrator jest zobowi\u0105zany do udost\u0119pniania danych.<\/li><\/ul>\n\n\n\n<ol start=\"13\"><li>W Serwisie mog\u0105 pojawia\u0107 si\u0119 linki do innych stron internetowych. Takie strony internetowe dzia\u0142aj\u0105 niezale\u017cnie od Serwisu i nie s\u0105 w \u017caden spos\u00f3b nadzorowane przez serwis www.pbmarket.pl. Strony te mog\u0105 posiada\u0107 w\u0142asne polityki dotycz\u0105ce prywatno\u015bci oraz regulaminy, z kt\u00f3rymi zalecamy si\u0119 zapozna\u0107.<\/li><li>W ramach sklepu mo\u017cemy automatycznie dopasowywa\u0107 pewne tre\u015bci zwi\u0105zane z twoimi potrzebami, tj. wykonywa\u0107 profilowanie, wykorzystuj\u0105c do tego podane przez Ciebie dane osobowe. Profilowanie nie ma na celu wywo\u0142ania niepo\u017c\u0105danych skutk\u00f3w prawnych, jest przedstawieniem oferty poprzez wy\u015bwietlenie si\u0119 dopasowanych tre\u015bci.<\/li><\/ol>\n","protected":false},"excerpt":{"rendered":"<p>Polityki prywatno\u015bci Sklepu Internetowego www.promis.com.pl Polityka prywatno\u015bci serwisu&nbsp;www.promis.com.pl Informacje og\u00f3lne Niniejsza Polityka Prywatno\u015bci okre\u015bla zasady przetwarzania i ochrony danych osobowych przekazanych przez U\u017cytkownik\u00f3w w zwi\u0105zku z korzystaniem przez nich us\u0142ug kupna poprzez Sklep Internetowy www.pbmarket.pl Administratorem danych osobowych zawartych w serwisie jest\u00a0E. Pawlak, A. Urba\u0144ski z siedzib\u0105 w 86-014 Sicienko, ul. Wsp\u00f3lna 23, NIP 5542945260, [&#8230;]\n","protected":false},"author":1,"featured_media":0,"parent":0,"menu_order":0,"comment_status":"closed","ping_status":"closed","template":"","meta":{"_seopress_robots_primary_cat":"","footnotes":""},"acf":[],"_links":{"self":[{"href":"https:\/\/www.promis.com.pl\/sklep\/wp-json\/wp\/v2\/pages\/2888"}],"collection":[{"href":"https:\/\/www.promis.com.pl\/sklep\/wp-json\/wp\/v2\/pages"}],"about":[{"href":"https:\/\/www.promis.com.pl\/sklep\/wp-json\/wp\/v2\/types\/page"}],"author":[{"embeddable":true,"href":"https:\/\/www.promis.com.pl\/sklep\/wp-json\/wp\/v2\/users\/1"}],"replies":[{"embeddable":true,"href":"https:\/\/www.promis.com.pl\/sklep\/wp-json\/wp\/v2\/comments?post=2888"}],"version-history":[{"count":3,"href":"https:\/\/www.promis.com.pl\/sklep\/wp-json\/wp\/v2\/pages\/2888\/revisions"}],"predecessor-version":[{"id":2907,"href":"https:\/\/www.promis.com.pl\/sklep\/wp-json\/wp\/v2\/pages\/2888\/revisions\/2907"}],"wp:attachment":[{"href":"https:\/\/www.promis.com.pl\/sklep\/wp-json\/wp\/v2\/media?parent=2888"}],"curies":[{"name":"wp","href":"https:\/\/api.w.org\/{rel}","templated":true}]}}